{"id":1287,"date":"2019-05-05T13:10:06","date_gmt":"2019-05-05T11:10:06","guid":{"rendered":"http:\/\/casamanyaextrem.com\/?page_id=1287"},"modified":"2025-06-08T19:01:34","modified_gmt":"2025-06-08T17:01:34","slug":"casamanya-extrem-resultats-2","status":"publish","type":"page","link":"https:\/\/casamanyaextrem.com\/?page_id=1287","title":{"rendered":"Casamanya Extrem Resultats"},"content":{"rendered":"\n\n\t<hr \/>\n<p><strong>CASAMANYA EXTREM VERTICAL RACE 2025<\/strong><\/p>\n<ul>\n<li><a href=\"https:\/\/www.9hsports.cat\/ca\/resultat_cursa\/2353\" target=\"_blank\" rel=\"noopener\">EXTREM<\/a><\/li>\n<li><a href=\"https:\/\/www.9hsports.cat\/ca\/resultat_cursa\/2354\" target=\"_blank\" rel=\"noopener\">CLASSIC<\/a><\/li>\n<li><a href=\"https:\/\/www.9hsports.cat\/ca\/resultat_cursa\/2355\" target=\"_blank\" rel=\"noopener\">MINI<\/a><\/li>\n<\/ul>\n<p><a href=\"https:\/\/casamanyaextrem.com\/?attachment_id=6345\" rel=\"attachment wp-att-6345\"><img loading=\"lazy\" decoding=\"async\" src=\"https:\/\/casamanyaextrem.com\/wp-content\/uploads\/2024\/05\/9hsports.jpg\" alt=\"\" width=\"800\" height=\"893\" \/><\/a><\/p>\n<p>\u00a0<a href=\"https:\/\/www.9hsports.cat\/\" target=\"_blank\" rel=\"attachment noopener wp-att-6340\"><img loading=\"lazy\" decoding=\"async\" src=\"https:\/\/casamanyaextrem.com\/wp-content\/uploads\/2024\/05\/logos-9hSports-trans-1.jpg\" alt=\"\" width=\"336\" height=\"74\" \/><\/a><\/p>\n<hr \/>\n<p><strong>Casamanya Extrem Vertical Race 2024<\/strong><\/p>\n<ul>\n<li><a href=\"https:\/\/www.9hsports.cat\/ca\/resultat_cursa\/1679\" target=\"_blank\" rel=\"noopener\">EXTREM<\/a><\/li>\n<li><a href=\"https:\/\/www.9hsports.cat\/ca\/resultat_cursa\/1680\" target=\"_blank\" rel=\"noopener\">CLASSIC<\/a><\/li>\n<li><a href=\"https:\/\/www.9hsports.cat\/ca\/resultat_cursa\/1681\" target=\"_blank\" rel=\"noopener\">MINI<\/a><\/li>\n<\/ul>\n<hr \/>\n<p><strong>Casamanya Extrem Vertical Race 2023<\/strong><\/p>\n<ul>\n<li><a href=\"https:\/\/casamanyaextrem.com\/wp-content\/uploads\/2023\/06\/2023-EXTREM.pdf\" target=\"_blank\" rel=\"noopener\">EXTREM<\/a><\/li>\n<li><a href=\"https:\/\/casamanyaextrem.com\/wp-content\/uploads\/2023\/06\/2023-CLASSIC.pdf\" target=\"_blank\" rel=\"noopener\">CLASSIC<\/a><\/li>\n<li><a href=\"https:\/\/casamanyaextrem.com\/wp-content\/uploads\/2023\/06\/2023-MINI.pdf\" target=\"_blank\" rel=\"noopener\">MINI<\/a><\/li>\n<\/ul>\n<hr \/>\n<p><strong>Casamanya Extrem Vertical Race 2022<\/strong><\/p>\n<ul>\n<li><a href=\"http:\/\/casamanyaextrem.com\/wp-content\/uploads\/2022\/06\/Class.-CasamanyaScratx.pdf\" target=\"_blank\" rel=\"noopener\"><strong>Classificaci\u00f3 Scratx per Recorreguts<\/strong><\/a><\/li>\n<li><a href=\"http:\/\/casamanyaextrem.com\/wp-content\/uploads\/2022\/06\/Class.Casamanya-Cat.pdf\" target=\"_blank\" rel=\"noopener\"><strong>Classificaci\u00f3 per categories<\/strong><\/a><\/li>\n<\/ul>\n<hr \/>\n<p><strong>Resultats d&#8217;edicions anteriors a:<\/strong><\/p>\n<ul>\n<li><a href=\"https:\/\/www.fam.ad\/index.php\/copa-dandorra-de-curses-muntanya-2022\/\" target=\"_blank\" rel=\"noopener\">Federaci\u00f3 Andorrana de Muntanya<\/a>, secci\u00f3 Edicions Anteriors<\/li>\n<li><a href=\"https:\/\/smartchrono.com\/sc2\/php\/resultados.php?cid=182\" target=\"_blank\" rel=\"noopener\">Smartchrono<\/a><\/li>\n<\/ul>\n<p><a href=\"http:\/\/casamanyaextrem.com\/wp-content\/uploads\/2022\/03\/fam.png\"><img loading=\"lazy\" decoding=\"async\" src=\"http:\/\/casamanyaextrem.com\/wp-content\/uploads\/2022\/03\/fam.png\" alt=\"FAM\" width=\"90\" height=\"90\" \/><\/a><\/p>\n\n","protected":false},"excerpt":{"rendered":"<p>CASAMANYA EXTREM VERTICAL RACE 2025 EXTREM CLASSIC MINI \u00a0 Casamanya Extrem Vertical Race 2024 EXTREM CLASSIC MINI Casamanya Extrem Vertical Race 2023 EXTREM CLASSIC MINI Casamanya Extrem Vertical Race 2022 Classificaci\u00f3 Scratx per Recorreguts Classificaci\u00f3 per categories Resultats d&#8217;edicions anteriors a: Federaci\u00f3 Andorrana de Muntanya, secci\u00f3 Edicions Anteriors Smartchrono<\/p>\n","protected":false},"author":1,"featured_media":0,"parent":0,"menu_order":0,"comment_status":"closed","ping_status":"closed","template":"","meta":{"site-sidebar-layout":"default","site-content-layout":"default","ast-site-content-layout":"default","site-content-style":"default","site-sidebar-style":"default","ast-global-header-display":"","ast-banner-title-visibility":"","ast-main-header-display":"","ast-hfb-above-header-display":"","ast-hfb-below-header-display":"","ast-hfb-mobile-header-display":"","site-post-title":"","ast-breadcrumbs-content":"","ast-featured-img":"","footer-sml-layout":"","ast-disable-related-posts":"","theme-transparent-header-meta":"default","adv-header-id-meta":"","stick-header-meta":"","header-above-stick-meta":"","header-main-stick-meta":"","header-below-stick-meta":"","astra-migrate-meta-layouts":"default","ast-page-background-enabled":"default","ast-page-background-meta":{"desktop":{"background-color":"","background-image":"","background-repeat":"repeat","background-position":"center center","background-size":"auto","background-attachment":"scroll","background-type":"","background-media":"","overlay-type":"","overlay-color":"","overlay-opacity":"","overlay-gradient":""},"tablet":{"background-color":"","background-image":"","background-repeat":"repeat","background-position":"center center","background-size":"auto","background-attachment":"scroll","background-type":"","background-media":"","overlay-type":"","overlay-color":"","overlay-opacity":"","overlay-gradient":""},"mobile":{"background-color":"","background-image":"","background-repeat":"repeat","background-position":"center center","background-size":"auto","background-attachment":"scroll","background-type":"","background-media":"","overlay-type":"","overlay-color":"","overlay-opacity":"","overlay-gradient":""}},"ast-content-background-meta":{"desktop":{"background-color":"var(--ast-global-color-5)","background-image":"","background-repeat":"repeat","background-position":"center center","background-size":"auto","background-attachment":"scroll","background-type":"","background-media":"","overlay-type":"","overlay-color":"","overlay-opacity":"","overlay-gradient":""},"tablet":{"background-color":"var(--ast-global-color-5)","background-image":"","background-repeat":"repeat","background-position":"center center","background-size":"auto","background-attachment":"scroll","background-type":"","background-media":"","overlay-type":"","overlay-color":"","overlay-opacity":"","overlay-gradient":""},"mobile":{"background-color":"var(--ast-global-color-5)","background-image":"","background-repeat":"repeat","background-position":"center center","background-size":"auto","background-attachment":"scroll","background-type":"","background-media":"","overlay-type":"","overlay-color":"","overlay-opacity":"","overlay-gradient":""}},"footnotes":""},"class_list":["post-1287","page","type-page","status-publish","hentry"],"lang":"ca","translations":{"es":2904,"ca":1287,"en":3068,"fr":4581},"pll_sync_post":[],"_links":{"self":[{"href":"https:\/\/casamanyaextrem.com\/index.php?rest_route=\/wp\/v2\/pages\/1287","targetHints":{"allow":["GET"]}}],"collection":[{"href":"https:\/\/casamanyaextrem.com\/index.php?rest_route=\/wp\/v2\/pages"}],"about":[{"href":"https:\/\/casamanyaextrem.com\/index.php?rest_route=\/wp\/v2\/types\/page"}],"author":[{"embeddable":true,"href":"https:\/\/casamanyaextrem.com\/index.php?rest_route=\/wp\/v2\/users\/1"}],"replies":[{"embeddable":true,"href":"https:\/\/casamanyaextrem.com\/index.php?rest_route=%2Fwp%2Fv2%2Fcomments&post=1287"}],"version-history":[{"count":49,"href":"https:\/\/casamanyaextrem.com\/index.php?rest_route=\/wp\/v2\/pages\/1287\/revisions"}],"predecessor-version":[{"id":7753,"href":"https:\/\/casamanyaextrem.com\/index.php?rest_route=\/wp\/v2\/pages\/1287\/revisions\/7753"}],"wp:attachment":[{"href":"https:\/\/casamanyaextrem.com\/index.php?rest_route=%2Fwp%2Fv2%2Fmedia&parent=1287"}],"curies":[{"name":"wp","href":"https:\/\/api.w.org\/{rel}","templated":true}]}}