{"id":1990,"date":"2020-07-24T17:25:23","date_gmt":"2020-07-24T15:25:23","guid":{"rendered":"http:\/\/casamanyaextrem.com\/?page_id=1990"},"modified":"2023-05-01T10:08:53","modified_gmt":"2023-05-01T08:08:53","slug":"casamanya-extrem-videos","status":"publish","type":"page","link":"https:\/\/casamanyaextrem.com\/?page_id=1990","title":{"rendered":"Casamanya Extrem V\u00eddeos"},"content":{"rendered":"\n\n\t<p><strong>Videoteca<\/strong><\/p>\n<p>Un recull dels v\u00eddeos que hi ha a la xarxa sobre el nostre esdeveniment. Si us plau, feu-nos arribar el vostre v\u00eddeo, tot i que sigui antic, i el penjarem. Gr\u00e0cies.<\/p>\n<strong>2020<\/strong><br \/>\n<iframe src=\"https:\/\/www.youtube.com\/embed\/mcFj1-hjXHg\" width=\"200\" frameborder=\"0\" allowfullscreen=\"allowfullscreen\"><\/iframe><br \/>\n<iframe src=\"https:\/\/www.youtube.com\/embed\/PD0VtUFsVUI\" width=\"200\" frameborder=\"0\" allowfullscreen=\"allowfullscreen\"><\/iframe>\n<strong>2019<\/strong><br \/>\n<iframe src=\"https:\/\/videos.rtva.ad:7443\/media\/_arribada_casamanya20190616.mp4\" width=\"200\" frameborder=\"0\" allowfullscreen=\"allowfullscreen\"><\/iframe><br \/>\n<iframe src=\"https:\/\/videos.rtva.ad:7443\/media\/casamanya___travessa20190616.mp4\" width=\"200\" frameborder=\"0\" allowfullscreen=\"allowfullscreen\"><\/iframe>\n<strong>2018<\/strong><br \/>\n<iframe src=\"https:\/\/www.youtube.com\/embed\/YXSFpxnyGkU\" width=\"200\" frameborder=\"0\" allowfullscreen=\"allowfullscreen\"><\/iframe><br \/>\n<iframe src=\"https:\/\/videos.rtva.ad:7443\/media\/415340.mp4\" width=\"200\" frameborder=\"0\" allowfullscreen=\"allowfullscreen\"><\/iframe><br \/>\n<iframe src=\"https:\/\/www.facebook.com\/plugins\/video.php?href=https%3A%2F%2Fwww.facebook.com%2Fecoaordino%2Fvideos%2F1578928675563753%2F&amp;show_text=0&amp;width=200\" width=\"200\" frameborder=\"0\" scrolling=\"no\" allowfullscreen=\"allowfullscreen\"><\/iframe>\n<strong>2017<\/strong><br \/>\n<iframe src=\"https:\/\/videos.rtva.ad:7443\/media\/378841.mp4\" width=\"200\" frameborder=\"0\" allowfullscreen=\"allowfullscreen\"><\/iframe><br \/>\n<iframe src=\"https:\/\/www.youtube.com\/embed\/k0ZsN72yXMA\" width=\"200\" frameborder=\"0\" allowfullscreen=\"allowfullscreen\"><\/iframe><br \/>\n<iframe src=\"https:\/\/www.youtube.com\/embed\/qUjAqAzYVcc\" width=\"200\" frameborder=\"0\" allowfullscreen=\"allowfullscreen\"><\/iframe>\n<strong>2016<\/strong><br \/>\n<iframe src=\"https:\/\/videos.rtva.ad:7443\/media\/casamanya_130616.mp4\" width=\"200\" frameborder=\"0\" allowfullscreen=\"allowfullscreen\"><\/iframe><br \/>\n<iframe src=\"https:\/\/videos.rtva.ad:7443\/media\/345363.mp4\" width=\"200\" frameborder=\"0\" allowfullscreen=\"allowfullscreen\"><\/iframe>\n<strong>2015<\/strong><br \/>\n<iframe src=\"https:\/\/videos.rtva.ad:7443\/media\/cassamanyaextrem.mp4\" width=\"200\" frameborder=\"0\" allowfullscreen=\"allowfullscreen\"><\/iframe><br \/>\n<iframe src=\"https:\/\/www.youtube.com\/embed\/Cc01cnG0jO8\" width=\"200\" frameborder=\"0\" allowfullscreen=\"allowfullscreen\"><\/iframe>\n<strong>2014<\/strong><br \/>\n<iframe src=\"https:\/\/videos.rtva.ad:7443\/media\/289190.mp4\" width=\"200\" frameborder=\"0\" allowfullscreen=\"allowfullscreen\"><\/iframe><br \/>\n<iframe src=\"https:\/\/videos.rtva.ad:7443\/media\/275736.mp4\" width=\"200\" frameborder=\"0\" allowfullscreen=\"allowfullscreen\"><\/iframe><br \/>\n<iframe src=\"https:\/\/videos.rtva.ad:7443\/media\/282404.mp4\" width=\"200\" frameborder=\"0\" allowfullscreen=\"allowfullscreen\"><\/iframe><br \/>\n<iframe src=\"https:\/\/player.vimeo.com\/video\/99162575?color=26b7c4&amp;title=0&amp;byline=0&amp;portrait=0\" width=\"200\" frameborder=\"0\" allowfullscreen=\"allowfullscreen\"><\/iframe>\n\n","protected":false},"excerpt":{"rendered":"<p>Videoteca Un recull dels v\u00eddeos que hi ha a la xarxa sobre el nostre esdeveniment. Si us plau, feu-nos arribar el vostre v\u00eddeo, tot i que sigui antic, i el penjarem. Gr\u00e0cies. 2020 2019 2018 2017 2016 2015 2014<\/p>\n","protected":false},"author":1,"featured_media":0,"parent":0,"menu_order":0,"comment_status":"closed","ping_status":"closed","template":"","meta":{"site-sidebar-layout":"default","site-content-layout":"default","ast-site-content-layout":"default","site-content-style":"default","site-sidebar-style":"default","ast-global-header-display":"","ast-banner-title-visibility":"","ast-main-header-display":"","ast-hfb-above-header-display":"","ast-hfb-below-header-display":"","ast-hfb-mobile-header-display":"","site-post-title":"","ast-breadcrumbs-content":"","ast-featured-img":"","footer-sml-layout":"","ast-disable-related-posts":"","theme-transparent-header-meta":"default","adv-header-id-meta":"","stick-header-meta":"","header-above-stick-meta":"","header-main-stick-meta":"","header-below-stick-meta":"","astra-migrate-meta-layouts":"default","ast-page-background-enabled":"default","ast-page-background-meta":{"desktop":{"background-color":"","background-image":"","background-repeat":"repeat","background-position":"center center","background-size":"auto","background-attachment":"scroll","background-type":"","background-media":"","overlay-type":"","overlay-color":"","overlay-opacity":"","overlay-gradient":""},"tablet":{"background-color":"","background-image":"","background-repeat":"repeat","background-position":"center center","background-size":"auto","background-attachment":"scroll","background-type":"","background-media":"","overlay-type":"","overlay-color":"","overlay-opacity":"","overlay-gradient":""},"mobile":{"background-color":"","background-image":"","background-repeat":"repeat","background-position":"center center","background-size":"auto","background-attachment":"scroll","background-type":"","background-media":"","overlay-type":"","overlay-color":"","overlay-opacity":"","overlay-gradient":""}},"ast-content-background-meta":{"desktop":{"background-color":"var(--ast-global-color-5)","background-image":"","background-repeat":"repeat","background-position":"center center","background-size":"auto","background-attachment":"scroll","background-type":"","background-media":"","overlay-type":"","overlay-color":"","overlay-opacity":"","overlay-gradient":""},"tablet":{"background-color":"var(--ast-global-color-5)","background-image":"","background-repeat":"repeat","background-position":"center center","background-size":"auto","background-attachment":"scroll","background-type":"","background-media":"","overlay-type":"","overlay-color":"","overlay-opacity":"","overlay-gradient":""},"mobile":{"background-color":"var(--ast-global-color-5)","background-image":"","background-repeat":"repeat","background-position":"center center","background-size":"auto","background-attachment":"scroll","background-type":"","background-media":"","overlay-type":"","overlay-color":"","overlay-opacity":"","overlay-gradient":""}},"footnotes":""},"class_list":["post-1990","page","type-page","status-publish","hentry"],"lang":"ca","translations":{"es":2979,"ca":1990,"en":3077,"fr":4771},"pll_sync_post":[],"_links":{"self":[{"href":"https:\/\/casamanyaextrem.com\/index.php?rest_route=\/wp\/v2\/pages\/1990","targetHints":{"allow":["GET"]}}],"collection":[{"href":"https:\/\/casamanyaextrem.com\/index.php?rest_route=\/wp\/v2\/pages"}],"about":[{"href":"https:\/\/casamanyaextrem.com\/index.php?rest_route=\/wp\/v2\/types\/page"}],"author":[{"embeddable":true,"href":"https:\/\/casamanyaextrem.com\/index.php?rest_route=\/wp\/v2\/users\/1"}],"replies":[{"embeddable":true,"href":"https:\/\/casamanyaextrem.com\/index.php?rest_route=%2Fwp%2Fv2%2Fcomments&post=1990"}],"version-history":[{"count":40,"href":"https:\/\/casamanyaextrem.com\/index.php?rest_route=\/wp\/v2\/pages\/1990\/revisions"}],"predecessor-version":[{"id":4770,"href":"https:\/\/casamanyaextrem.com\/index.php?rest_route=\/wp\/v2\/pages\/1990\/revisions\/4770"}],"wp:attachment":[{"href":"https:\/\/casamanyaextrem.com\/index.php?rest_route=%2Fwp%2Fv2%2Fmedia&parent=1990"}],"curies":[{"name":"wp","href":"https:\/\/api.w.org\/{rel}","templated":true}]}}