{"id":2783,"date":"2022-04-01T17:31:34","date_gmt":"2022-04-01T15:31:34","guid":{"rendered":"https:\/\/casamanyaextrem.com\/?page_id=2783"},"modified":"2024-12-29T21:46:50","modified_gmt":"2024-12-29T20:46:50","slug":"avis-legal","status":"publish","type":"page","link":"https:\/\/casamanyaextrem.com\/?page_id=2783","title":{"rendered":"Av\u00eds Legal"},"content":{"rendered":"\n\n\t<p><strong>Titularitat i finalitat del Lloc Web<\/strong><\/p>\n<p>Vost\u00e8 ha accedit a un lloc web (d&#8217;ara endavant, &#8220;el Lloc Web&#8221;) quin nom de domini (<u><a href=\"https:\/\/casamanyaextrem.com\">www.casamanyaextrem.com<\/a>)<\/u> \u00e9s de titularitat de la Societat Mercantil Estripagecs Mountain Events, SL, inscrita al Registre de Societats del M.I. Govern d&#8217;Andorra, amb NRT L-719157-B, domiciliat a la Carretera del Coll d&#8217;Ordino 57 d&#8217;Ordino (Principat d&#8217;Andorra)<\/p>\n<p>La finalitat del Lloc Web \u00e9s informar dels esdeveniments, les activitats i altres iniciatives del comer\u00e7 Estripagecs Mountain Events (d&#8217;ara endavant, conjuntament, &#8220;les Iniciatives&#8221;).<\/p>\n<p>Per a qualsevol consulta o reclamaci\u00f3 en relaci\u00f3 amb el Lloc Web o les Iniciatives, Estripagecs Mountain Events posa a la seva disposici\u00f3 el correu electr\u00f2nic de contacte <a href=\"mailto:admin@estripagecs.com\">admin@estripagecs.com<\/a>.<\/p>\n<hr \/>\n<p><strong>Acceptaci\u00f3 dels Termes i Condicions d&#8217;\u00fas del Lloc Web<\/strong><\/p>\n<p>L&#8217;acc\u00e9s al Lloc Web comporta la plena acceptaci\u00f3, per part dels seus usuaris, dels termes i condicions d&#8217;\u00fas establerts en aquest av\u00eds legal, aix\u00ed com en la pol\u00edtica de privacitat i la pol\u00edtica de &#8220;cookies&#8221;, les quals tamb\u00e9 es troben a la seva disposici\u00f3 al Lloc Web (d&#8217;ara endavant, conjuntament, &#8220;els Termes i Condicions&#8221;).<\/p>\n<p>Aix\u00ed mateix, els usuaris del Lloc Web s&#8217;obliguen a fer un \u00fas diligent del mateix i dels continguts que s&#8217;hi contenen, d&#8217;acord amb l&#8217;establert a la legislaci\u00f3 vigent, aix\u00ed com amb la bona fe i els bons costums, i sense contravenir la moral ni l&#8217;ordre p\u00fablic. Per tant, entre altres, no est\u00e0 perm\u00e8s l&#8217;acc\u00e9s o la utilitzaci\u00f3 del Lloc Web amb finalitats il\u00b7legals, pel qual, a t\u00edtol merament enunciatiu i no limitatiu, resta prohibit:<\/p>\n<ul>\n<li>\n<ul>\n<li>Fer \u00fas del Lloc Web de manera que es puguin provocar danys, interrupcions, inefici\u00e8ncies o defectes en el seu funcionament;<\/li>\n<li>Fer \u00fas del Lloc Web per a la transmissi\u00f3, instal\u00b7laci\u00f3 o publicaci\u00f3 de qualsevol virus, codi malici\u00f3s o altres programes o arxius perjudicials;<\/li>\n<li>Fer \u00fas del Lloc Web per recollir sense autoritzaci\u00f3 dades de car\u00e0cter personal d&#8217;altres usuaris;<\/li>\n<li>Accedir sense autoritzaci\u00f3 a xarxes o sistemes de la informaci\u00f3 connectats al Lloc Web, per mitj\u00e0 de pirateig o falsificaci\u00f3, extracci\u00f3 de contrasenyes o qualsevol altre mitj\u00e0 il\u00b7leg\u00edtim;<\/li>\n<li>Trencar, o intentar trencar, les mesures de seguretat o d&#8217;autenticaci\u00f3 del Lloc Web o de qualsevol xarxa o sistema de la informaci\u00f3 connectats a aquest, o les mesures de seguretat o protecci\u00f3 inherents als continguts del Lloc Web; o<\/li>\n<li>Dur a terme alguna acci\u00f3 que provoqui una saturaci\u00f3 desproporcionada o innecess\u00e0ria a la infraestructura del Lloc Web o les xarxes o els sistemes de la informaci\u00f3 connectats al Lloc Web.<\/li>\n<\/ul>\n<\/li>\n<\/ul>\n<hr \/>\n<p><strong>Reserva de la facultat de modificaci\u00f3 i actualitzaci\u00f3 dels Termes i Condicions d&#8217;\u00fas del Lloc Web<\/strong><\/p>\n<p>Estripagecs Mountain Events es reserva la facultat d&#8217;efectuar, sense previ av\u00eds, en qualsevol moment i amb efectes immediats, les modificacions i actualitzacions peri\u00f2diques que consideri oportunes en els Termes i Condicions. Per tant, Estripagecs Mountain Events recomana als usuaris del Lloc Web que revisin els Termes i Condicions peri\u00f2dicament.<\/p>\n<hr \/>\n<p><strong>Drets i posicions jur\u00eddiques sobre els continguts que integren el Lloc Web<\/strong><\/p>\n<p><strong>Definici\u00f3 del terme &#8220;continguts&#8221;: <\/strong>A efectes dels Termes i Condicions, el terme &#8220;continguts&#8221; fa refer\u00e8ncia a tots els continguts que conformen el Lloc Web, entenent-se com tals, a t\u00edtol merament enunciatiu i no limitatiu, el codi font, el disseny i la estructura de navegaci\u00f3 del Lloc Web, aix\u00ed com els signes distintius, els v\u00eddeos, les fotografies, les il\u00b7lustracions, els gr\u00e0fics, els mapes, els textos, les dades i altres informacions que s&#8217;hi mostren.<\/p>\n<p><strong>Drets i posicions jur\u00eddiques sobre els continguts: <\/strong>Els continguts s\u00f3n objecte de drets de propietat intel\u00b7lectual, drets de propietat industrial, drets d&#8217;imatge i\/o altres drets o posiciones jur\u00eddiques d&#8217;an\u00e0leg contingut econ\u00f2mic de titularitat d&#8217;Estripagecs Mountain Events o de tercers que li han atorgat les pertinents llic\u00e8ncies o autoritzacions. Per tant, l&#8217;acc\u00e9s al Lloc Web no atorga als usuaris cap titularitat ni dret d&#8217;\u00fas sobre els continguts (mitjan\u00e7ant, entre altres, la seva reproducci\u00f3, distribuci\u00f3, comunicaci\u00f3 p\u00fablica, posada a disposici\u00f3 o transformaci\u00f3), excepte que Estripagecs Mountain Events o els tercers titulars dels drets o posicions jur\u00eddiques de qu\u00e8 es tracti els ho autoritzin b\u00e9 indicant-ho expressament al Lloc Web o mitjan\u00e7ant llic\u00e8ncies o autoritzacions pr\u00e8vies i per escrit a l&#8217;efecte.<\/p>\n<p>Per tant, Estripagecs Mountain Events es reserva la facultat de fer \u00fas de marques d&#8217;aigua, de dispositius tecnol\u00f2gics o d&#8217;altres mitjans de seguretat que permetin el rastreig o seguiment en l\u00ednia dels usos no autoritzats dels continguts. I, en tot cas, Estripagecs Mountain Events es reserva la facultat d&#8217;interposar les accions legals de l&#8217;ordre civil o penal que corresponguin contra els usuaris del Lloc Web que infringeixin drets de propietat intel\u00b7lectual, drets de propietat industrial, drets d&#8217;imatge o altres drets o posicions jur\u00eddiques d&#8217;an\u00e0leg contingut econ\u00f2mic que recaiguin sobre els continguts.<\/p>\n<p>En cas que qualsevol usuari consideri que algun dels continguts vulnera drets o posicions jur\u00eddiques de tercers, ho haur\u00e0 de notificar immediatament a Estripagecs Mountain Events pels mitjans de contacte o reclamaci\u00f3 indicats a l&#8217;apartat &#8220;Titularitat i finalitat del Lloc Web&#8221;, per tal que aquesta entitat pugui analitzar i valorar el sup\u00f2sit de qu\u00e8 es tracti.<\/p>\n<p><strong>Dret d&#8217;exclusi\u00f3:\u00a0<\/strong>Estripagecs Mountain Events es reserva la facultat de denegar o suspendre, sense previ av\u00eds i de manera discrecional, en qualsevol moment i amb car\u00e0cter definitiu o temporal, l&#8217;acc\u00e9s al Lloc Web als usuaris que incompleixin els Termes i Condicions. Aquesta facultat d&#8217;Estripagecs Mountain Events \u00e9s sense perjudici de les eventuals accions legals de l&#8217;ordre civil o penal que la mateixa pugui iniciar en contra dels usuaris de qu\u00e8 es tracti.<\/p>\n<hr \/>\n<p><strong>Responsabilitat<\/strong><\/p>\n<p><strong>1.- Responsabilitat dels usuaris <\/strong><\/p>\n<ul>\n<li>Els usuaris seran els \u00fanics responsables de prendre totes les mesures adequades per protegir els dispositius i programes inform\u00e0tics associats mitjan\u00e7ant els quals accedeixin al Lloc Web de, entre altres, virus, codis maliciosos o altres programes o arxius perjudicials.<\/li>\n<li>Els usuaris seran els \u00fanics responsables de l&#8217;\u00fas que aquests facin dels continguts que es faciliten mitjan\u00e7ant el Lloc Web.<\/li>\n<li>En cas que efectu\u00efn consultes o reclamacions a Estripagecs Mountain Events pels mitjans que es preveuen a l&#8217;apartat &#8220;Titularitat i finalitat del Lloc Web&#8221;, els usuaris respondran dels danys i perjudicis que ocasionin a l&#8217;entitat o a tercers per haver facilitat dades o informacions falses o inexactes.<\/li>\n<li>Els usuaris tamb\u00e9 seran responsables en tots aquells altres sup\u00f2sits en que incompleixin els Termes i Condicions, com ara, a t\u00edtol merament enunciatiu i no limitatiu, en els sup\u00f2sits indicats a l&#8217;apartat &#8220;Acceptaci\u00f3 dels Termes i Condicions d&#8217;\u00fas del Lloc Web&#8221;.<\/li>\n<\/ul>\n<p><strong>2.- Responsabilitat d&#8217;Estripagecs Mountain Events<\/strong><\/p>\n<ul>\n<li>Estripagecs Mountain Events no ser\u00e0 responsable dels danys i perjudicis ni d&#8217;altres conseq\u00fc\u00e8ncies que es derivin de la utilitzaci\u00f3 que els usuaris facin d&#8217;aquest lloc web ni dels continguts que s&#8217;hi contenen.<\/li>\n<li>Estripagecs Mountain Events no \u00e9s responsable dels danys i perjudicis ni d&#8217;altres conseq\u00fc\u00e8ncies que es derivin de la indisponiblitat d&#8217;aquest lloc web o dels seus continguts per motius t\u00e8cnics, de seguretat, de control, d&#8217;actualitzacions o de manteniment, o per errades degudes a servidors o a tercers intermediaris o prove\u00efdors, com ara defici\u00e8ncies de l\u00ednies telef\u00f2niques o sobrec\u00e0rregues a Internet.<\/li>\n<li>Estripagecs Mountain Events no \u00e9s responsable dels danys i perjudicis causats als usuaris d&#8217;aquest lloc web per part de programes inform\u00e0tics maliciosos, d&#8217;accions de ciberdelinq\u00fcents o d&#8217;altres intromissions il\u00b7leg\u00edtimes de tercers.<\/li>\n<li>Estripagecs Mountain Events no exerceix cap control sobre els serveis, els continguts i\/o altres elements als quals els usuaris d&#8217;aquest lloc web puguin accedir a trav\u00e9s dels dispositius t\u00e8cnics d&#8217;enlla\u00e7os, directoris o altres mitjans als quals es pugui accedir mitjan\u00e7ant aquest lloc web (com ara Facebook, Instagram, Twitter, LinkedIn, i similars). Per tant, Estripagecs Mountain Events no \u00e9s responsable de la disponibilitat t\u00e8cnica, la qualitat o l&#8217;exactitud, entre altres, dels serveis, continguts i\/o altres elements als quals s&#8217;hagi accedit, ni dels danys i perjudicis ni d&#8217;altres conseq\u00fc\u00e8ncies que es produeixin com a resultat del seu \u00fas. En cap cas, l&#8217;exist\u00e8ncia dels referits accessos pressuposa l&#8217;exist\u00e8ncia d&#8217;acords amb els titulars o responsables dels serveis, continguts o altres elements de qu\u00e8 es tracti, ni la recomanaci\u00f3, promoci\u00f3 o identificaci\u00f3 d&#8217;Estripagecs Mountain Events amb aquests.<\/li>\n<li>Els Usuaris que decideixin visitar i\/o utilitzar qualsevol dels Enlla\u00e7os de Tercers, ho faran pel seu compte i risc, i hauran de prendre les mesures de protecci\u00f3 oportunes.<\/li>\n<li>Sense perjudici de l&#8217;anterior, en cas que qualsevol usuari consideri que mitjan\u00e7ant algun dels dispositius t\u00e8cnics d&#8217;enlla\u00e7os, directoris o altres mitjans als quals es pugui accedir mitjan\u00e7ant aquest lloc web es vulneren drets o posicions jur\u00eddiques de tercers, ho haur\u00e0 de notificar immediatament a Estripagecs Mountain Events pels mitjans de contacte o reclamaci\u00f3 indicats a l&#8217;apartat &#8220;Titularitat i finalitat d&#8217;aquest lloc web&#8221;, per tal que aquesta entitat pugui analitzar i valorar el sup\u00f2sit de qu\u00e8 es tracti.<\/li>\n<li>Estripagecs Mountain Events pot, temporal o definitivament, interrompre l&#8217;acc\u00e9s a aquest lloc web, en cas que aquesta no pugui o simplement no vulgui seguir explotant aquest lloc web; en aquests casos, l&#8217;acc\u00e9s dels usuaris es cancel\u00b7lar\u00e0 de manera immediata sense que els usuaris puguin requerir responsabilitats a Estripagecs Mountain Events.<\/li>\n<li>Aix\u00ed mateix, Estripagecs Mountain Events es reserva el dret, en qualsevol moment i sense previ av\u00eds als usuaris, de modificar qualsevol contingut d&#8217;aquest lloc web, o d&#8217;actualitzar o corregir errors o inexactituds.<\/li>\n<li>Sempre i quan no contradigui l&#8217;establert per la legislaci\u00f3 vigent, en cas que, eventualment, Estripagecs Mountain Events fos considerada responsable per danys i perjudicis envers usuaris d&#8217;aquest lloc web, la responsabilitat de l&#8217;entitat es limitar\u00e0 als danys i perjudicis certs, reals i concrets.<\/li>\n<li>No obstant l&#8217;anterior, Estripagecs Mountain Events no es responsabilitzar\u00e0 en cap cas dels danys i perjudicis ni d&#8217;altres conseq\u00fc\u00e8ncies que es derivin de l&#8217;incompliment dels Termes i Condicions per part dels usuaris.<\/li>\n<\/ul>\n<hr \/>\n<p><strong>Autoritzaci\u00f3 d&#8217;enlla\u00e7os<\/strong><\/p>\n<p>Qualsevol enlla\u00e7 de tercers envers aquest lloc web anir\u00e0 dirigit a la seva p\u00e0gina principal, quedant expressament prohibits els enlla\u00e7os profunds, l&#8217;entramat i qualsevol altre aprofitament dels continguts d&#8217;aquest lloc web per part de tercers no autoritzats pr\u00e8viament per escrit per Estripagecs Mountain Events.<\/p>\n<p>Aix\u00ed mateix, Estripagecs Mountain Events prohibeix la creaci\u00f3 d&#8217;enlla\u00e7os envers aquest lloc web des d&#8217;altres llocs web amb continguts que siguin contraris a la llei, la bona fe, els bons costums, la moral o l&#8217;ordre p\u00fablic.<\/p>\n<hr \/>\n<p><strong>Legislaci\u00f3 aplicable i jurisdicci\u00f3<\/strong><\/p>\n<p>Els Termes i Condicions es regiran per la legislaci\u00f3 andorrana.<\/p>\n<p>Els usuaris d&#8217;aquest lloc web es sotmeten a la jurisdicci\u00f3 andorrana, amb ren\u00fancia expressa a qualsevol altre fur que, conforme a Dret, els pogu\u00e9s correspondre.<\/p>\n<p>L&#8217;anterior \u00e9s sense perjudici que, per ra\u00f3 de la condici\u00f3 de consumidor d&#8217;un usuari, per imperatiu legal pugui ser aplicable una altra legislaci\u00f3 i\/o jurisdicci\u00f3.<\/p>\n<p>&nbsp;<\/p>\n<p><strong><em>Darrera actualitzaci\u00f3: 29 de desembre de 2024<\/em><\/strong><\/p>\n\n","protected":false},"excerpt":{"rendered":"<p>Titularitat i finalitat del Lloc Web Vost\u00e8 ha accedit a un lloc web (d&#8217;ara endavant, &#8220;el Lloc Web&#8221;) quin nom de domini (www.casamanyaextrem.com) \u00e9s de titularitat de la Societat Mercantil Estripagecs Mountain Events, SL, inscrita al Registre de Societats del M.I. Govern d&#8217;Andorra, amb NRT L-719157-B, domiciliat a la Carretera del Coll d&#8217;Ordino 57 d&#8217;Ordino [&hellip;]<\/p>\n","protected":false},"author":1,"featured_media":0,"parent":0,"menu_order":0,"comment_status":"closed","ping_status":"closed","template":"","meta":{"site-sidebar-layout":"default","site-content-layout":"","ast-site-content-layout":"default","site-content-style":"default","site-sidebar-style":"default","ast-global-header-display":"","ast-banner-title-visibility":"","ast-main-header-display":"","ast-hfb-above-header-display":"","ast-hfb-below-header-display":"","ast-hfb-mobile-header-display":"","site-post-title":"","ast-breadcrumbs-content":"","ast-featured-img":"","footer-sml-layout":"","ast-disable-related-posts":"","theme-transparent-header-meta":"","adv-header-id-meta":"","stick-header-meta":"","header-above-stick-meta":"","header-main-stick-meta":"","header-below-stick-meta":"","astra-migrate-meta-layouts":"default","ast-page-background-enabled":"default","ast-page-background-meta":{"desktop":{"background-color":"","background-image":"","background-repeat":"repeat","background-position":"center center","background-size":"auto","background-attachment":"scroll","background-type":"","background-media":"","overlay-type":"","overlay-color":"","overlay-opacity":"","overlay-gradient":""},"tablet":{"background-color":"","background-image":"","background-repeat":"repeat","background-position":"center center","background-size":"auto","background-attachment":"scroll","background-type":"","background-media":"","overlay-type":"","overlay-color":"","overlay-opacity":"","overlay-gradient":""},"mobile":{"background-color":"","background-image":"","background-repeat":"repeat","background-position":"center center","background-size":"auto","background-attachment":"scroll","background-type":"","background-media":"","overlay-type":"","overlay-color":"","overlay-opacity":"","overlay-gradient":""}},"ast-content-background-meta":{"desktop":{"background-color":"var(--ast-global-color-5)","background-image":"","background-repeat":"repeat","background-position":"center center","background-size":"auto","background-attachment":"scroll","background-type":"","background-media":"","overlay-type":"","overlay-color":"","overlay-opacity":"","overlay-gradient":""},"tablet":{"background-color":"var(--ast-global-color-5)","background-image":"","background-repeat":"repeat","background-position":"center center","background-size":"auto","background-attachment":"scroll","background-type":"","background-media":"","overlay-type":"","overlay-color":"","overlay-opacity":"","overlay-gradient":""},"mobile":{"background-color":"var(--ast-global-color-5)","background-image":"","background-repeat":"repeat","background-position":"center center","background-size":"auto","background-attachment":"scroll","background-type":"","background-media":"","overlay-type":"","overlay-color":"","overlay-opacity":"","overlay-gradient":""}},"footnotes":""},"class_list":["post-2783","page","type-page","status-publish","hentry"],"lang":"ca","translations":{"es":2993,"ca":2783,"en":4591,"fr":6915},"pll_sync_post":[],"_links":{"self":[{"href":"https:\/\/casamanyaextrem.com\/index.php?rest_route=\/wp\/v2\/pages\/2783","targetHints":{"allow":["GET"]}}],"collection":[{"href":"https:\/\/casamanyaextrem.com\/index.php?rest_route=\/wp\/v2\/pages"}],"about":[{"href":"https:\/\/casamanyaextrem.com\/index.php?rest_route=\/wp\/v2\/types\/page"}],"author":[{"embeddable":true,"href":"https:\/\/casamanyaextrem.com\/index.php?rest_route=\/wp\/v2\/users\/1"}],"replies":[{"embeddable":true,"href":"https:\/\/casamanyaextrem.com\/index.php?rest_route=%2Fwp%2Fv2%2Fcomments&post=2783"}],"version-history":[{"count":10,"href":"https:\/\/casamanyaextrem.com\/index.php?rest_route=\/wp\/v2\/pages\/2783\/revisions"}],"predecessor-version":[{"id":6925,"href":"https:\/\/casamanyaextrem.com\/index.php?rest_route=\/wp\/v2\/pages\/2783\/revisions\/6925"}],"wp:attachment":[{"href":"https:\/\/casamanyaextrem.com\/index.php?rest_route=%2Fwp%2Fv2%2Fmedia&parent=2783"}],"curies":[{"name":"wp","href":"https:\/\/api.w.org\/{rel}","templated":true}]}}