{"id":2888,"date":"2022-04-14T13:15:31","date_gmt":"2022-04-14T11:15:31","guid":{"rendered":"https:\/\/casamanyaextrem.com\/?page_id=2888"},"modified":"2026-03-17T06:42:30","modified_gmt":"2026-03-17T05:42:30","slug":"casamanya-extrem-categorias","status":"publish","type":"page","link":"https:\/\/casamanyaextrem.com\/?page_id=2888&lang=es","title":{"rendered":"Casamanya Extrem Categor\u00edas"},"content":{"rendered":"\n\n\t<p><strong>Categor\u00edas Individuales<\/strong><\/p>\n<p>A continuaci\u00f3n se describen las categor\u00edas de la <a href=\"http:\/\/www.casamanyaextrem.com\" target=\"_blank\" rel=\"noopener\">Casamanya Extrem Vertical Race<\/a>, su recorrido asociado y los diferentes circuitos en los que punt\u00faa.<\/p>\n<hr \/>\n<ul>\n<li><strong>U10: <\/strong>9 y 10 a\u00f1os cumplidos en el a\u00f1o en curso.<\/li>\n<li><b>U12 Alev\u00edn:<\/b> 11 y 12 a\u00f1os cumplidos en el a\u00f1o en curso.<\/li>\n<li><b>U14 Infantil:<\/b> 13 y 14 a\u00f1os cumplidos en el a\u00f1o en curso.<\/li>\n<\/ul>\n<p><a href=\"https:\/\/casamanyaextrem.com\/?page_id=2892&amp;lang=es\" target=\"_blank\" rel=\"noopener\">Circuito Mini<\/a><\/p>\n<hr \/>\n<ul>\n<li><b>U16 Cadete:<\/b> 15 y 16 a\u00f1os cumplidos en el a\u00f1o en curso.<\/li>\n<li><b>U18 Juvenil:<\/b> 17 y 18 a\u00f1os cumplidos en el a\u00f1o en curso.<\/li>\n<\/ul>\n<p><a href=\"https:\/\/casamanyaextrem.com\/?page_id=5987&amp;lang=es\" target=\"_blank\" rel=\"noopener\">Circuito Classic<\/a><\/p>\n<hr \/>\n<ul>\n<li><b>O19 Absoluta:<\/b> A partir de 19 a\u00f1os cumplidos en el a\u00f1o en curso.\n<p><b>Subcategor\u00edas<\/b><\/p>\n<ul>\n<li>\n<ul>\n<li><b>U20 Junior:<\/b> que tengan 19 y 20 a\u00f1os cumplidos en el a\u00f1o en curso.<\/li>\n<li><b>O40 Veterano:<\/b> que tengan de 40 a 49 a\u00f1os cumplidos en el a\u00f1o en curso.<\/li>\n<li><b>O50 M\u00e1ster:<\/b> a partir de 50 a\u00f1os cumplidos en el a\u00f1o en curso.<\/li>\n<\/ul>\n<\/li>\n<\/ul>\n<\/li>\n<\/ul>\n<a href=\"https:\/\/casamanyaextrem.com\/?page_id=6010&amp;lang=es\" target=\"_blank\" rel=\"noopener\">Circuito Extrem<\/a><br \/>\n<a href=\"https:\/\/casamanyaextrem.com\/?page_id=5987&amp;lang=es\" target=\"_blank\" rel=\"noopener\">Circuito Classic<\/a>\n<hr \/>\n<p><strong>Categor\u00eda por equipos<\/strong><\/p>\n<p>Existe una \u00fanica categor\u00eda por equipos, que pueden ser de 3, 4 o 5 componentes y combinar g\u00e9neros y edades.<\/p>\n<ul>\n<li><b>U16 Cadete:<\/b> 15 y 16 a\u00f1os cumplidos en el a\u00f1o en curso.<\/li>\n<li><b>U18 Juvenil:<\/b> 17 y 18 a\u00f1os cumplidos en el a\u00f1o en curso.<\/li>\n<li><b>O19 Absoluta:<\/b> A partir de 19 a\u00f1os cumplidos en el a\u00f1o en curso.<\/li>\n<\/ul>\n<p><a href=\"https:\/\/casamanyaextrem.com\/?page_id=5987&amp;lang=es\" target=\"_blank\" rel=\"noopener\">Circuito Classic<\/a><\/p>\n\n","protected":false},"excerpt":{"rendered":"<p>Categor\u00edas Individuales A continuaci\u00f3n se describen las categor\u00edas de la Casamanya Extrem Vertical Race, su recorrido asociado y los diferentes circuitos en los que punt\u00faa. U10: 9 y 10 a\u00f1os cumplidos en el a\u00f1o en curso. U12 Alev\u00edn: 11 y 12 a\u00f1os cumplidos en el a\u00f1o en curso. U14 Infantil: 13 y 14 a\u00f1os cumplidos [&hellip;]<\/p>\n","protected":false},"author":1,"featured_media":0,"parent":0,"menu_order":0,"comment_status":"closed","ping_status":"closed","template":"","meta":{"site-sidebar-layout":"default","site-content-layout":"default","ast-site-content-layout":"default","site-content-style":"default","site-sidebar-style":"default","ast-global-header-display":"","ast-banner-title-visibility":"","ast-main-header-display":"","ast-hfb-above-header-display":"","ast-hfb-below-header-display":"","ast-hfb-mobile-header-display":"","site-post-title":"","ast-breadcrumbs-content":"","ast-featured-img":"","footer-sml-layout":"","ast-disable-related-posts":"","theme-transparent-header-meta":"default","adv-header-id-meta":"","stick-header-meta":"","header-above-stick-meta":"","header-main-stick-meta":"","header-below-stick-meta":"","astra-migrate-meta-layouts":"default","ast-page-background-enabled":"default","ast-page-background-meta":{"desktop":{"background-color":"","background-image":"","background-repeat":"repeat","background-position":"center center","background-size":"auto","background-attachment":"scroll","background-type":"","background-media":"","overlay-type":"","overlay-color":"","overlay-opacity":"","overlay-gradient":""},"tablet":{"background-color":"","background-image":"","background-repeat":"repeat","background-position":"center center","background-size":"auto","background-attachment":"scroll","background-type":"","background-media":"","overlay-type":"","overlay-color":"","overlay-opacity":"","overlay-gradient":""},"mobile":{"background-color":"","background-image":"","background-repeat":"repeat","background-position":"center center","background-size":"auto","background-attachment":"scroll","background-type":"","background-media":"","overlay-type":"","overlay-color":"","overlay-opacity":"","overlay-gradient":""}},"ast-content-background-meta":{"desktop":{"background-color":"var(--ast-global-color-5)","background-image":"","background-repeat":"repeat","background-position":"center center","background-size":"auto","background-attachment":"scroll","background-type":"","background-media":"","overlay-type":"","overlay-color":"","overlay-opacity":"","overlay-gradient":""},"tablet":{"background-color":"var(--ast-global-color-5)","background-image":"","background-repeat":"repeat","background-position":"center center","background-size":"auto","background-attachment":"scroll","background-type":"","background-media":"","overlay-type":"","overlay-color":"","overlay-opacity":"","overlay-gradient":""},"mobile":{"background-color":"var(--ast-global-color-5)","background-image":"","background-repeat":"repeat","background-position":"center center","background-size":"auto","background-attachment":"scroll","background-type":"","background-media":"","overlay-type":"","overlay-color":"","overlay-opacity":"","overlay-gradient":""}},"footnotes":""},"class_list":["post-2888","page","type-page","status-publish","hentry"],"lang":"es","translations":{"es":2888,"ca":1279,"en":3031,"fr":4482},"pll_sync_post":[],"_links":{"self":[{"href":"https:\/\/casamanyaextrem.com\/index.php?rest_route=\/wp\/v2\/pages\/2888","targetHints":{"allow":["GET"]}}],"collection":[{"href":"https:\/\/casamanyaextrem.com\/index.php?rest_route=\/wp\/v2\/pages"}],"about":[{"href":"https:\/\/casamanyaextrem.com\/index.php?rest_route=\/wp\/v2\/types\/page"}],"author":[{"embeddable":true,"href":"https:\/\/casamanyaextrem.com\/index.php?rest_route=\/wp\/v2\/users\/1"}],"replies":[{"embeddable":true,"href":"https:\/\/casamanyaextrem.com\/index.php?rest_route=%2Fwp%2Fv2%2Fcomments&post=2888"}],"version-history":[{"count":6,"href":"https:\/\/casamanyaextrem.com\/index.php?rest_route=\/wp\/v2\/pages\/2888\/revisions"}],"predecessor-version":[{"id":8183,"href":"https:\/\/casamanyaextrem.com\/index.php?rest_route=\/wp\/v2\/pages\/2888\/revisions\/8183"}],"wp:attachment":[{"href":"https:\/\/casamanyaextrem.com\/index.php?rest_route=%2Fwp%2Fv2%2Fmedia&parent=2888"}],"curies":[{"name":"wp","href":"https:\/\/api.w.org\/{rel}","templated":true}]}}