{"id":2892,"date":"2022-04-14T13:26:18","date_gmt":"2022-04-14T11:26:18","guid":{"rendered":"https:\/\/casamanyaextrem.com\/?page_id=2892"},"modified":"2024-03-21T17:18:00","modified_gmt":"2024-03-21T16:18:00","slug":"casamanya-extrem-recorridos","status":"publish","type":"page","link":"https:\/\/casamanyaextrem.com\/?page_id=2892&lang=es","title":{"rendered":"Casamanya MINI"},"content":{"rendered":"\n\n\t<a href=\"https:\/\/casamanyaextrem.com\/?attachment_id=5874\" rel=\"attachment wp-att-5874\"><img loading=\"lazy\" decoding=\"async\" src=\"https:\/\/casamanyaextrem.com\/wp-content\/uploads\/2024\/03\/mini-imatge.jpg\" alt=\"\" width=\"800\" height=\"533\" \/><\/a>\n<hr \/>\n<strong>CIRCUITO MINI (<a href=\"https:\/\/www.relive.cc\/view\/vmqXNJK2NoO\/explore\" target=\"_blank\" rel=\"noopener\">VISTA INTERACTIVA<\/a>)<br \/>\n<\/strong>Para las categor\u00edas <a href=\"http:\/\/casamanyaextrem.com\/categories-casamanya-extrem-2019\/\">u12<\/a> y <a href=\"http:\/\/casamanyaextrem.com\/categories-casamanya-extrem-2019\/\">u14<\/a> de\n<ul>\n<li><a href=\"https:\/\/www.feec.cat\/esports-de-muntanya\/esport\/curses-per-muntanya\/\" target=\"_blank\" rel=\"noopener\">Copa Catalana de Carreras Verticales (FEEC)<\/a><\/li>\n<li><a href=\"https:\/\/www.fam.ad\/\" target=\"_blank\" rel=\"noopener\">Copa Andorra de Carreras Verticales (FAM)<\/a><\/li>\n<li><a href=\"https:\/\/www.fam.ad\/\" target=\"_blank\" rel=\"noopener\">Copa Andorra de Carreras de Monta\u00f1a (FAM)<\/a><\/li>\n<\/ul>\n<p>Para todos los participantes a partir de 11 a\u00f1os que deseen ponerse a prueba<\/p>\n<strong>Distancia: 2,4 km<\/strong><br \/>\n<strong>Desnivel: 400 m<\/strong>\n<p><a href=\"http:\/\/casamanyaextrem.com\/wp-content\/uploads\/2022\/06\/GPX-MINI.zip\">Descargar GPX-MINI<\/a><\/p>\n<div style=\"width: 960px;\" class=\"wp-video\"><video class=\"wp-video-shortcode\" id=\"video-2892-1\" width=\"960\" height=\"540\" preload=\"metadata\" controls=\"controls\"><source type=\"video\/mp4\" src=\"http:\/\/casamanyaextrem.com\/wp-content\/uploads\/2022\/05\/GPX_CasamanyaMini.mp4?_=1\" \/><a href=\"http:\/\/casamanyaextrem.com\/wp-content\/uploads\/2022\/05\/GPX_CasamanyaMini.mp4\">http:\/\/casamanyaextrem.com\/wp-content\/uploads\/2022\/05\/GPX_CasamanyaMini.mp4<\/a><\/video><\/div>\n<p><a href=\"http:\/\/casamanyaextrem.com\/wp-content\/uploads\/2022\/05\/Perfil_Mini.png\"><img loading=\"lazy\" decoding=\"async\" src=\"http:\/\/casamanyaextrem.com\/wp-content\/uploads\/2022\/05\/Perfil_Mini.png\" alt=\"\" width=\"864\" height=\"288\" \/><\/a><\/p>\n<p>&nbsp;<\/p>\n<p><iframe loading=\"lazy\" src=\"https:\/\/es.wikiloc.com\/wikiloc\/spatialArtifacts.do?event=view&amp;id=104763707&amp;measures=off&amp;title=off&amp;near=off&amp;images=off&amp;maptype=H\" width=\"800\" height=\"400\" frameborder=\"0\" scrolling=\"no\"><\/iframe><\/p>\n<p>&nbsp;<\/p>\n<hr \/>\n<p><em>NOTA: La organizaci\u00f3n se reserva el derecho de modificar los recorridos y horarios de los circuitos en funci\u00f3n de las condiciones meteorol\u00f3gicas o causas de fuerza mayor que afecten a la seguridad de los participantes.<\/em><\/p>\n\n","protected":false},"excerpt":{"rendered":"<p>CIRCUITO MINI (VISTA INTERACTIVA) Para las categor\u00edas u12 y u14 de Copa Catalana de Carreras Verticales (FEEC) Copa Andorra de Carreras Verticales (FAM) Copa Andorra de Carreras de Monta\u00f1a (FAM) Para todos los participantes a partir de 11 a\u00f1os que deseen ponerse a prueba Distancia: 2,4 km Desnivel: 400 m Descargar GPX-MINI &nbsp; &nbsp; NOTA: [&hellip;]<\/p>\n","protected":false},"author":1,"featured_media":0,"parent":0,"menu_order":0,"comment_status":"closed","ping_status":"closed","template":"","meta":{"site-sidebar-layout":"default","site-content-layout":"default","ast-site-content-layout":"default","site-content-style":"default","site-sidebar-style":"default","ast-global-header-display":"","ast-banner-title-visibility":"","ast-main-header-display":"","ast-hfb-above-header-display":"","ast-hfb-below-header-display":"","ast-hfb-mobile-header-display":"","site-post-title":"","ast-breadcrumbs-content":"","ast-featured-img":"","footer-sml-layout":"","ast-disable-related-posts":"","theme-transparent-header-meta":"default","adv-header-id-meta":"","stick-header-meta":"","header-above-stick-meta":"","header-main-stick-meta":"","header-below-stick-meta":"","astra-migrate-meta-layouts":"set","ast-page-background-enabled":"default","ast-page-background-meta":{"desktop":{"background-color":"","background-image":"","background-repeat":"repeat","background-position":"center center","background-size":"auto","background-attachment":"scroll","background-type":"","background-media":"","overlay-type":"","overlay-color":"","overlay-opacity":"","overlay-gradient":""},"tablet":{"background-color":"","background-image":"","background-repeat":"repeat","background-position":"center center","background-size":"auto","background-attachment":"scroll","background-type":"","background-media":"","overlay-type":"","overlay-color":"","overlay-opacity":"","overlay-gradient":""},"mobile":{"background-color":"","background-image":"","background-repeat":"repeat","background-position":"center center","background-size":"auto","background-attachment":"scroll","background-type":"","background-media":"","overlay-type":"","overlay-color":"","overlay-opacity":"","overlay-gradient":""}},"ast-content-background-meta":{"desktop":{"background-color":"var(--ast-global-color-5)","background-image":"","background-repeat":"repeat","background-position":"center center","background-size":"auto","background-attachment":"scroll","background-type":"","background-media":"","overlay-type":"","overlay-color":"","overlay-opacity":"","overlay-gradient":""},"tablet":{"background-color":"var(--ast-global-color-5)","background-image":"","background-repeat":"repeat","background-position":"center center","background-size":"auto","background-attachment":"scroll","background-type":"","background-media":"","overlay-type":"","overlay-color":"","overlay-opacity":"","overlay-gradient":""},"mobile":{"background-color":"var(--ast-global-color-5)","background-image":"","background-repeat":"repeat","background-position":"center center","background-size":"auto","background-attachment":"scroll","background-type":"","background-media":"","overlay-type":"","overlay-color":"","overlay-opacity":"","overlay-gradient":""}},"footnotes":""},"class_list":["post-2892","page","type-page","status-publish","hentry"],"lang":"es","translations":{"ca":5860,"en":3062,"fr":4485,"es":2892},"pll_sync_post":[],"_links":{"self":[{"href":"https:\/\/casamanyaextrem.com\/index.php?rest_route=\/wp\/v2\/pages\/2892","targetHints":{"allow":["GET"]}}],"collection":[{"href":"https:\/\/casamanyaextrem.com\/index.php?rest_route=\/wp\/v2\/pages"}],"about":[{"href":"https:\/\/casamanyaextrem.com\/index.php?rest_route=\/wp\/v2\/types\/page"}],"author":[{"embeddable":true,"href":"https:\/\/casamanyaextrem.com\/index.php?rest_route=\/wp\/v2\/users\/1"}],"replies":[{"embeddable":true,"href":"https:\/\/casamanyaextrem.com\/index.php?rest_route=%2Fwp%2Fv2%2Fcomments&post=2892"}],"version-history":[{"count":30,"href":"https:\/\/casamanyaextrem.com\/index.php?rest_route=\/wp\/v2\/pages\/2892\/revisions"}],"predecessor-version":[{"id":5978,"href":"https:\/\/casamanyaextrem.com\/index.php?rest_route=\/wp\/v2\/pages\/2892\/revisions\/5978"}],"wp:attachment":[{"href":"https:\/\/casamanyaextrem.com\/index.php?rest_route=%2Fwp%2Fv2%2Fmedia&parent=2892"}],"curies":[{"name":"wp","href":"https:\/\/api.w.org\/{rel}","templated":true}]}}