{"id":2900,"date":"2022-04-14T13:42:08","date_gmt":"2022-04-14T11:42:08","guid":{"rendered":"https:\/\/casamanyaextrem.com\/?page_id=2900"},"modified":"2023-04-14T10:50:11","modified_gmt":"2023-04-14T08:50:11","slug":"casamanya-extrem-2022-premios-caldea","status":"publish","type":"page","link":"https:\/\/casamanyaextrem.com\/?page_id=2900&lang=es","title":{"rendered":"Casamanya Extrem Premios Caldea"},"content":{"rendered":"\n\n\t\t\t<img decoding=\"async\" loading='false' src=\"https:\/\/casamanyaextrem.com\/wp-content\/uploads\/2023\/04\/low_inuu_27.jpg\" alt=\"\" \/>\t\t\t\n\t\t\t<img decoding=\"async\" loading='false' src=\"https:\/\/casamanyaextrem.com\/wp-content\/uploads\/2023\/04\/low_termoludic_73.jpg\" alt=\"\" \/>\t\t\t\n\t\t\t<img decoding=\"async\" loading='false' src=\"https:\/\/casamanyaextrem.com\/wp-content\/uploads\/2023\/04\/low_inuu_20.jpg\" alt=\"\" \/>\t\t\t\n\t\t\t<img decoding=\"async\" loading='false' src=\"https:\/\/casamanyaextrem.com\/wp-content\/uploads\/2023\/04\/low_termoludic_01.jpg\" alt=\"\" \/>\t\t\t\n\t<p><a href=\"https:\/\/www.caldea.com\/es\/\"><img loading=\"lazy\" decoding=\"async\" src=\"http:\/\/casamanyaextrem.com\/wp-content\/uploads\/2020\/07\/Logo_CA_L_color.jpg\" alt=\"\" width=\"200\" height=\"77\" \/><\/a><\/p>\n<strong>Fant\u00e1stico neceser y toalla de microfibra<br \/>\n<\/strong><em>Cuando recojas tu dorsal te entregaremos este obsequio que ha preparado <a href=\"https:\/\/www.caldea.com\/es\/termoludico\" target=\"_blank\" rel=\"noopener\">el Espacio Termol\u00fadico Caldea<\/a> para todos los participantes de la <a href=\"http:\/\/casamanyaextrem.com\/es\/\">Casamanya Extrem Vertical Race<\/a><\/em>\n<hr \/>\n<strong>2&#215;1 y vales de descuento directo en el acceso al Espacio Termol\u00fadico de Caldea<br \/>\n<\/strong>Obsequio para TODOS los participantes de TODAS las categor\u00edas de la <a href=\"http:\/\/casamanyaextrem.com\/es\/casamanya-extrem-categorias\/\">Casamanya Extrem Vertical Race<\/a>. <em>Todos los inscritos en cualquier de las categor\u00edas de la prueba, recibir\u00e9is un vale 2&#215;1 y descuentos directos para el acceso al <a href=\"https:\/\/www.caldea.com\/es\/termoludico\" target=\"_blank\" rel=\"noopener\">Espacio Termol\u00fadico de Caldea<\/a>, que podr\u00e9is disfrutar personalmente o compartir con amigos y familiares.<\/em>\n<hr \/>\n<strong>Entradas dobles al Espacio Termol\u00fadico de Caldea<br \/>\n<\/strong>Premio para los r\u00e9cords hist\u00f3ricos absolutos de la <a href=\"http:\/\/casamanyaextrem.com\/es\/casamanya-extrem-recorridos\/\">Casamanya Extrem Classic:<\/a><br \/>\n<em>En 2022, Lea Ancion estableci\u00f3 el r\u00e9cord absoluto femenino de la Casamanya Extrem Cl\u00e0ssic en 43:36 minutos. El mismo a\u00f1o, Max Palmitjavila estableci\u00f3 el r\u00e9cord absoluto masculino de la misma prueba en 33:26 minutos. Si aceptas el reto y consigues batir uno de los dos r\u00e9cords, tendr\u00e1s una entrada doble al <a href=\"https:\/\/www.caldea.com\/es\/termoludico\" target=\"_blank\" rel=\"noopener\">Espacio Termol\u00fadico de Caldea<\/a>.<\/em>\n<hr \/>\n<p><strong>Entradas dobles en el In\u00fau<\/strong> Premio para los r\u00e9cords hist\u00f3ricos absolutos de la <a href=\"http:\/\/casamanyaextrem.com\/casamanya-extrem-recorreguts\/\">Casa\u00f1a\u00f1a Extrem Vertical Race<\/a>: <em>El 20 de junio de 2015, Laura Orgu\u00e9 y Ferran Teixid\u00f3 establecieron los <a title=\"R\u00e9cords Casamanya Extrem\" href=\"http:\/\/casamanyaextrem.com\/casamanya-extrem-records\/\" target=\"_blank\" rel=\"noopener\">r\u00e9cords absolutos de la Casa\u00f1a\u00f1a Extrem<\/a>. Desde entonces, muchos se han acercado, pero nadie ha logrado superarlos. Si aceptas el reto y logras batir uno de los dos r\u00e9cords, tendr\u00e1s una entrada doble de d\u00eda en el <a href=\"https:\/\/www.caldea.com\/es\/inuu\" target=\"_blank\" rel=\"noopener\">In\u00fau<\/a>.<\/em><\/p>\n<hr \/>\n<p><a href=\"https:\/\/www.caldea.com\/es\/espacio-termoludico-caldea\" target=\"_blank\" rel=\"noopener\">M\u00e1s detalles sobre el Espacio Termol\u00fadico Caldea<\/a><\/p>\n<p><a href=\"https:\/\/www.caldea.com\/es\/\"><img loading=\"lazy\" decoding=\"async\" src=\"http:\/\/casamanyaextrem.com\/wp-content\/uploads\/2020\/07\/Logo_CA_L_color.jpg\" alt=\"\" width=\"200\" height=\"77\" \/><\/a><\/p>\n<p>&nbsp;<\/p>\n\n","protected":false},"excerpt":{"rendered":"<p>Fant\u00e1stico neceser y toalla de microfibra Cuando recojas tu dorsal te entregaremos este obsequio que ha preparado el Espacio Termol\u00fadico Caldea para todos los participantes de la Casamanya Extrem Vertical Race 2&#215;1 y vales de descuento directo en el acceso al Espacio Termol\u00fadico de Caldea Obsequio para TODOS los participantes de TODAS las categor\u00edas de [&hellip;]<\/p>\n","protected":false},"author":1,"featured_media":0,"parent":0,"menu_order":0,"comment_status":"closed","ping_status":"closed","template":"","meta":{"site-sidebar-layout":"default","site-content-layout":"default","ast-site-content-layout":"default","site-content-style":"default","site-sidebar-style":"default","ast-global-header-display":"","ast-banner-title-visibility":"","ast-main-header-display":"","ast-hfb-above-header-display":"","ast-hfb-below-header-display":"","ast-hfb-mobile-header-display":"","site-post-title":"","ast-breadcrumbs-content":"","ast-featured-img":"","footer-sml-layout":"","ast-disable-related-posts":"","theme-transparent-header-meta":"default","adv-header-id-meta":"","stick-header-meta":"","header-above-stick-meta":"","header-main-stick-meta":"","header-below-stick-meta":"","astra-migrate-meta-layouts":"default","ast-page-background-enabled":"default","ast-page-background-meta":{"desktop":{"background-color":"","background-image":"","background-repeat":"repeat","background-position":"center center","background-size":"auto","background-attachment":"scroll","background-type":"","background-media":"","overlay-type":"","overlay-color":"","overlay-opacity":"","overlay-gradient":""},"tablet":{"background-color":"","background-image":"","background-repeat":"repeat","background-position":"center center","background-size":"auto","background-attachment":"scroll","background-type":"","background-media":"","overlay-type":"","overlay-color":"","overlay-opacity":"","overlay-gradient":""},"mobile":{"background-color":"","background-image":"","background-repeat":"repeat","background-position":"center center","background-size":"auto","background-attachment":"scroll","background-type":"","background-media":"","overlay-type":"","overlay-color":"","overlay-opacity":"","overlay-gradient":""}},"ast-content-background-meta":{"desktop":{"background-color":"var(--ast-global-color-5)","background-image":"","background-repeat":"repeat","background-position":"center center","background-size":"auto","background-attachment":"scroll","background-type":"","background-media":"","overlay-type":"","overlay-color":"","overlay-opacity":"","overlay-gradient":""},"tablet":{"background-color":"var(--ast-global-color-5)","background-image":"","background-repeat":"repeat","background-position":"center center","background-size":"auto","background-attachment":"scroll","background-type":"","background-media":"","overlay-type":"","overlay-color":"","overlay-opacity":"","overlay-gradient":""},"mobile":{"background-color":"var(--ast-global-color-5)","background-image":"","background-repeat":"repeat","background-position":"center center","background-size":"auto","background-attachment":"scroll","background-type":"","background-media":"","overlay-type":"","overlay-color":"","overlay-opacity":"","overlay-gradient":""}},"footnotes":""},"class_list":["post-2900","page","type-page","status-publish","hentry"],"lang":"es","translations":{"es":2900,"en":3059,"fr":4408},"pll_sync_post":[],"_links":{"self":[{"href":"https:\/\/casamanyaextrem.com\/index.php?rest_route=\/wp\/v2\/pages\/2900","targetHints":{"allow":["GET"]}}],"collection":[{"href":"https:\/\/casamanyaextrem.com\/index.php?rest_route=\/wp\/v2\/pages"}],"about":[{"href":"https:\/\/casamanyaextrem.com\/index.php?rest_route=\/wp\/v2\/types\/page"}],"author":[{"embeddable":true,"href":"https:\/\/casamanyaextrem.com\/index.php?rest_route=\/wp\/v2\/users\/1"}],"replies":[{"embeddable":true,"href":"https:\/\/casamanyaextrem.com\/index.php?rest_route=%2Fwp%2Fv2%2Fcomments&post=2900"}],"version-history":[{"count":8,"href":"https:\/\/casamanyaextrem.com\/index.php?rest_route=\/wp\/v2\/pages\/2900\/revisions"}],"predecessor-version":[{"id":4416,"href":"https:\/\/casamanyaextrem.com\/index.php?rest_route=\/wp\/v2\/pages\/2900\/revisions\/4416"}],"wp:attachment":[{"href":"https:\/\/casamanyaextrem.com\/index.php?rest_route=%2Fwp%2Fv2%2Fmedia&parent=2900"}],"curies":[{"name":"wp","href":"https:\/\/api.w.org\/{rel}","templated":true}]}}