{"id":2911,"date":"2022-04-14T17:06:14","date_gmt":"2022-04-14T15:06:14","guid":{"rendered":"https:\/\/casamanyaextrem.com\/?page_id=2911"},"modified":"2025-06-09T14:54:27","modified_gmt":"2025-06-09T12:54:27","slug":"casamanya-extrem-records-2","status":"publish","type":"page","link":"https:\/\/casamanyaextrem.com\/?page_id=2911&lang=es","title":{"rendered":"Casamanya Extrem R\u00e9cords"},"content":{"rendered":"\n\n\t<h3>Extrem<\/h3>\n<ul>\n<li><strong>01:06:53 &#8211; Laura ORGU\u00c9 2015<\/strong><\/li>\n<li><strong>00:57:36 &#8211; Ferran TEIXID\u00d3 2015<\/strong><\/li>\n<\/ul>\n<h3>Cl\u00e0ssic<\/h3>\n<ul>\n<li><strong>43:36 &#8211; Lea ANCION 2022<\/strong><\/li>\n<li><strong>33:26 &#8211; Max PALMITJAVILA 2022<\/strong><\/li>\n<\/ul>\n<h3>Mini<\/h3>\n<ul>\n<li><strong>22:29 &#8211; N\u00faria MUNTADA 2025<\/strong><\/li>\n<li><strong>17:57 &#8211; Thomas PEREIRO 2022<\/strong><\/li>\n<\/ul>\n<hr \/>\n<p>Resultados proporcionados por <a href=\"https:\/\/www.fam.ad\" target=\"_blank\" rel=\"noopener\">FAM (Federaci\u00f3 Andorrana de Muntanya)<\/a><\/p>\n\n","protected":false},"excerpt":{"rendered":"<p>Extrem 01:06:53 &#8211; Laura ORGU\u00c9 2015 00:57:36 &#8211; Ferran TEIXID\u00d3 2015 Cl\u00e0ssic 43:36 &#8211; Lea ANCION 2022 33:26 &#8211; Max PALMITJAVILA 2022 Mini 22:29 &#8211; N\u00faria MUNTADA 2025 17:57 &#8211; Thomas PEREIRO 2022 Resultados proporcionados por FAM (Federaci\u00f3 Andorrana de Muntanya)<\/p>\n","protected":false},"author":1,"featured_media":0,"parent":0,"menu_order":0,"comment_status":"closed","ping_status":"closed","template":"","meta":{"site-sidebar-layout":"default","site-content-layout":"default","ast-site-content-layout":"default","site-content-style":"default","site-sidebar-style":"default","ast-global-header-display":"","ast-banner-title-visibility":"","ast-main-header-display":"","ast-hfb-above-header-display":"","ast-hfb-below-header-display":"","ast-hfb-mobile-header-display":"","site-post-title":"","ast-breadcrumbs-content":"","ast-featured-img":"","footer-sml-layout":"","ast-disable-related-posts":"","theme-transparent-header-meta":"default","adv-header-id-meta":"","stick-header-meta":"","header-above-stick-meta":"","header-main-stick-meta":"","header-below-stick-meta":"","astra-migrate-meta-layouts":"default","ast-page-background-enabled":"default","ast-page-background-meta":{"desktop":{"background-color":"","background-image":"","background-repeat":"repeat","background-position":"center center","background-size":"auto","background-attachment":"scroll","background-type":"","background-media":"","overlay-type":"","overlay-color":"","overlay-opacity":"","overlay-gradient":""},"tablet":{"background-color":"","background-image":"","background-repeat":"repeat","background-position":"center center","background-size":"auto","background-attachment":"scroll","background-type":"","background-media":"","overlay-type":"","overlay-color":"","overlay-opacity":"","overlay-gradient":""},"mobile":{"background-color":"","background-image":"","background-repeat":"repeat","background-position":"center center","background-size":"auto","background-attachment":"scroll","background-type":"","background-media":"","overlay-type":"","overlay-color":"","overlay-opacity":"","overlay-gradient":""}},"ast-content-background-meta":{"desktop":{"background-color":"var(--ast-global-color-5)","background-image":"","background-repeat":"repeat","background-position":"center center","background-size":"auto","background-attachment":"scroll","background-type":"","background-media":"","overlay-type":"","overlay-color":"","overlay-opacity":"","overlay-gradient":""},"tablet":{"background-color":"var(--ast-global-color-5)","background-image":"","background-repeat":"repeat","background-position":"center center","background-size":"auto","background-attachment":"scroll","background-type":"","background-media":"","overlay-type":"","overlay-color":"","overlay-opacity":"","overlay-gradient":""},"mobile":{"background-color":"var(--ast-global-color-5)","background-image":"","background-repeat":"repeat","background-position":"center center","background-size":"auto","background-attachment":"scroll","background-type":"","background-media":"","overlay-type":"","overlay-color":"","overlay-opacity":"","overlay-gradient":""}},"footnotes":""},"class_list":["post-2911","page","type-page","status-publish","hentry"],"lang":"es","translations":{"es":2911,"ca":1487,"en":3074,"fr":4584},"pll_sync_post":[],"_links":{"self":[{"href":"https:\/\/casamanyaextrem.com\/index.php?rest_route=\/wp\/v2\/pages\/2911","targetHints":{"allow":["GET"]}}],"collection":[{"href":"https:\/\/casamanyaextrem.com\/index.php?rest_route=\/wp\/v2\/pages"}],"about":[{"href":"https:\/\/casamanyaextrem.com\/index.php?rest_route=\/wp\/v2\/types\/page"}],"author":[{"embeddable":true,"href":"https:\/\/casamanyaextrem.com\/index.php?rest_route=\/wp\/v2\/users\/1"}],"replies":[{"embeddable":true,"href":"https:\/\/casamanyaextrem.com\/index.php?rest_route=%2Fwp%2Fv2%2Fcomments&post=2911"}],"version-history":[{"count":8,"href":"https:\/\/casamanyaextrem.com\/index.php?rest_route=\/wp\/v2\/pages\/2911\/revisions"}],"predecessor-version":[{"id":7801,"href":"https:\/\/casamanyaextrem.com\/index.php?rest_route=\/wp\/v2\/pages\/2911\/revisions\/7801"}],"wp:attachment":[{"href":"https:\/\/casamanyaextrem.com\/index.php?rest_route=%2Fwp%2Fv2%2Fmedia&parent=2911"}],"curies":[{"name":"wp","href":"https:\/\/api.w.org\/{rel}","templated":true}]}}