{"id":3211,"date":"2022-05-04T10:53:17","date_gmt":"2022-05-04T08:53:17","guid":{"rendered":"https:\/\/casamanyaextrem.com\/?page_id=3211"},"modified":"2024-03-02T11:18:52","modified_gmt":"2024-03-02T10:18:52","slug":"ordino-2","status":"publish","type":"page","link":"https:\/\/casamanyaextrem.com\/?page_id=3211&lang=es","title":{"rendered":"Ordino"},"content":{"rendered":"\n\n\t<ul>\n<li><strong><a href=\"https:\/\/www.visitordino.com\/es\" target=\"_blank\" rel=\"noopener\">Qu\u00e9 ver y qu\u00e9 hacer (VISITORDINO.COM)<\/a><\/strong><\/li>\n<li><strong>Alojamiento:<\/strong>\n<ul>\n<li><a href=\"https:\/\/casamanyaextrem.com\/es\/casamanya-extrem-ofertas-alojamiento\/\"><strong>Alojamiento oficial para los participantes de la Casamanya Extrem<\/strong><\/a><\/li>\n<li><a href=\"https:\/\/www.visitordino.com\/es\/organiza-tu-viaje\/@@typology_view\/allotjaments?season=summer\" target=\"_blank\" rel=\"noopener\">Gu\u00eda completa de establecimientos tur\u00edsticos<\/a><\/li>\n<\/ul>\n<\/li>\n<\/ul>\n<p><a href=\"https:\/\/casamanyaextrem.com\/wp-content\/uploads\/2023\/05\/ordino.jpg\"><img loading=\"lazy\" decoding=\"async\" src=\"https:\/\/casamanyaextrem.com\/wp-content\/uploads\/2023\/05\/ordino.jpg\" alt=\"\" width=\"973\" height=\"332\" \/><\/a><\/p>\n\t<p><a href=\"http:\/\/casamanyaextrem.com\/wp-content\/uploads\/2022\/03\/ordino-logo-vector.png\"><img loading=\"lazy\" decoding=\"async\" src=\"http:\/\/casamanyaextrem.com\/wp-content\/uploads\/2022\/03\/ordino-logo-vector-300x167.png\" alt=\"Ordino\" width=\"300\" height=\"167\" \/><\/a><\/p>\n\n","protected":false},"excerpt":{"rendered":"<p>Qu\u00e9 ver y qu\u00e9 hacer (VISITORDINO.COM) Alojamiento: Alojamiento oficial para los participantes de la Casamanya Extrem Gu\u00eda completa de establecimientos tur\u00edsticos<\/p>\n","protected":false},"author":1,"featured_media":0,"parent":0,"menu_order":0,"comment_status":"closed","ping_status":"closed","template":"","meta":{"site-sidebar-layout":"default","site-content-layout":"","ast-site-content-layout":"default","site-content-style":"default","site-sidebar-style":"default","ast-global-header-display":"","ast-banner-title-visibility":"","ast-main-header-display":"","ast-hfb-above-header-display":"","ast-hfb-below-header-display":"","ast-hfb-mobile-header-display":"","site-post-title":"","ast-breadcrumbs-content":"","ast-featured-img":"","footer-sml-layout":"","ast-disable-related-posts":"","theme-transparent-header-meta":"","adv-header-id-meta":"","stick-header-meta":"","header-above-stick-meta":"","header-main-stick-meta":"","header-below-stick-meta":"","astra-migrate-meta-layouts":"default","ast-page-background-enabled":"default","ast-page-background-meta":{"desktop":{"background-color":"","background-image":"","background-repeat":"repeat","background-position":"center center","background-size":"auto","background-attachment":"scroll","background-type":"","background-media":"","overlay-type":"","overlay-color":"","overlay-opacity":"","overlay-gradient":""},"tablet":{"background-color":"","background-image":"","background-repeat":"repeat","background-position":"center center","background-size":"auto","background-attachment":"scroll","background-type":"","background-media":"","overlay-type":"","overlay-color":"","overlay-opacity":"","overlay-gradient":""},"mobile":{"background-color":"","background-image":"","background-repeat":"repeat","background-position":"center center","background-size":"auto","background-attachment":"scroll","background-type":"","background-media":"","overlay-type":"","overlay-color":"","overlay-opacity":"","overlay-gradient":""}},"ast-content-background-meta":{"desktop":{"background-color":"var(--ast-global-color-5)","background-image":"","background-repeat":"repeat","background-position":"center center","background-size":"auto","background-attachment":"scroll","background-type":"","background-media":"","overlay-type":"","overlay-color":"","overlay-opacity":"","overlay-gradient":""},"tablet":{"background-color":"var(--ast-global-color-5)","background-image":"","background-repeat":"repeat","background-position":"center center","background-size":"auto","background-attachment":"scroll","background-type":"","background-media":"","overlay-type":"","overlay-color":"","overlay-opacity":"","overlay-gradient":""},"mobile":{"background-color":"var(--ast-global-color-5)","background-image":"","background-repeat":"repeat","background-position":"center center","background-size":"auto","background-attachment":"scroll","background-type":"","background-media":"","overlay-type":"","overlay-color":"","overlay-opacity":"","overlay-gradient":""}},"footnotes":""},"class_list":["post-3211","page","type-page","status-publish","hentry"],"lang":"es","translations":{"es":3211,"ca":3197,"en":3214,"fr":5010},"pll_sync_post":[],"_links":{"self":[{"href":"https:\/\/casamanyaextrem.com\/index.php?rest_route=\/wp\/v2\/pages\/3211","targetHints":{"allow":["GET"]}}],"collection":[{"href":"https:\/\/casamanyaextrem.com\/index.php?rest_route=\/wp\/v2\/pages"}],"about":[{"href":"https:\/\/casamanyaextrem.com\/index.php?rest_route=\/wp\/v2\/types\/page"}],"author":[{"embeddable":true,"href":"https:\/\/casamanyaextrem.com\/index.php?rest_route=\/wp\/v2\/users\/1"}],"replies":[{"embeddable":true,"href":"https:\/\/casamanyaextrem.com\/index.php?rest_route=%2Fwp%2Fv2%2Fcomments&post=3211"}],"version-history":[{"count":5,"href":"https:\/\/casamanyaextrem.com\/index.php?rest_route=\/wp\/v2\/pages\/3211\/revisions"}],"predecessor-version":[{"id":5731,"href":"https:\/\/casamanyaextrem.com\/index.php?rest_route=\/wp\/v2\/pages\/3211\/revisions\/5731"}],"wp:attachment":[{"href":"https:\/\/casamanyaextrem.com\/index.php?rest_route=%2Fwp%2Fv2%2Fmedia&parent=3211"}],"curies":[{"name":"wp","href":"https:\/\/api.w.org\/{rel}","templated":true}]}}