{"id":3334,"date":"2022-05-13T19:32:02","date_gmt":"2022-05-13T17:32:02","guid":{"rendered":"https:\/\/casamanyaextrem.com\/?page_id=3334"},"modified":"2024-03-02T22:16:23","modified_gmt":"2024-03-02T21:16:23","slug":"casamanya-extrem-no-limits-2","status":"publish","type":"page","link":"https:\/\/casamanyaextrem.com\/?page_id=3334","title":{"rendered":"Casamanya Extrem No Limits"},"content":{"rendered":"\n\n\t<h2><strong>Casamanya START: Iniciaci\u00f3 a les curses verticals<\/strong><\/h2>\n<p><a href=\"https:\/\/casamanyaextrem.com\/?attachment_id=5781\" rel=\"attachment wp-att-5781\"><img loading=\"lazy\" decoding=\"async\" src=\"https:\/\/casamanyaextrem.com\/wp-content\/uploads\/2024\/03\/casamanyastart-1.jpg\" alt=\"\" width=\"600\" height=\"758\" \/><\/a><\/p>\n<p>A tots aquells valents que encara no esteu en edat de competir (<a href=\"https:\/\/casamanyaextrem.com\/casamanya-extrem-categories\/\">u8 i u10<\/a>), per\u00f2 us motiva la muntanya i les verticals, us oferim aquesta activitat dirigida pels entrenadors de l&#8217;<a href=\"https:\/\/www.facebook.com\/escolanolimitsclub\/\" target=\"_blank\" rel=\"noopener\">Escola d&#8217;Esports de Muntanya de No Limits Club<\/a>, on s&#8217;explicaran nocions b\u00e0siques de t\u00e8cnica i interpretaci\u00f3 de marcatge aprofitant el <a href=\"https:\/\/casamanyaextrem.com\/?page_id=1301\">circuit Casamanya Mini<\/a> el mateix dia de la cursa. Tamb\u00e9 tindreu l&#8217;oportunitat de veure en directe els corredors de la competici\u00f3, i participar de la resta d&#8217;<a href=\"https:\/\/casamanyaextrem.com\/casamanya-extrem-2022-programa\/\">activitats planificades<\/a>. Esperem que aix\u00f2 us animi a seguir entrenant i esdevenir uns grans atletes de la muntanya.<\/p>\n<p><a href=\"https:\/\/www.facebook.com\/escolanolimitsclub\/\" target=\"_blank\" rel=\"noopener\"><img loading=\"lazy\" decoding=\"async\" src=\"http:\/\/casamanyaextrem.com\/wp-content\/uploads\/2022\/05\/Nolimitsescola-net-297x300.jpg\" alt=\"\" width=\"297\" height=\"300\" \/><\/a><\/p>\n\n","protected":false},"excerpt":{"rendered":"<p>Casamanya START: Iniciaci\u00f3 a les curses verticals A tots aquells valents que encara no esteu en edat de competir (u8 i u10), per\u00f2 us motiva la muntanya i les verticals, us oferim aquesta activitat dirigida pels entrenadors de l&#8217;Escola d&#8217;Esports de Muntanya de No Limits Club, on s&#8217;explicaran nocions b\u00e0siques de t\u00e8cnica i interpretaci\u00f3 de [&hellip;]<\/p>\n","protected":false},"author":1,"featured_media":0,"parent":0,"menu_order":0,"comment_status":"closed","ping_status":"closed","template":"","meta":{"site-sidebar-layout":"default","site-content-layout":"","ast-site-content-layout":"default","site-content-style":"default","site-sidebar-style":"default","ast-global-header-display":"","ast-banner-title-visibility":"","ast-main-header-display":"","ast-hfb-above-header-display":"","ast-hfb-below-header-display":"","ast-hfb-mobile-header-display":"","site-post-title":"","ast-breadcrumbs-content":"","ast-featured-img":"","footer-sml-layout":"","ast-disable-related-posts":"","theme-transparent-header-meta":"","adv-header-id-meta":"","stick-header-meta":"","header-above-stick-meta":"","header-main-stick-meta":"","header-below-stick-meta":"","astra-migrate-meta-layouts":"set","ast-page-background-enabled":"default","ast-page-background-meta":{"desktop":{"background-color":"","background-image":"","background-repeat":"repeat","background-position":"center center","background-size":"auto","background-attachment":"scroll","background-type":"","background-media":"","overlay-type":"","overlay-color":"","overlay-opacity":"","overlay-gradient":""},"tablet":{"background-color":"","background-image":"","background-repeat":"repeat","background-position":"center center","background-size":"auto","background-attachment":"scroll","background-type":"","background-media":"","overlay-type":"","overlay-color":"","overlay-opacity":"","overlay-gradient":""},"mobile":{"background-color":"","background-image":"","background-repeat":"repeat","background-position":"center center","background-size":"auto","background-attachment":"scroll","background-type":"","background-media":"","overlay-type":"","overlay-color":"","overlay-opacity":"","overlay-gradient":""}},"ast-content-background-meta":{"desktop":{"background-color":"var(--ast-global-color-5)","background-image":"","background-repeat":"repeat","background-position":"center center","background-size":"auto","background-attachment":"scroll","background-type":"","background-media":"","overlay-type":"","overlay-color":"","overlay-opacity":"","overlay-gradient":""},"tablet":{"background-color":"var(--ast-global-color-5)","background-image":"","background-repeat":"repeat","background-position":"center center","background-size":"auto","background-attachment":"scroll","background-type":"","background-media":"","overlay-type":"","overlay-color":"","overlay-opacity":"","overlay-gradient":""},"mobile":{"background-color":"var(--ast-global-color-5)","background-image":"","background-repeat":"repeat","background-position":"center center","background-size":"auto","background-attachment":"scroll","background-type":"","background-media":"","overlay-type":"","overlay-color":"","overlay-opacity":"","overlay-gradient":""}},"footnotes":""},"class_list":["post-3334","page","type-page","status-publish","hentry"],"lang":"ca","translations":{"es":3337,"ca":3334,"en":3344,"fr":5787},"pll_sync_post":[],"_links":{"self":[{"href":"https:\/\/casamanyaextrem.com\/index.php?rest_route=\/wp\/v2\/pages\/3334","targetHints":{"allow":["GET"]}}],"collection":[{"href":"https:\/\/casamanyaextrem.com\/index.php?rest_route=\/wp\/v2\/pages"}],"about":[{"href":"https:\/\/casamanyaextrem.com\/index.php?rest_route=\/wp\/v2\/types\/page"}],"author":[{"embeddable":true,"href":"https:\/\/casamanyaextrem.com\/index.php?rest_route=\/wp\/v2\/users\/1"}],"replies":[{"embeddable":true,"href":"https:\/\/casamanyaextrem.com\/index.php?rest_route=%2Fwp%2Fv2%2Fcomments&post=3334"}],"version-history":[{"count":5,"href":"https:\/\/casamanyaextrem.com\/index.php?rest_route=\/wp\/v2\/pages\/3334\/revisions"}],"predecessor-version":[{"id":5783,"href":"https:\/\/casamanyaextrem.com\/index.php?rest_route=\/wp\/v2\/pages\/3334\/revisions\/5783"}],"wp:attachment":[{"href":"https:\/\/casamanyaextrem.com\/index.php?rest_route=%2Fwp%2Fv2%2Fmedia&parent=3334"}],"curies":[{"name":"wp","href":"https:\/\/api.w.org\/{rel}","templated":true}]}}