{"id":4383,"date":"2023-04-12T07:08:04","date_gmt":"2023-04-12T05:08:04","guid":{"rendered":"https:\/\/casamanyaextrem.com\/?page_id=4383"},"modified":"2023-04-14T10:51:43","modified_gmt":"2023-04-14T08:51:43","slug":"casamanya-extrem-premis-caldea","status":"publish","type":"page","link":"https:\/\/casamanyaextrem.com\/?page_id=4383","title":{"rendered":"Casamanya Extrem Premis Caldea"},"content":{"rendered":"\n\n\t\t\t<img decoding=\"async\" loading='false' src=\"https:\/\/casamanyaextrem.com\/wp-content\/uploads\/2023\/04\/low_inuu_27.jpg\" alt=\"\" \/>\t\t\t\n\t\t\t<img decoding=\"async\" loading='false' src=\"https:\/\/casamanyaextrem.com\/wp-content\/uploads\/2023\/04\/low_termoludic_73.jpg\" alt=\"\" \/>\t\t\t\n\t\t\t<img decoding=\"async\" loading='false' src=\"https:\/\/casamanyaextrem.com\/wp-content\/uploads\/2023\/04\/low_inuu_20.jpg\" alt=\"\" \/>\t\t\t\n\t\t\t<img decoding=\"async\" loading='false' src=\"https:\/\/casamanyaextrem.com\/wp-content\/uploads\/2023\/04\/low_termoludic_01.jpg\" alt=\"\" \/>\t\t\t\n\t<p><a href=\"https:\/\/www.caldea.com\/ca\/\"><img loading=\"lazy\" decoding=\"async\" src=\"http:\/\/casamanyaextrem.com\/wp-content\/uploads\/2020\/07\/Logo_CA_L_color.jpg\" alt=\"\" width=\"200\" height=\"77\" \/><\/a><\/p>\n<strong>Fant\u00e0stic necesser i tovallola de microfibra<br \/>\n<\/strong><em>Quan recullis el teu dorsal et farem entrega d&#8217;aquest obsequi que ha preparat <a href=\"https:\/\/www.caldea.com\/ca\/termoludic\" target=\"_blank\" rel=\"noopener\">l&#8217;Espai Termol\u00fadic Caldea<\/a> per a tots els participants de la <a href=\"http:\/\/casamanyaextrem.com\/\">Casamanya Extrem Vertical Race<\/a><\/em>\n<hr \/>\n<strong>2&#215;1 i vals de descompte directe en l&#8217;acc\u00e9s a l&#8217;Espai Termol\u00fadic de Caldea<br \/>\n<\/strong>Obsequi per a TOTS els participants de TOTES les categories de la <a href=\"http:\/\/casamanyaextrem.com\/casamanya-extrem-categories\/\">Casamanya Extrem Vertical Race<\/a>. <em>Tots els inscrits en qualsevol de les categories de la prova, rebreu un val 2&#215;1 i descomptes directes per a l&#8217;acc\u00e9s a l&#8217;<a href=\"https:\/\/www.caldea.com\/ca\/termoludic\" target=\"_blank\" rel=\"noopener\">Espai Termol\u00fadic de Caldea<\/a>, que podreu disfrutar personalment o compartir amb amics i fam\u00edlia.<\/em>\n<hr \/>\n<strong>Entrades dobles a l&#8217;Espai Termol\u00fadic de Caldea<br \/>\n<\/strong>Premi per als r\u00e9cors hist\u00f2rics absoluts de la <a href=\"http:\/\/casamanyaextrem.com\/casamanya-extrem-recorreguts\/\">Casamanya Extrem Classic:<\/a><br \/>\n<em>El 2022, Lea Ancion va establir el r\u00e9cord absolut femen\u00ed de la Casamanya Extrem Cl\u00e0ssic en 43:36 minuts. El mateix any, Max Palmitjavila va establir el r\u00e9cord absolut mascul\u00ed de la mateixa prova en 33:26 minuts. Si acceptes el repte i aconsegueixes batre un dels dos r\u00e9cords, tindr\u00e0s una entrada doble a l&#8217;<a href=\"https:\/\/www.caldea.com\/ca\/termoludic\" target=\"_blank\" rel=\"noopener\">Espai Termol\u00fadic de Caldea<\/a>.<\/em>\n<hr \/>\n<strong>Entrades dobles a l&#8217;In\u00fau<br \/>\n<\/strong>Premi per als r\u00e9cords hist\u00f2rics absoluts de la <a href=\"http:\/\/casamanyaextrem.com\/casamanya-extrem-recorreguts\/\">Casamanya Extrem Vertical Race<\/a>:<br \/>\n<em>El 20 de juny de 2015, Laura Orgu\u00e9 i Ferran Teixid\u00f3 van establir els <a title=\"Records Casamanya Extrem\" href=\"http:\/\/casamanyaextrem.com\/casamanya-extrem-records\/\" target=\"_blank\" rel=\"noopener\">r\u00e9cords absoluts de la Casamanya Extrem.<\/a> Des de llavors, molts s&#8217;han acostat,per\u00f2 ning\u00fa ha aconseguit superar-los. Si acceptes el repte i aconsegueixes batre un dels dos r\u00e9cords, tindr\u00e0s una entrada doble de dia a l&#8217;<a href=\"https:\/\/www.caldea.com\/ca\/inuu\" target=\"_blank\" rel=\"noopener\">In\u00fau<\/a><br \/>\n<\/em>\n<hr \/>\n<p>&nbsp;<\/p>\n<p><a href=\"https:\/\/www.caldea.com\/ca\/termoludic\" target=\"_blank\" rel=\"noopener\">M\u00e9s detalls sobre l&#8217;Espai Termol\u00fadic Caldea<\/a><\/p>\n<p><a href=\"https:\/\/www.caldea.com\/ca\/\"><img loading=\"lazy\" decoding=\"async\" src=\"http:\/\/casamanyaextrem.com\/wp-content\/uploads\/2020\/07\/Logo_CA_L_color.jpg\" alt=\"\" width=\"200\" height=\"77\" \/><\/a><\/p>\n<p>&nbsp;<\/p>\n\n","protected":false},"excerpt":{"rendered":"<p>Fant\u00e0stic necesser i tovallola de microfibra Quan recullis el teu dorsal et farem entrega d&#8217;aquest obsequi que ha preparat l&#8217;Espai Termol\u00fadic Caldea per a tots els participants de la Casamanya Extrem Vertical Race 2&#215;1 i vals de descompte directe en l&#8217;acc\u00e9s a l&#8217;Espai Termol\u00fadic de Caldea Obsequi per a TOTS els participants de TOTES les [&hellip;]<\/p>\n","protected":false},"author":1,"featured_media":0,"parent":0,"menu_order":0,"comment_status":"closed","ping_status":"closed","template":"","meta":{"site-sidebar-layout":"default","site-content-layout":"default","ast-site-content-layout":"default","site-content-style":"default","site-sidebar-style":"default","ast-global-header-display":"","ast-banner-title-visibility":"","ast-main-header-display":"","ast-hfb-above-header-display":"","ast-hfb-below-header-display":"","ast-hfb-mobile-header-display":"","site-post-title":"","ast-breadcrumbs-content":"","ast-featured-img":"","footer-sml-layout":"","ast-disable-related-posts":"","theme-transparent-header-meta":"default","adv-header-id-meta":"","stick-header-meta":"","header-above-stick-meta":"","header-main-stick-meta":"","header-below-stick-meta":"","astra-migrate-meta-layouts":"default","ast-page-background-enabled":"default","ast-page-background-meta":{"desktop":{"background-color":"","background-image":"","background-repeat":"repeat","background-position":"center center","background-size":"auto","background-attachment":"scroll","background-type":"","background-media":"","overlay-type":"","overlay-color":"","overlay-opacity":"","overlay-gradient":""},"tablet":{"background-color":"","background-image":"","background-repeat":"repeat","background-position":"center center","background-size":"auto","background-attachment":"scroll","background-type":"","background-media":"","overlay-type":"","overlay-color":"","overlay-opacity":"","overlay-gradient":""},"mobile":{"background-color":"","background-image":"","background-repeat":"repeat","background-position":"center center","background-size":"auto","background-attachment":"scroll","background-type":"","background-media":"","overlay-type":"","overlay-color":"","overlay-opacity":"","overlay-gradient":""}},"ast-content-background-meta":{"desktop":{"background-color":"var(--ast-global-color-5)","background-image":"","background-repeat":"repeat","background-position":"center center","background-size":"auto","background-attachment":"scroll","background-type":"","background-media":"","overlay-type":"","overlay-color":"","overlay-opacity":"","overlay-gradient":""},"tablet":{"background-color":"var(--ast-global-color-5)","background-image":"","background-repeat":"repeat","background-position":"center center","background-size":"auto","background-attachment":"scroll","background-type":"","background-media":"","overlay-type":"","overlay-color":"","overlay-opacity":"","overlay-gradient":""},"mobile":{"background-color":"var(--ast-global-color-5)","background-image":"","background-repeat":"repeat","background-position":"center center","background-size":"auto","background-attachment":"scroll","background-type":"","background-media":"","overlay-type":"","overlay-color":"","overlay-opacity":"","overlay-gradient":""}},"footnotes":""},"class_list":["post-4383","page","type-page","status-publish","hentry"],"lang":"ca","translations":{"es":2900,"en":3059,"fr":4408},"pll_sync_post":[],"_links":{"self":[{"href":"https:\/\/casamanyaextrem.com\/index.php?rest_route=\/wp\/v2\/pages\/4383","targetHints":{"allow":["GET"]}}],"collection":[{"href":"https:\/\/casamanyaextrem.com\/index.php?rest_route=\/wp\/v2\/pages"}],"about":[{"href":"https:\/\/casamanyaextrem.com\/index.php?rest_route=\/wp\/v2\/types\/page"}],"author":[{"embeddable":true,"href":"https:\/\/casamanyaextrem.com\/index.php?rest_route=\/wp\/v2\/users\/1"}],"replies":[{"embeddable":true,"href":"https:\/\/casamanyaextrem.com\/index.php?rest_route=%2Fwp%2Fv2%2Fcomments&post=4383"}],"version-history":[{"count":9,"href":"https:\/\/casamanyaextrem.com\/index.php?rest_route=\/wp\/v2\/pages\/4383\/revisions"}],"predecessor-version":[{"id":7097,"href":"https:\/\/casamanyaextrem.com\/index.php?rest_route=\/wp\/v2\/pages\/4383\/revisions\/7097"}],"wp:attachment":[{"href":"https:\/\/casamanyaextrem.com\/index.php?rest_route=%2Fwp%2Fv2%2Fmedia&parent=4383"}],"curies":[{"name":"wp","href":"https:\/\/api.w.org\/{rel}","templated":true}]}}