{"id":4408,"date":"2023-04-14T05:37:49","date_gmt":"2023-04-14T03:37:49","guid":{"rendered":"https:\/\/casamanyaextrem.com\/?page_id=4408"},"modified":"2023-04-23T14:28:06","modified_gmt":"2023-04-23T12:28:06","slug":"casamanya-extrem-prix-caldea","status":"publish","type":"page","link":"https:\/\/casamanyaextrem.com\/?page_id=4408&lang=fr","title":{"rendered":"Casamanya Extrem Prix Caldea"},"content":{"rendered":"\n<img decoding=\"async\" loading=\"false\" src=\"https:\/\/casamanyaextrem.com\/wp-content\/uploads\/2023\/04\/low_inuu_27.jpg\" alt=\"\">\t\t\t\n\t\t\t<img decoding=\"async\" loading=\"false\" src=\"https:\/\/casamanyaextrem.com\/wp-content\/uploads\/2023\/04\/low_termoludic_73.jpg\" alt=\"\">\t\t\t\n\t\t\t<img decoding=\"async\" loading=\"false\" src=\"https:\/\/casamanyaextrem.com\/wp-content\/uploads\/2023\/04\/low_inuu_20.jpg\" alt=\"\">\t\t\t\n\t\t\t<img decoding=\"async\" loading=\"false\" src=\"https:\/\/casamanyaextrem.com\/wp-content\/uploads\/2023\/04\/low_termoludic_01.jpg\" alt=\"\">\t\t\t\n\t<p><a href=\"https:\/\/www.caldea.com\/ca\/\"><img loading=\"lazy\" decoding=\"async\" src=\"http:\/\/casamanyaextrem.com\/wp-content\/uploads\/2020\/07\/Logo_CA_L_color.jpg\" alt=\"\" width=\"200\" height=\"77\"><\/a><\/p>\n<strong>Fantastique trousse de toilette et serviette en microfibre<br>\n<\/strong><em>Lorsque vous r\u00e9cup\u00e9rez votre dossard, vous recevrez ce cadeau pr\u00e9par\u00e9 par l&#8217;<a href=\"https:\/\/www.caldea.com\/ca\/termoludic\" target=\"_blank\" rel=\"noopener\">Espace Thermoludique Caldea<\/a> pour tous les participants de la <a href=\"http:\/\/casamanyaextrem.com\/\">Casamanya Extrem Vertical Race<\/a>.<\/em>\n<hr>\n<strong>2 pour 1 et bons de r\u00e9duction pour l&#8217;acc\u00e8s \u00e0 l&#8217;Espace Thermoludique de Caldea<br>\n<\/strong>Cadeau pour TOUS les participants de TOUTES les cat\u00e9gories de la <a href=\"http:\/\/casamanyaextrem.com\/casamanya-extrem-categories\/\">Casamanya Extrem Vertical Race<\/a>. <em>Tous les inscrits \u00e0 l&#8217;une des cat\u00e9gories de la course recevront un bon de r\u00e9duction 2 pour 1 et des r\u00e9ductions directes pour acc\u00e9der \u00e0 l&#8217;<a href=\"https:\/\/www.caldea.com\/ca\/termoludic\" target=\"_blank\" rel=\"noopener\">Espace Thermoludique Caldea<\/a>, que vous pourrez profiter personnellement ou partager avec des amis et de la famille.<\/em>\n<hr>\n<strong>Billets doubles pour l&#8217;Espace Thermoludique de Caldea<br>\n<\/strong>Prix pour les records historiques absolus de la <a href=\"http:\/\/casamanyaextrem.com\/casamanya-extrem-recorreguts\/\">Casamanya Extrem Classic<\/a> :<br>\n<em>En 2022, Lea Ancion a \u00e9tabli le record absolu f\u00e9minin de la Casamanya Extrem Cl\u00e0ssic en 43:36 minutes. La m\u00eame ann\u00e9e, Max Palmitjavila a \u00e9tabli le record absolu masculin de la m\u00eame \u00e9preuve en 33:26 minutes. Si vous acceptez le d\u00e9fi et battez l&#8217;un des deux records, vous recevrez un billet double pour l&#8217;<a href=\"https:\/\/www.caldea.com\/ca\/termoludic\" target=\"_blank\" rel=\"noopener\">Espace Thermoludique Caldea<\/a>.<\/em>\n<hr>\n<strong>Double entr\u00e9es \u00e0 In\u00fau<\/strong> Prix pour les records historiques absolus de la <a href=\"http:\/\/casamanyaextrem.com\/casamanya-extrem-recorreguts\/\">Course Verticale Casamanya Extrem<\/a>:<br>\n<em>Le 20 juin 2015, Laura Orgu\u00e9 et Ferran Teixid\u00f3 ont \u00e9tabli les <a title=\"Records Casamanya Extrem\" href=\"http:\/\/casamanyaextrem.com\/casamanya-extrem-records\/\" target=\"_blank\" rel=\"noopener\">records absolus de Casamanya Extrem<\/a>. Depuis lors, de nombreux participants ont essay\u00e9, mais personne n&#8217;a r\u00e9ussi \u00e0 les d\u00e9passer. Si vous acceptez le d\u00e9fi et que vous r\u00e9ussissez \u00e0 battre l&#8217;un des deux records, vous recevrez une double entr\u00e9e d&#8217;une journ\u00e9e \u00e0 <a href=\"https:\/\/www.caldea.com\/fr\/inuu\" target=\"_blank\" rel=\"noopener\">In\u00fau<\/a>.<\/em>\n<hr>\n<p><a href=\"https:\/\/www.caldea.com\/fr\/thermoludique\" target=\"_blank\" rel=\"noopener\">Plus de d\u00e9tails sur le spa thermoludique Caldea<\/a><\/p>\n","protected":false},"excerpt":{"rendered":"<p>Fantastique trousse de toilette et serviette en microfibre Lorsque vous r\u00e9cup\u00e9rez votre dossard, vous recevrez ce cadeau pr\u00e9par\u00e9 par l&#8217;Espace Thermoludique Caldea pour tous les participants de la Casamanya Extrem Vertical Race. 2 pour 1 et bons de r\u00e9duction pour l&#8217;acc\u00e8s \u00e0 l&#8217;Espace Thermoludique de Caldea Cadeau pour TOUS les participants de TOUTES les cat\u00e9gories [&hellip;]<\/p>\n","protected":false},"author":1,"featured_media":0,"parent":0,"menu_order":0,"comment_status":"closed","ping_status":"closed","template":"","meta":{"site-sidebar-layout":"default","site-content-layout":"default","ast-site-content-layout":"default","site-content-style":"default","site-sidebar-style":"default","ast-global-header-display":"","ast-banner-title-visibility":"","ast-main-header-display":"","ast-hfb-above-header-display":"","ast-hfb-below-header-display":"","ast-hfb-mobile-header-display":"","site-post-title":"","ast-breadcrumbs-content":"","ast-featured-img":"","footer-sml-layout":"","ast-disable-related-posts":"","theme-transparent-header-meta":"default","adv-header-id-meta":"","stick-header-meta":"","header-above-stick-meta":"","header-main-stick-meta":"","header-below-stick-meta":"","astra-migrate-meta-layouts":"default","ast-page-background-enabled":"default","ast-page-background-meta":{"desktop":{"background-color":"","background-image":"","background-repeat":"repeat","background-position":"center center","background-size":"auto","background-attachment":"scroll","background-type":"","background-media":"","overlay-type":"","overlay-color":"","overlay-opacity":"","overlay-gradient":""},"tablet":{"background-color":"","background-image":"","background-repeat":"repeat","background-position":"center center","background-size":"auto","background-attachment":"scroll","background-type":"","background-media":"","overlay-type":"","overlay-color":"","overlay-opacity":"","overlay-gradient":""},"mobile":{"background-color":"","background-image":"","background-repeat":"repeat","background-position":"center center","background-size":"auto","background-attachment":"scroll","background-type":"","background-media":"","overlay-type":"","overlay-color":"","overlay-opacity":"","overlay-gradient":""}},"ast-content-background-meta":{"desktop":{"background-color":"var(--ast-global-color-5)","background-image":"","background-repeat":"repeat","background-position":"center center","background-size":"auto","background-attachment":"scroll","background-type":"","background-media":"","overlay-type":"","overlay-color":"","overlay-opacity":"","overlay-gradient":""},"tablet":{"background-color":"var(--ast-global-color-5)","background-image":"","background-repeat":"repeat","background-position":"center center","background-size":"auto","background-attachment":"scroll","background-type":"","background-media":"","overlay-type":"","overlay-color":"","overlay-opacity":"","overlay-gradient":""},"mobile":{"background-color":"var(--ast-global-color-5)","background-image":"","background-repeat":"repeat","background-position":"center center","background-size":"auto","background-attachment":"scroll","background-type":"","background-media":"","overlay-type":"","overlay-color":"","overlay-opacity":"","overlay-gradient":""}},"footnotes":""},"class_list":["post-4408","page","type-page","status-publish","hentry"],"lang":"fr","translations":{"es":2900,"en":3059,"fr":4408},"pll_sync_post":[],"_links":{"self":[{"href":"https:\/\/casamanyaextrem.com\/index.php?rest_route=\/wp\/v2\/pages\/4408","targetHints":{"allow":["GET"]}}],"collection":[{"href":"https:\/\/casamanyaextrem.com\/index.php?rest_route=\/wp\/v2\/pages"}],"about":[{"href":"https:\/\/casamanyaextrem.com\/index.php?rest_route=\/wp\/v2\/types\/page"}],"author":[{"embeddable":true,"href":"https:\/\/casamanyaextrem.com\/index.php?rest_route=\/wp\/v2\/users\/1"}],"replies":[{"embeddable":true,"href":"https:\/\/casamanyaextrem.com\/index.php?rest_route=%2Fwp%2Fv2%2Fcomments&post=4408"}],"version-history":[{"count":4,"href":"https:\/\/casamanyaextrem.com\/index.php?rest_route=\/wp\/v2\/pages\/4408\/revisions"}],"predecessor-version":[{"id":4497,"href":"https:\/\/casamanyaextrem.com\/index.php?rest_route=\/wp\/v2\/pages\/4408\/revisions\/4497"}],"wp:attachment":[{"href":"https:\/\/casamanyaextrem.com\/index.php?rest_route=%2Fwp%2Fv2%2Fmedia&parent=4408"}],"curies":[{"name":"wp","href":"https:\/\/api.w.org\/{rel}","templated":true}]}}