{"id":4428,"date":"2023-04-20T05:29:04","date_gmt":"2023-04-20T03:29:04","guid":{"rendered":"https:\/\/casamanyaextrem.com\/?page_id=4428"},"modified":"2026-03-13T06:38:09","modified_gmt":"2026-03-13T05:38:09","slug":"casamanya-extrem-2023-programa","status":"publish","type":"page","link":"https:\/\/casamanyaextrem.com\/?page_id=4428","title":{"rendered":"Casamanya Extrem Programa"},"content":{"rendered":"\n\n\t<p>&nbsp;<\/p>\n<hr \/>\n<p><strong>Dates rellevants:<\/strong><\/p>\n<ul>\n<li>15-3-2026 &#8211; <a href=\"https:\/\/casamanyaextrem.com\/?page_id=4679\" rel=\"noopener\">Inscripcions ANTICIPADES<\/a><\/li>\n<li>15-4-2026 &#8211; <a href=\"https:\/\/casamanyaextrem.com\/?page_id=4679\" rel=\"noopener\">Inscripcions REGULARS<\/a><\/li>\n<li>15-5-2026 &#8211; <a href=\"https:\/\/casamanyaextrem.com\/?page_id=4679\" rel=\"noopener\">Inscripcions FINALS<\/a><\/li>\n<li>3-6-2026 &#8211; Tancament d&#8217;inscripcions<\/li>\n<li>5-6-2026 &#8211; Recollida de dorsals<\/li>\n<li><strong>6-6-2026 &#8211; Carreres<\/strong><\/li>\n<\/ul>\n<hr \/>\n<p><strong>Parking Participants 5 i 6 de juny<\/strong><\/p>\n<p>Carretera del Coll d&#8217;Ordino<\/p>\n<p><a href=\"https:\/\/casamanyaextrem.com\/?attachment_id=7702\" rel=\"attachment wp-att-7702\"><img loading=\"lazy\" decoding=\"async\" src=\"https:\/\/casamanyaextrem.com\/wp-content\/uploads\/2025\/06\/ParkingCasamanya-1.png\" alt=\"\" width=\"605\" height=\"703\" \/><\/a><\/p>\n<p><strong>Recollida de dorsals 5 de juny:<\/strong><\/p>\n<p><a href=\"https:\/\/maps.app.goo.gl\/V7NRBW3cf5FQgfw17\" target=\"_blank\" rel=\"noopener\"><strong>Casa de la Muntanya (ORDINO)<\/strong><\/a><\/p>\n<ul>\n<li>18:00 &#8211; 20:30 &#8211; Entrega dorsals i bossa corredor<\/li>\n<\/ul>\n<p><strong>Programa per al 6 de juny:<\/strong><\/p>\n<p><a href=\"https:\/\/goo.gl\/maps\/zarD8yuLW5S8uu689\" target=\"_blank\" rel=\"noopener\"><strong>Pla\u00e7a Major, Ordino<\/strong><\/a><\/p>\n<p><iframe loading=\"lazy\" src=\"https:\/\/www.google.com\/maps\/embed?pb=!1m18!1m12!1m3!1d628.5400157465707!2d1.5323386085786956!3d42.5568446830123!2m3!1f0!2f0!3f0!3m2!1i1024!2i768!4f13.1!3m3!1m2!1s0x12af614192820799%3A0x1572ccc52b6198fa!2sPla%C3%A7a%20major!5e1!3m2!1ses!2sad!4v1654463153610!5m2!1ses!2sad\" width=\"600\" height=\"450\" allowfullscreen=\"allowfullscreen\"><\/iframe><\/p>\n<ul>\n<li>07:30 &#8211; 08:30 &#8211; Entrega darrers dorsals<\/li>\n<li>08:30 &#8211; 09:00 &#8211; Control d&#8217;acc\u00e9s sortida<\/li>\n<li>09:00 &#8211; Sortida <a href=\"https:\/\/casamanyaextrem.com\/?page_id=6010&amp;lang=es\">Casamanya EXTREM<\/a><\/li>\n<\/ul>\n<p><em>NOTES:<\/em><\/p>\n<ul>\n<li>\n<ul>\n<li><em>S&#8217;efectuar\u00e0 un control estricte de llic\u00e8ncies federatives i assegurances de dia<\/em><\/li>\n<li><em>S&#8217;efectuar\u00e0 un control del material obligatori (paravent)<\/em><\/li>\n<li><em>S&#8217;hi podran deixar els objectes personals a l&#8217;organitzaci\u00f3 i recollir-los al Coll d&#8217;Ordino al finalitzar la prova<\/em><\/li>\n<\/ul>\n<\/li>\n<\/ul>\n<p><a href=\"https:\/\/goo.gl\/maps\/rPb6edfD9aWwv4fm7\" target=\"_blank\" rel=\"noopener\"><strong>Coll d&#8217;Ordino<\/strong><\/a><\/p>\n<p><iframe loading=\"lazy\" src=\"https:\/\/www.google.com\/maps\/embed?pb=!1m18!1m12!1m3!1d1038.6205174218019!2d1.572010893986099!3d42.55551444974555!2m3!1f0!2f0!3f0!3m2!1i1024!2i768!4f13.1!3m3!1m2!1s0x12af611bbda22c93%3A0x6aaa27ffe7127914!2zQ29sbCBk4oCZT3JkaW5v!5e1!3m2!1ses!2sad!4v1654463703480!5m2!1ses!2sad\" width=\"600\" height=\"450\" allowfullscreen=\"allowfullscreen\"><\/iframe><\/p>\n<ul>\n<li>10:00 &#8211; Sortida <a href=\"https:\/\/casamanyaextrem.com\/?page_id=5987&amp;lang=es\">Casamanya CL\u00c0SSIC<\/a><\/li>\n<li>10:00 &#8211; Sortida <a href=\"https:\/\/casamanyaextrem.com\/?page_id=6004\">Casamanya TEAMS<\/a><\/li>\n<li>10:00 &#8211; Sortida <a href=\"https:\/\/casamanyaextrem.com\/?page_id=2892&amp;lang=es\">Casamanya MINI<\/a><\/li>\n<\/ul>\n<p><em>NOTA: Es podran deixar els objectes personals en una zona habilitada<\/em><\/p>\n<p><strong>Andorra Congress Center d&#8217;<a href=\"https:\/\/goo.gl\/maps\/4bkxDggLp3GWmKoy9\" target=\"_blank\" rel=\"noopener\">Ordino (ACCO)<\/a><\/strong><\/p>\n<ul>\n<li>13:00 &#8211; Obertura <a href=\"https:\/\/casamanyaextrem.com\/?page_id=4874&amp;lang=es\">Buffet Menjar<\/a><\/li>\n<li>14:00 &#8211; Entrega de premis Casamanya<\/li>\n<li>14:30 &#8211; Entrega de premis Copa Andorra de Curses de Muntanya 2025<\/li>\n<\/ul>\n<hr \/>\n<p><em>NOTA: Programa actualitzat 13-3-2025. L&#8217;organitzaci\u00f3 es reserva el dret de modificar-lo per raons sanit\u00e0ries, meteorol\u00f2giques o altres causes de for\u00e7a major, i es compromet a comunicar-ho a tots els participants i col\u00b7laboradors.<\/em><\/p>\n\n","protected":false},"excerpt":{"rendered":"<p>&nbsp; Dates rellevants: 15-3-2026 &#8211; Inscripcions ANTICIPADES 15-4-2026 &#8211; Inscripcions REGULARS 15-5-2026 &#8211; Inscripcions FINALS 3-6-2026 &#8211; Tancament d&#8217;inscripcions 5-6-2026 &#8211; Recollida de dorsals 6-6-2026 &#8211; Carreres Parking Participants 5 i 6 de juny Carretera del Coll d&#8217;Ordino Recollida de dorsals 5 de juny: Casa de la Muntanya (ORDINO) 18:00 &#8211; 20:30 &#8211; Entrega dorsals [&hellip;]<\/p>\n","protected":false},"author":1,"featured_media":0,"parent":0,"menu_order":0,"comment_status":"closed","ping_status":"closed","template":"","meta":{"site-sidebar-layout":"default","site-content-layout":"default","ast-site-content-layout":"default","site-content-style":"default","site-sidebar-style":"default","ast-global-header-display":"","ast-banner-title-visibility":"","ast-main-header-display":"","ast-hfb-above-header-display":"","ast-hfb-below-header-display":"","ast-hfb-mobile-header-display":"","site-post-title":"","ast-breadcrumbs-content":"","ast-featured-img":"","footer-sml-layout":"","ast-disable-related-posts":"","theme-transparent-header-meta":"default","adv-header-id-meta":"","stick-header-meta":"","header-above-stick-meta":"","header-main-stick-meta":"","header-below-stick-meta":"","astra-migrate-meta-layouts":"set","ast-page-background-enabled":"default","ast-page-background-meta":{"desktop":{"background-color":"","background-image":"","background-repeat":"repeat","background-position":"center center","background-size":"auto","background-attachment":"scroll","background-type":"","background-media":"","overlay-type":"","overlay-color":"","overlay-opacity":"","overlay-gradient":""},"tablet":{"background-color":"","background-image":"","background-repeat":"repeat","background-position":"center center","background-size":"auto","background-attachment":"scroll","background-type":"","background-media":"","overlay-type":"","overlay-color":"","overlay-opacity":"","overlay-gradient":""},"mobile":{"background-color":"","background-image":"","background-repeat":"repeat","background-position":"center center","background-size":"auto","background-attachment":"scroll","background-type":"","background-media":"","overlay-type":"","overlay-color":"","overlay-opacity":"","overlay-gradient":""}},"ast-content-background-meta":{"desktop":{"background-color":"var(--ast-global-color-5)","background-image":"","background-repeat":"repeat","background-position":"center center","background-size":"auto","background-attachment":"scroll","background-type":"","background-media":"","overlay-type":"","overlay-color":"","overlay-opacity":"","overlay-gradient":""},"tablet":{"background-color":"var(--ast-global-color-5)","background-image":"","background-repeat":"repeat","background-position":"center center","background-size":"auto","background-attachment":"scroll","background-type":"","background-media":"","overlay-type":"","overlay-color":"","overlay-opacity":"","overlay-gradient":""},"mobile":{"background-color":"var(--ast-global-color-5)","background-image":"","background-repeat":"repeat","background-position":"center center","background-size":"auto","background-attachment":"scroll","background-type":"","background-media":"","overlay-type":"","overlay-color":"","overlay-opacity":"","overlay-gradient":""}},"footnotes":""},"class_list":["post-4428","page","type-page","status-publish","hentry"],"lang":"ca","translations":{"ca":4428,"es":4439,"en":4457,"fr":4464},"pll_sync_post":[],"_links":{"self":[{"href":"https:\/\/casamanyaextrem.com\/index.php?rest_route=\/wp\/v2\/pages\/4428","targetHints":{"allow":["GET"]}}],"collection":[{"href":"https:\/\/casamanyaextrem.com\/index.php?rest_route=\/wp\/v2\/pages"}],"about":[{"href":"https:\/\/casamanyaextrem.com\/index.php?rest_route=\/wp\/v2\/types\/page"}],"author":[{"embeddable":true,"href":"https:\/\/casamanyaextrem.com\/index.php?rest_route=\/wp\/v2\/users\/1"}],"replies":[{"embeddable":true,"href":"https:\/\/casamanyaextrem.com\/index.php?rest_route=%2Fwp%2Fv2%2Fcomments&post=4428"}],"version-history":[{"count":11,"href":"https:\/\/casamanyaextrem.com\/index.php?rest_route=\/wp\/v2\/pages\/4428\/revisions"}],"predecessor-version":[{"id":8017,"href":"https:\/\/casamanyaextrem.com\/index.php?rest_route=\/wp\/v2\/pages\/4428\/revisions\/8017"}],"wp:attachment":[{"href":"https:\/\/casamanyaextrem.com\/index.php?rest_route=%2Fwp%2Fv2%2Fmedia&parent=4428"}],"curies":[{"name":"wp","href":"https:\/\/api.w.org\/{rel}","templated":true}]}}