{"id":4482,"date":"2023-04-23T13:44:13","date_gmt":"2023-04-23T11:44:13","guid":{"rendered":"https:\/\/casamanyaextrem.com\/?page_id=4482"},"modified":"2026-03-17T06:47:34","modified_gmt":"2026-03-17T05:47:34","slug":"casamanya-extrem-categories","status":"publish","type":"page","link":"https:\/\/casamanyaextrem.com\/?page_id=4482&lang=fr","title":{"rendered":"Casamanya Extrem Cat\u00e9gories"},"content":{"rendered":"\n\n\t<p><strong>Cat\u00e9gories individuelles<\/strong><\/p>\n<p>Ci-dessous sont d\u00e9crites les cat\u00e9gories de la <a href=\"http:\/\/www.casamanyaextrem.com\" target=\"_blank\" rel=\"noopener\">Casamanya Extrem Vertical Race<\/a>, leur parcours associ\u00e9 et les diff\u00e9rents circuits dans lesquels elles comptent.<\/p>\n<hr \/>\n<ul>\n<li><strong>U10: <\/strong>9 et 10 ans accomplis dans l&#8217;ann\u00e9e en cours.<\/li>\n<li><b>U12 Alevin:<\/b> 11 et 12 ans accomplis dans l&#8217;ann\u00e9e en cours.<\/li>\n<li><b>U14 Enfant:<\/b> 13 et 14 ans accomplis dans l&#8217;ann\u00e9e en cours.<\/li>\n<\/ul>\n<p><a href=\"https:\/\/casamanyaextrem.com\/?page_id=4485&amp;lang=fr\" target=\"_blank\" rel=\"noopener\">Circuit Mini<\/a><\/p>\n<hr \/>\n<ul>\n<li><b>U16 Cadet:<\/b> 15 et 16 ans accomplis dans l&#8217;ann\u00e9e en cours.<\/li>\n<li><b>U18 Jeune:<\/b> 17 et 18 ans accomplis dans l&#8217;ann\u00e9e en cours.<\/li>\n<\/ul>\n<p><a href=\"https:\/\/casamanyaextrem.com\/?page_id=5995&amp;lang=fr\" target=\"_blank\" rel=\"noopener\">Circuit Classic<\/a><\/p>\n<hr \/>\n<ul>\n<li><b>O19 Absolue:<\/b> \u00c0 partir de 19 ans accomplis dans l&#8217;ann\u00e9e en cours.\n<p><b>Sous-cat\u00e9gories<\/b><\/p>\n<ul>\n<li>\n<ul>\n<li><b>U20 Junior:<\/b> ayant 19 et 20 ans accomplis dans l&#8217;ann\u00e9e en cours.<\/li>\n<li><b>O40 V\u00e9t\u00e9ran:<\/b> ayant entre 40 et 49 ans accomplis dans l&#8217;ann\u00e9e en cours.<\/li>\n<li><b>O50 Master:<\/b> \u00e0 partir de 50 ans accomplis dans l&#8217;ann\u00e9e en cours.<\/li>\n<\/ul>\n<\/li>\n<\/ul>\n<\/li>\n<\/ul>\n<a href=\"https:\/\/casamanyaextrem.com\/?page_id=6016&amp;lang=fr\" target=\"_blank\" rel=\"noopener\">Circuit Extrem<\/a><br \/>\n<a href=\"https:\/\/casamanyaextrem.com\/?page_id=5995&amp;lang=fr\" target=\"_blank\" rel=\"noopener\">Circuit Classic<\/a>\n<hr \/>\n<p><strong>Cat\u00e9gorie par \u00e9quipes<\/strong><\/p>\n<p>Il existe une seule cat\u00e9gorie par \u00e9quipes, qui peuvent \u00eatre compos\u00e9es de 3, 4 ou 5 membres et combiner genres et \u00e2ges.<\/p>\n<ul>\n<li><b>U16 Cadet:<\/b> 15 et 16 ans accomplis dans l&#8217;ann\u00e9e en cours.<\/li>\n<li><b>U18 Jeune:<\/b> 17 et 18 ans accomplis dans l&#8217;ann\u00e9e en cours.<\/li>\n<li><b>O19 Absolue:<\/b> \u00c0 partir de 19 ans accomplis dans l&#8217;ann\u00e9e en cours.<\/li>\n<\/ul>\n<p><a href=\"https:\/\/casamanyaextrem.com\/?page_id=5995&amp;lang=fr\" target=\"_blank\" rel=\"noopener\">Circuit Classic<\/a><\/p>\n<p>&nbsp;<\/p>\n\n","protected":false},"excerpt":{"rendered":"<p>Cat\u00e9gories individuelles Ci-dessous sont d\u00e9crites les cat\u00e9gories de la Casamanya Extrem Vertical Race, leur parcours associ\u00e9 et les diff\u00e9rents circuits dans lesquels elles comptent. U10: 9 et 10 ans accomplis dans l&#8217;ann\u00e9e en cours. U12 Alevin: 11 et 12 ans accomplis dans l&#8217;ann\u00e9e en cours. U14 Enfant: 13 et 14 ans accomplis dans l&#8217;ann\u00e9e en [&hellip;]<\/p>\n","protected":false},"author":1,"featured_media":0,"parent":0,"menu_order":0,"comment_status":"closed","ping_status":"closed","template":"","meta":{"site-sidebar-layout":"default","site-content-layout":"default","ast-site-content-layout":"default","site-content-style":"default","site-sidebar-style":"default","ast-global-header-display":"","ast-banner-title-visibility":"","ast-main-header-display":"","ast-hfb-above-header-display":"","ast-hfb-below-header-display":"","ast-hfb-mobile-header-display":"","site-post-title":"","ast-breadcrumbs-content":"","ast-featured-img":"","footer-sml-layout":"","ast-disable-related-posts":"","theme-transparent-header-meta":"default","adv-header-id-meta":"","stick-header-meta":"","header-above-stick-meta":"","header-main-stick-meta":"","header-below-stick-meta":"","astra-migrate-meta-layouts":"default","ast-page-background-enabled":"default","ast-page-background-meta":{"desktop":{"background-color":"","background-image":"","background-repeat":"repeat","background-position":"center center","background-size":"auto","background-attachment":"scroll","background-type":"","background-media":"","overlay-type":"","overlay-color":"","overlay-opacity":"","overlay-gradient":""},"tablet":{"background-color":"","background-image":"","background-repeat":"repeat","background-position":"center center","background-size":"auto","background-attachment":"scroll","background-type":"","background-media":"","overlay-type":"","overlay-color":"","overlay-opacity":"","overlay-gradient":""},"mobile":{"background-color":"","background-image":"","background-repeat":"repeat","background-position":"center center","background-size":"auto","background-attachment":"scroll","background-type":"","background-media":"","overlay-type":"","overlay-color":"","overlay-opacity":"","overlay-gradient":""}},"ast-content-background-meta":{"desktop":{"background-color":"var(--ast-global-color-5)","background-image":"","background-repeat":"repeat","background-position":"center center","background-size":"auto","background-attachment":"scroll","background-type":"","background-media":"","overlay-type":"","overlay-color":"","overlay-opacity":"","overlay-gradient":""},"tablet":{"background-color":"var(--ast-global-color-5)","background-image":"","background-repeat":"repeat","background-position":"center center","background-size":"auto","background-attachment":"scroll","background-type":"","background-media":"","overlay-type":"","overlay-color":"","overlay-opacity":"","overlay-gradient":""},"mobile":{"background-color":"var(--ast-global-color-5)","background-image":"","background-repeat":"repeat","background-position":"center center","background-size":"auto","background-attachment":"scroll","background-type":"","background-media":"","overlay-type":"","overlay-color":"","overlay-opacity":"","overlay-gradient":""}},"footnotes":""},"class_list":["post-4482","page","type-page","status-publish","hentry"],"lang":"fr","translations":{"es":2888,"ca":1279,"en":3031,"fr":4482},"pll_sync_post":[],"_links":{"self":[{"href":"https:\/\/casamanyaextrem.com\/index.php?rest_route=\/wp\/v2\/pages\/4482","targetHints":{"allow":["GET"]}}],"collection":[{"href":"https:\/\/casamanyaextrem.com\/index.php?rest_route=\/wp\/v2\/pages"}],"about":[{"href":"https:\/\/casamanyaextrem.com\/index.php?rest_route=\/wp\/v2\/types\/page"}],"author":[{"embeddable":true,"href":"https:\/\/casamanyaextrem.com\/index.php?rest_route=\/wp\/v2\/users\/1"}],"replies":[{"embeddable":true,"href":"https:\/\/casamanyaextrem.com\/index.php?rest_route=%2Fwp%2Fv2%2Fcomments&post=4482"}],"version-history":[{"count":3,"href":"https:\/\/casamanyaextrem.com\/index.php?rest_route=\/wp\/v2\/pages\/4482\/revisions"}],"predecessor-version":[{"id":8187,"href":"https:\/\/casamanyaextrem.com\/index.php?rest_route=\/wp\/v2\/pages\/4482\/revisions\/8187"}],"wp:attachment":[{"href":"https:\/\/casamanyaextrem.com\/index.php?rest_route=%2Fwp%2Fv2%2Fmedia&parent=4482"}],"curies":[{"name":"wp","href":"https:\/\/api.w.org\/{rel}","templated":true}]}}