{"id":4485,"date":"2023-04-23T14:16:16","date_gmt":"2023-04-23T12:16:16","guid":{"rendered":"https:\/\/casamanyaextrem.com\/?page_id=4485"},"modified":"2024-03-21T17:30:35","modified_gmt":"2024-03-21T16:30:35","slug":"casamanya-extrem-itineraires","status":"publish","type":"page","link":"https:\/\/casamanyaextrem.com\/?page_id=4485&lang=fr","title":{"rendered":"Casamanya MINI"},"content":{"rendered":"\n\n\t<a href=\"https:\/\/casamanyaextrem.com\/?attachment_id=5874\" rel=\"attachment wp-att-5874\"><img loading=\"lazy\" decoding=\"async\" src=\"https:\/\/casamanyaextrem.com\/wp-content\/uploads\/2024\/03\/mini-imatge.jpg\" alt=\"\" width=\"800\" height=\"533\" \/><\/a>\n<hr \/>\n<strong>CIRCUIT MINI (<a href=\"https:\/\/www.relive.cc\/view\/vmqXNJK2NoO\/explore\" target=\"_blank\" rel=\"noopener\">VUE INTERACTIVE<\/a>)<br \/>\n<\/strong>Pour les cat\u00e9gories <a href=\"http:\/\/casamanyaextrem.com\/categories-casamanya-extrem-2019\/\">u12<\/a> et <a href=\"http:\/\/casamanyaextrem.com\/categories-casamanya-extrem-2019\/\">u14<\/a> de\n<ul>\n<li><a href=\"https:\/\/www.feec.cat\/esports-de-muntanya\/esport\/curses-per-muntanya\/\" target=\"_blank\" rel=\"noopener\">Coupe Catalane de Courses Verticales (FEEC)<\/a><\/li>\n<li><a href=\"https:\/\/www.fam.ad\/\" target=\"_blank\" rel=\"noopener\">Coupe Andorre de Courses Verticales (FAM)<\/a><\/li>\n<li><a href=\"https:\/\/www.fam.ad\/\" target=\"_blank\" rel=\"noopener\">Coupe Andorre de Courses en Montagne (FAM)<\/a><\/li>\n<\/ul>\n<p>Pour tous les participants \u00e0 partir de 11 ans qui veulent se mettre \u00e0 l&#8217;\u00e9preuve<\/p>\n<strong>Distance : 2,4 km<\/strong><br \/>\n<strong>D\u00e9nivel\u00e9 : 400 m<\/strong>\n<p><a href=\"http:\/\/casamanyaextrem.com\/wp-content\/uploads\/2022\/06\/GPX-MINI.zip\">T\u00e9l\u00e9charger GPX-MINI<\/a><\/p>\n<div style=\"width: 960px;\" class=\"wp-video\"><video class=\"wp-video-shortcode\" id=\"video-4485-1\" width=\"960\" height=\"540\" preload=\"metadata\" controls=\"controls\"><source type=\"video\/mp4\" src=\"http:\/\/casamanyaextrem.com\/wp-content\/uploads\/2022\/05\/GPX_CasamanyaMini.mp4?_=1\" \/><a href=\"http:\/\/casamanyaextrem.com\/wp-content\/uploads\/2022\/05\/GPX_CasamanyaMini.mp4\">http:\/\/casamanyaextrem.com\/wp-content\/uploads\/2022\/05\/GPX_CasamanyaMini.mp4<\/a><\/video><\/div>\n<p><a href=\"http:\/\/casamanyaextrem.com\/wp-content\/uploads\/2022\/05\/Perfil_Mini.png\"><img loading=\"lazy\" decoding=\"async\" src=\"http:\/\/casamanyaextrem.com\/wp-content\/uploads\/2022\/05\/Perfil_Mini.png\" alt=\"\" width=\"864\" height=\"288\" \/><\/a><\/p>\n<p>&nbsp;<\/p>\n<p><iframe loading=\"lazy\" src=\"https:\/\/es.wikiloc.com\/wikiloc\/spatialArtifacts.do?event=view&amp;id=104763707&amp;measures=off&amp;title=off&amp;near=off&amp;images=off&amp;maptype=H\" width=\"800\" height=\"400\" frameborder=\"0\" scrolling=\"no\"><\/iframe><\/p>\n<p>&nbsp;<\/p>\n<hr \/>\n<p><em>REMARQUE : L&#8217;organisation se r\u00e9serve le droit de modifier les parcours et les horaires des circuits en fonction des conditions m\u00e9t\u00e9orologiques ou de cas de force majeure affectant la s\u00e9curit\u00e9 des participants.<\/em><\/p>\n\n","protected":false},"excerpt":{"rendered":"<p>CIRCUIT MINI (VUE INTERACTIVE) Pour les cat\u00e9gories u12 et u14 de Coupe Catalane de Courses Verticales (FEEC) Coupe Andorre de Courses Verticales (FAM) Coupe Andorre de Courses en Montagne (FAM) Pour tous les participants \u00e0 partir de 11 ans qui veulent se mettre \u00e0 l&#8217;\u00e9preuve Distance : 2,4 km D\u00e9nivel\u00e9 : 400 m T\u00e9l\u00e9charger GPX-MINI [&hellip;]<\/p>\n","protected":false},"author":1,"featured_media":0,"parent":0,"menu_order":0,"comment_status":"closed","ping_status":"closed","template":"","meta":{"site-sidebar-layout":"default","site-content-layout":"default","ast-site-content-layout":"default","site-content-style":"default","site-sidebar-style":"default","ast-global-header-display":"","ast-banner-title-visibility":"","ast-main-header-display":"","ast-hfb-above-header-display":"","ast-hfb-below-header-display":"","ast-hfb-mobile-header-display":"","site-post-title":"","ast-breadcrumbs-content":"","ast-featured-img":"","footer-sml-layout":"","ast-disable-related-posts":"","theme-transparent-header-meta":"default","adv-header-id-meta":"","stick-header-meta":"","header-above-stick-meta":"","header-main-stick-meta":"","header-below-stick-meta":"","astra-migrate-meta-layouts":"set","ast-page-background-enabled":"default","ast-page-background-meta":{"desktop":{"background-color":"","background-image":"","background-repeat":"repeat","background-position":"center center","background-size":"auto","background-attachment":"scroll","background-type":"","background-media":"","overlay-type":"","overlay-color":"","overlay-opacity":"","overlay-gradient":""},"tablet":{"background-color":"","background-image":"","background-repeat":"repeat","background-position":"center center","background-size":"auto","background-attachment":"scroll","background-type":"","background-media":"","overlay-type":"","overlay-color":"","overlay-opacity":"","overlay-gradient":""},"mobile":{"background-color":"","background-image":"","background-repeat":"repeat","background-position":"center center","background-size":"auto","background-attachment":"scroll","background-type":"","background-media":"","overlay-type":"","overlay-color":"","overlay-opacity":"","overlay-gradient":""}},"ast-content-background-meta":{"desktop":{"background-color":"var(--ast-global-color-5)","background-image":"","background-repeat":"repeat","background-position":"center center","background-size":"auto","background-attachment":"scroll","background-type":"","background-media":"","overlay-type":"","overlay-color":"","overlay-opacity":"","overlay-gradient":""},"tablet":{"background-color":"var(--ast-global-color-5)","background-image":"","background-repeat":"repeat","background-position":"center center","background-size":"auto","background-attachment":"scroll","background-type":"","background-media":"","overlay-type":"","overlay-color":"","overlay-opacity":"","overlay-gradient":""},"mobile":{"background-color":"var(--ast-global-color-5)","background-image":"","background-repeat":"repeat","background-position":"center center","background-size":"auto","background-attachment":"scroll","background-type":"","background-media":"","overlay-type":"","overlay-color":"","overlay-opacity":"","overlay-gradient":""}},"footnotes":""},"class_list":["post-4485","page","type-page","status-publish","hentry"],"lang":"fr","translations":{"ca":5860,"en":3062,"fr":4485,"es":2892},"pll_sync_post":[],"_links":{"self":[{"href":"https:\/\/casamanyaextrem.com\/index.php?rest_route=\/wp\/v2\/pages\/4485","targetHints":{"allow":["GET"]}}],"collection":[{"href":"https:\/\/casamanyaextrem.com\/index.php?rest_route=\/wp\/v2\/pages"}],"about":[{"href":"https:\/\/casamanyaextrem.com\/index.php?rest_route=\/wp\/v2\/types\/page"}],"author":[{"embeddable":true,"href":"https:\/\/casamanyaextrem.com\/index.php?rest_route=\/wp\/v2\/users\/1"}],"replies":[{"embeddable":true,"href":"https:\/\/casamanyaextrem.com\/index.php?rest_route=%2Fwp%2Fv2%2Fcomments&post=4485"}],"version-history":[{"count":5,"href":"https:\/\/casamanyaextrem.com\/index.php?rest_route=\/wp\/v2\/pages\/4485\/revisions"}],"predecessor-version":[{"id":5982,"href":"https:\/\/casamanyaextrem.com\/index.php?rest_route=\/wp\/v2\/pages\/4485\/revisions\/5982"}],"wp:attachment":[{"href":"https:\/\/casamanyaextrem.com\/index.php?rest_route=%2Fwp%2Fv2%2Fmedia&parent=4485"}],"curies":[{"name":"wp","href":"https:\/\/api.w.org\/{rel}","templated":true}]}}