{"id":4534,"date":"2023-04-23T17:27:45","date_gmt":"2023-04-23T15:27:45","guid":{"rendered":"https:\/\/casamanyaextrem.com\/?page_id=4534"},"modified":"2026-03-15T10:41:45","modified_gmt":"2026-03-15T09:41:45","slug":"casamanya-extrem-inscripcion","status":"publish","type":"page","link":"https:\/\/casamanyaextrem.com\/?page_id=4534&lang=es","title":{"rendered":"Casamanya Extrem Inscripci\u00f3n"},"content":{"rendered":"\n\n\t<p><strong>La carrera tendr\u00e1 lugar el pr\u00f3ximo 6 de junio de 2026<\/strong><\/p>\n<p><strong>!!! INSCRIPCI\u00d3N A PARTIR DEL 15 DE MARZO !!!<\/strong><\/p>\n<p>Por favor, lee atentamente los precios y condiciones antes de formalizar la inscripci\u00f3n:<\/p>\n<ul>\n<li><a href=\"https:\/\/casamanyaextrem.com\/?page_id=6108&amp;lang=es\" target=\"_blank\" rel=\"noopener\">INSCRIPCI\u00d3N EXTREM<\/a><\/li>\n<li><a href=\"https:\/\/casamanyaextrem.com\/?page_id=6111&amp;lang=es\" target=\"_blank\" rel=\"noopener\">INSCRIPCI\u00d3N CLASSIC<\/a><\/li>\n<li><a href=\"https:\/\/casamanyaextrem.com\/?page_id=6113&amp;lang=es\" target=\"_blank\" rel=\"noopener\">INSCRIPCI\u00d3N MINI<\/a><\/li>\n<li><a href=\"https:\/\/casamanyaextrem.com\/?page_id=8063&amp;lang=es\" target=\"_blank\" rel=\"noopener\">INSCRIPCI\u00d3N TEAMS<\/a><\/li>\n<\/ul>\n<hr \/>\n<p><strong>Circuitos, precios y plazos de inscripci\u00f3n: <\/strong>Para animarte a que te inscribas lo antes posible, hemos establecido 3 franjas de precios en funci\u00f3n de la fecha de inscripci\u00f3n. En el apartado de <a href=\"https:\/\/casamanyaextrem.com\/?page_id=4439&amp;lang=es\" target=\"_blank\" rel=\"noopener\">fechas relevantes del programa<\/a> figuran las fechas concretas de inscripci\u00f3n <strong>Anticipada<\/strong>, <strong>Regular<\/strong> y <strong>Final<\/strong>.<\/p>\n<hr \/>\n<p><strong>Gratuidades y descuentos especiales: <\/strong>Si dispones de un c\u00f3digo de promoci\u00f3n, util\u00edzalo en el formulario de inscripci\u00f3n y el sistema aplicar\u00e1 el descuento directamente:<\/p>\n<ul>\n<li>La <strong>inscripci\u00f3n es GRATUITA para los ganadores absolutos<\/strong> de cada circuito de la edici\u00f3n anterior<\/li>\n<li>Hay descuentos especiales para los miembros del <strong>Club No Limits<\/strong><\/li>\n<li>Algunos de <a href=\"https:\/\/casamanyaextrem.com\/?page_id=4813&amp;lang=es\" target=\"_blank\" rel=\"noopener\">nuestros colaboradores<\/a> ofrecen promociones especiales con c\u00f3digos de descuento<\/li>\n<\/ul>\n<hr \/>\n<p><strong>Seguro: <\/strong>Para poder participar en cualquiera de los circuitos competitivos (<a href=\"https:\/\/casamanyaextrem.com\/?page_id=6010&amp;lang=es\" target=\"_blank\" rel=\"noopener\">Extrem<\/a>, <a href=\"https:\/\/casamanyaextrem.com\/?page_id=5987&amp;lang=es\" target=\"_blank\" rel=\"noopener\">Classic<\/a>, <a href=\"https:\/\/casamanyaextrem.com\/?page_id=2892&amp;lang=es\" target=\"_blank\" rel=\"noopener\">Mini<\/a>, TEAMS) es obligatorio disponer de cobertura de seguro, preferiblemente estar federado en deportes de monta\u00f1a. Para aquellos que no dispongan de licencia federativa, ofrecemos la posibilidad de comprar un seguro de d\u00eda, que se puede a\u00f1adir durante el proceso de inscripci\u00f3n a cualquiera de las carreras.<\/p>\n<hr \/>\n<p><strong>Comida de hermandad:<\/strong> Despu\u00e9s de la carrera tendr\u00e1 lugar la <a href=\"https:\/\/casamanyaextrem.com\/?page_id=4874&amp;lang=es\" target=\"_blank\" rel=\"noopener\">comida de hermandad &#8211; ABUNDI<\/a> para corredores de todas las categor\u00edas, acompa\u00f1antes, organizadores y voluntarios. Os animamos a disfrutar de esta actividad en un ambiente incomparable mientras asist\u00eds a la entrega de premios de la <strong>Casamanya Extrem 2026<\/strong> y de la <a href=\"https:\/\/casamanyaextrem.com\/?page_id=5882\" target=\"_blank\" rel=\"noopener\">Copa Andorra de Carreras de Monta\u00f1a 2025<\/a>. Esta comida se puede a\u00f1adir como opci\u00f3n en el formulario de inscripci\u00f3n a las carreras, a precio especial para corredores y sus acompa\u00f1antes, o contratarla por separado para quienes, aun sin competir, quieran participar en el evento.<\/p>\n<hr \/>\n<p><strong>Causa solidaria: <\/strong>La Casamanya Extrem colabora con la Kailash Home Foundation, dando visibilidad al proyecto y ofreciendo mecanismos para la recogida de donaciones voluntarias de los corredores a trav\u00e9s de los formularios de inscripci\u00f3n a las carreras y de la <a href=\"https:\/\/casamanyaextrem.com\/?page_id=4956&amp;lang=es\" target=\"_blank\" rel=\"noopener\">secci\u00f3n Casamanya Extrem Solidaria<\/a> del sitio web oficial.<\/p>\n<hr \/>\n<p><strong>Inscripci\u00f3n y Lista de precios<\/strong><\/p>\n<table>\n<tbody>\n<tr>\n<td width=\"60%\"><strong>Inscripci\u00f3n EXTREM<\/strong><\/td>\n<td width=\"40%\">18\u20ac &#8211; Anticipada<br \/>\n23\u20ac &#8211; Regular<br \/>\n30\u20ac &#8211; Final<\/td>\n<\/tr>\n<tr>\n<td><strong>Inscripci\u00f3n CLASSIC<\/strong><\/td>\n<td>12\u20ac &#8211; Anticipada<br \/>\n16\u20ac &#8211; Regular<br \/>\n20\u20ac &#8211; Final<\/td>\n<\/tr>\n<tr>\n<td><strong>Inscripci\u00f3n MINI<\/strong><\/td>\n<td>10\u20ac &#8211; Anticipada<br \/>\n12\u20ac &#8211; Regular<br \/>\n15\u20ac &#8211; Final<\/td>\n<\/tr>\n<tr>\n<td><strong>Inscripci\u00f3n TEAMS 3<\/strong> (equipo de 3 miembros)<\/td>\n<td>30\u20ac &#8211; Anticipada<br \/>\n36\u20ac &#8211; Regular<br \/>\n45\u20ac &#8211; Final<\/td>\n<\/tr>\n<tr>\n<td><strong>Inscripci\u00f3n TEAMS 4<\/strong> (equipo de 4 miembros)<\/td>\n<td>36\u20ac &#8211; Anticipada<br \/>\n44\u20ac &#8211; Regular<br \/>\n56\u20ac &#8211; Final<\/td>\n<\/tr>\n<tr>\n<td><strong>Inscripci\u00f3n TEAMS 5<\/strong> (equipo de 5 miembros)<\/td>\n<td>40\u20ac &#8211; Anticipada<br \/>\n50\u20ac &#8211; Regular<br \/>\n65\u20ac &#8211; Final<\/td>\n<\/tr>\n<tr>\n<td><strong>Seguro de d\u00eda para no federados<\/strong>, Opcional en el formulario de inscripci\u00f3n a la carrera<\/td>\n<td>5\u20ac<\/td>\n<\/tr>\n<tr>\n<td><strong>Comida ABUNDI corredores y acompa\u00f1antes<\/strong>, Opcional en el formulario de inscripci\u00f3n a la carrera<\/td>\n<td>14\u20ac<\/td>\n<\/tr>\n<tr>\n<td><a href=\"https:\/\/casamanyaextrem.com\/?page_id=6171&amp;lang=es\" target=\"_blank\" rel=\"noopener\">Inscripci\u00f3n Comida<\/a><a href=\"https:\/\/casamanyaextrem.com\/?page_id=4863\" target=\"_blank\" rel=\"noopener\"> ABUNDI<\/a><\/td>\n<td>18\u20ac<\/td>\n<\/tr>\n<tr>\n<td><strong>Donaci\u00f3n causa solidaria<\/strong>, Opcional en el formulario de inscripci\u00f3n a la carrera<\/td>\n<td>2\u20ac &#8211; B\u00e1sico<br \/>\n5\u20ac &#8211; Est\u00e1ndar<br \/>\n10\u20ac &#8211; Plus<\/td>\n<\/tr>\n<\/tbody>\n<\/table>\n\n","protected":false},"excerpt":{"rendered":"<p>La carrera tendr\u00e1 lugar el pr\u00f3ximo 6 de junio de 2026 !!! INSCRIPCI\u00d3N A PARTIR DEL 15 DE MARZO !!! Por favor, lee atentamente los precios y condiciones antes de formalizar la inscripci\u00f3n: INSCRIPCI\u00d3N EXTREM INSCRIPCI\u00d3N CLASSIC INSCRIPCI\u00d3N MINI INSCRIPCI\u00d3N TEAMS Circuitos, precios y plazos de inscripci\u00f3n: Para animarte a que te inscribas lo antes [&hellip;]<\/p>\n","protected":false},"author":1,"featured_media":0,"parent":0,"menu_order":0,"comment_status":"closed","ping_status":"closed","template":"","meta":{"site-sidebar-layout":"default","site-content-layout":"default","ast-site-content-layout":"default","site-content-style":"default","site-sidebar-style":"default","ast-global-header-display":"","ast-banner-title-visibility":"","ast-main-header-display":"","ast-hfb-above-header-display":"","ast-hfb-below-header-display":"","ast-hfb-mobile-header-display":"","site-post-title":"","ast-breadcrumbs-content":"","ast-featured-img":"","footer-sml-layout":"","ast-disable-related-posts":"","theme-transparent-header-meta":"default","adv-header-id-meta":"","stick-header-meta":"","header-above-stick-meta":"","header-main-stick-meta":"","header-below-stick-meta":"","astra-migrate-meta-layouts":"set","ast-page-background-enabled":"default","ast-page-background-meta":{"desktop":{"background-color":"","background-image":"","background-repeat":"repeat","background-position":"center center","background-size":"auto","background-attachment":"scroll","background-type":"","background-media":"","overlay-type":"","overlay-color":"","overlay-opacity":"","overlay-gradient":""},"tablet":{"background-color":"","background-image":"","background-repeat":"repeat","background-position":"center center","background-size":"auto","background-attachment":"scroll","background-type":"","background-media":"","overlay-type":"","overlay-color":"","overlay-opacity":"","overlay-gradient":""},"mobile":{"background-color":"","background-image":"","background-repeat":"repeat","background-position":"center center","background-size":"auto","background-attachment":"scroll","background-type":"","background-media":"","overlay-type":"","overlay-color":"","overlay-opacity":"","overlay-gradient":""}},"ast-content-background-meta":{"desktop":{"background-color":"var(--ast-global-color-5)","background-image":"","background-repeat":"repeat","background-position":"center center","background-size":"auto","background-attachment":"scroll","background-type":"","background-media":"","overlay-type":"","overlay-color":"","overlay-opacity":"","overlay-gradient":""},"tablet":{"background-color":"var(--ast-global-color-5)","background-image":"","background-repeat":"repeat","background-position":"center center","background-size":"auto","background-attachment":"scroll","background-type":"","background-media":"","overlay-type":"","overlay-color":"","overlay-opacity":"","overlay-gradient":""},"mobile":{"background-color":"var(--ast-global-color-5)","background-image":"","background-repeat":"repeat","background-position":"center center","background-size":"auto","background-attachment":"scroll","background-type":"","background-media":"","overlay-type":"","overlay-color":"","overlay-opacity":"","overlay-gradient":""}},"footnotes":""},"class_list":["post-4534","page","type-page","status-publish","hentry"],"lang":"es","translations":{"es":4534,"en":4537,"fr":4540,"ca":4679},"pll_sync_post":[],"_links":{"self":[{"href":"https:\/\/casamanyaextrem.com\/index.php?rest_route=\/wp\/v2\/pages\/4534","targetHints":{"allow":["GET"]}}],"collection":[{"href":"https:\/\/casamanyaextrem.com\/index.php?rest_route=\/wp\/v2\/pages"}],"about":[{"href":"https:\/\/casamanyaextrem.com\/index.php?rest_route=\/wp\/v2\/types\/page"}],"author":[{"embeddable":true,"href":"https:\/\/casamanyaextrem.com\/index.php?rest_route=\/wp\/v2\/users\/1"}],"replies":[{"embeddable":true,"href":"https:\/\/casamanyaextrem.com\/index.php?rest_route=%2Fwp%2Fv2%2Fcomments&post=4534"}],"version-history":[{"count":14,"href":"https:\/\/casamanyaextrem.com\/index.php?rest_route=\/wp\/v2\/pages\/4534\/revisions"}],"predecessor-version":[{"id":8083,"href":"https:\/\/casamanyaextrem.com\/index.php?rest_route=\/wp\/v2\/pages\/4534\/revisions\/8083"}],"wp:attachment":[{"href":"https:\/\/casamanyaextrem.com\/index.php?rest_route=%2Fwp%2Fv2%2Fmedia&parent=4534"}],"curies":[{"name":"wp","href":"https:\/\/api.w.org\/{rel}","templated":true}]}}