{"id":4679,"date":"2023-04-27T14:49:33","date_gmt":"2023-04-27T12:49:33","guid":{"rendered":"https:\/\/casamanyaextrem.com\/?page_id=4679"},"modified":"2026-03-15T10:40:50","modified_gmt":"2026-03-15T09:40:50","slug":"casamanya-extrem-inscripcio","status":"publish","type":"page","link":"https:\/\/casamanyaextrem.com\/?page_id=4679","title":{"rendered":"Casamanya Extrem Inscripci\u00f3"},"content":{"rendered":"\n\n\t<p><strong>La cursa tindr\u00e0 lloc el proper 6 de juny de 2026<\/strong><\/p>\n<p><strong>!!! INSCRIPCI\u00d3 A PARTIR DEL 15 DE MAR\u00c7 !!!<\/strong><\/p>\n<p>Si us plau, llegiu atentament els preus i condicions abans de formalitzar la inscripci\u00f3:<\/p>\n<ul>\n<li><a href=\"https:\/\/casamanyaextrem.com\/?page_id=4600\" target=\"_blank\" rel=\"noopener\">INSCRIPCI\u00d3 EXTREM<\/a><\/li>\n<li><a href=\"https:\/\/casamanyaextrem.com\/?page_id=6095\">INSCRIPCI\u00d3 CLASSIC<\/a><\/li>\n<li><a href=\"https:\/\/casamanyaextrem.com\/?page_id=6099\">INSCRIPCI\u00d3 MINI<\/a><\/li>\n<li><a href=\"https:\/\/casamanyaextrem.com\/?page_id=8021\" target=\"_blank\" rel=\"noopener\">INSCRIPCI\u00d3 TEAMS<\/a><\/li>\n<\/ul>\n<hr \/>\n<p><strong>Circuits, preus i pla\u00e7os d&#8217;inscripci\u00f3: <\/strong>Per animar-te a que t&#8217;apuntis ben aviat, hem establert 3 franges de preus en funci\u00f3 de la data d&#8217;inscripci\u00f3. A l&#8217;apartat de <a href=\"https:\/\/casamanyaextrem.com\/?page_id=4428\" target=\"_blank\" rel=\"noopener\">dates rellevants del programa<\/a> figuren les dates concretes d&#8217;inscripci\u00f3 <strong>Anticipada<\/strong>, <strong>Regular<\/strong> i <strong>Final<\/strong>.<\/p>\n<hr \/>\n<p><strong>Gratu\u00eftats i descomptes especials: <\/strong>Si disposes d&#8217;un codi de promoci\u00f3, utilitza&#8217;l al formulari d&#8217;inscripci\u00f3 i el sistema t&#8217;aplicar\u00e0 el descompte directament:<\/p>\n<ul>\n<li>La <strong>inscripci\u00f3 \u00e9s GRATU\u00cfTA per als guanyadors absoluts<\/strong> de cada circuit de l&#8217;edici\u00f3 anterior<\/li>\n<li>Hi ha descomptes especials pels membres del <strong>Club No Limits<\/strong><\/li>\n<li>Alguns dels <a href=\"https:\/\/casamanyaextrem.com\/?page_id=4799\" target=\"_blank\" rel=\"noopener\">nostres col\u00b7laboradors<\/a> ofereixen promocions especials amb codis de descompte<\/li>\n<\/ul>\n<hr \/>\n<p><strong>Asseguran\u00e7a:\u00a0<\/strong>Per poder participar en qualsevol dels circuits competitius (<a href=\"https:\/\/casamanyaextrem.com\/?page_id=6019\" target=\"_blank\" rel=\"noopener\">Extrem<\/a>, <a href=\"https:\/\/casamanyaextrem.com\/?page_id=6004\" target=\"_blank\" rel=\"noopener\">Classic<\/a>, <a href=\"https:\/\/casamanyaextrem.com\/?page_id=5872\" target=\"_blank\" rel=\"noopener\">Mini<\/a>, TEAMS) \u00e9s obligatori disposar de cobertura d&#8217;asseguran\u00e7a, preferiblement estar federats en esports de muntanya. Per aquells que no disposen de llic\u00e8ncia federativa, oferim la possibilitat de comprar una asseguran\u00e7a de dia, que es pot afegir durant el proc\u00e9s d&#8217;inscripci\u00f3 a qualsevol de les curses.<\/p>\n<hr \/>\n<p><strong>Dinar de germanor:<\/strong> Despr\u00e9s la cursa tindr\u00e0 lloc el <a href=\"https:\/\/casamanyaextrem.com\/?page_id=4863\" target=\"_blank\" rel=\"noopener\">dinar de germanor &#8211; ABUNDI<\/a> per als corredors de totes les categories, acompanyants, organitzadors i voluntaris. Us animem a que gaudiu d&#8217;aquesta activitat en un ambient incomparable mentre assistiu a l&#8217;entrega de premis de la <strong>Casamanya Extrem 2026<\/strong>\u00a0i de la <a href=\"https:\/\/casamanyaextrem.com\/?page_id=5882\" target=\"_blank\" rel=\"noopener\">Copa Andorra de Curses de Muntanya 2025<\/a>. Aquest dinar es pot afegir com a opci\u00f3 al formulari d&#8217;inscripci\u00f3 a les curses, a preu especial per als corredors i els seus acompanyants, o b\u00e9 contractar-lo per separat de forma espec\u00edfica per aquells que tot i no competir vulguin participar de l&#8217;esdeveniment.<\/p>\n<hr \/>\n<p><strong>Causa solid\u00e0ria: <\/strong>La Casamanya Extrem col\u00b7labora amb la Kailash Home Foundation, donant visibilitat al projecte i oferint mecanismes per a la recollida dels donatius voluntaris dels corredors a trav\u00e9s dels formularis d&#8217;inscripci\u00f3 a les curses i de la <a href=\"https:\/\/casamanyaextrem.com\/?page_id=4930\" target=\"_blank\" rel=\"noopener\">secci\u00f3 Casamanya Extrem Solid\u00e0ria<\/a> del lloc web oficial.<\/p>\n<hr \/>\n<p><strong>Inscripci\u00f3 i Llistat de preus<\/strong><\/p>\n<table>\n<tbody>\n<tr>\n<td width=\"60%\"><strong>Inscripci\u00f3 EXTREM<\/strong><\/td>\n<td width=\"40%\">18\u20ac &#8211; Anticipada<br \/>\n23\u20ac &#8211; Regular<br \/>\n30\u20ac &#8211; Final<\/td>\n<\/tr>\n<tr>\n<td><strong>Inscripci\u00f3 CLASSIC<\/strong><\/td>\n<td>12\u20ac &#8211; Anticipada<br \/>\n16\u20ac &#8211; Regular<br \/>\n20\u20ac &#8211; Final<\/td>\n<\/tr>\n<tr>\n<td><strong>Inscripci\u00f3 MINI<\/strong><\/td>\n<td>10\u20ac &#8211; Anticipada<br \/>\n12\u20ac &#8211; Regular<br \/>\n15\u20ac &#8211; Final<\/td>\n<\/tr>\n<tr>\n<td><strong>Inscripci\u00f3 TEAMS 3<br \/>\n<\/strong>(equip de 3 membres)<\/td>\n<td>30\u20ac &#8211; Anticipada<br \/>\n36\u20ac &#8211; Regular<br \/>\n45\u20ac &#8211; Final<\/td>\n<\/tr>\n<tr>\n<td><strong>Inscripci\u00f3 TEAMS 4<br \/>\n<\/strong>(equip de 4 membres)<\/td>\n<td>36\u20ac &#8211; Anticipada<br \/>\n44\u20ac &#8211; Regular<br \/>\n56\u20ac &#8211; Final<\/td>\n<\/tr>\n<tr>\n<td><strong>Inscripci\u00f3 TEAMS 5<br \/>\n<\/strong>(equip de 3 membres)<\/td>\n<td>40\u20ac &#8211; Anticipada<br \/>\n50\u20ac &#8211; Regular<br \/>\n65\u20ac &#8211; Final<\/td>\n<\/tr>\n<tr>\n<td><strong>Asseguran\u00e7a de dia per als no federats<\/strong>,<br \/>\nOpcional al formulari d&#8217;inscripci\u00f3 a la cursa<\/td>\n<td>\u00a0 5\u20ac<\/td>\n<\/tr>\n<tr>\n<td><strong>Dinar ABUNDI corredors i acompanyants<\/strong>,<br \/>\nOpcional al formulari d&#8217;inscripci\u00f3 a la cursa<\/td>\n<td>14\u20ac<\/td>\n<\/tr>\n<tr>\n<td><a href=\"https:\/\/casamanyaextrem.com\/?page_id=6165\" target=\"_blank\" rel=\"noopener\">Inscripci\u00f3 Dinar<\/a><a href=\"https:\/\/casamanyaextrem.com\/?page_id=4863\" target=\"_blank\" rel=\"noopener\">\u00a0ABUNDI<\/a><\/td>\n<td>18\u20ac<\/td>\n<\/tr>\n<tr>\n<td><strong>Donatiu Causa solid\u00e0ria<\/strong>,<br \/>\nOpcional al formulari d&#8217;inscripci\u00f3 a la cursa<\/td>\n<td>2\u20ac &#8211; B\u00e0sic<br \/>\n5\u20ac &#8211; Est\u00e0ndar<br \/>\n10\u20ac &#8211; Plus<\/td>\n<\/tr>\n<\/tbody>\n<\/table>\n\n","protected":false},"excerpt":{"rendered":"<p>La cursa tindr\u00e0 lloc el proper 6 de juny de 2026 !!! INSCRIPCI\u00d3 A PARTIR DEL 15 DE MAR\u00c7 !!! Si us plau, llegiu atentament els preus i condicions abans de formalitzar la inscripci\u00f3: INSCRIPCI\u00d3 EXTREM INSCRIPCI\u00d3 CLASSIC INSCRIPCI\u00d3 MINI INSCRIPCI\u00d3 TEAMS Circuits, preus i pla\u00e7os d&#8217;inscripci\u00f3: Per animar-te a que t&#8217;apuntis ben aviat, hem [&hellip;]<\/p>\n","protected":false},"author":1,"featured_media":0,"parent":0,"menu_order":0,"comment_status":"closed","ping_status":"closed","template":"","meta":{"site-sidebar-layout":"default","site-content-layout":"default","ast-site-content-layout":"default","site-content-style":"default","site-sidebar-style":"default","ast-global-header-display":"","ast-banner-title-visibility":"","ast-main-header-display":"","ast-hfb-above-header-display":"","ast-hfb-below-header-display":"","ast-hfb-mobile-header-display":"","site-post-title":"","ast-breadcrumbs-content":"","ast-featured-img":"","footer-sml-layout":"","ast-disable-related-posts":"","theme-transparent-header-meta":"default","adv-header-id-meta":"","stick-header-meta":"","header-above-stick-meta":"","header-main-stick-meta":"","header-below-stick-meta":"","astra-migrate-meta-layouts":"set","ast-page-background-enabled":"default","ast-page-background-meta":{"desktop":{"background-color":"","background-image":"","background-repeat":"repeat","background-position":"center center","background-size":"auto","background-attachment":"scroll","background-type":"","background-media":"","overlay-type":"","overlay-color":"","overlay-opacity":"","overlay-gradient":""},"tablet":{"background-color":"","background-image":"","background-repeat":"repeat","background-position":"center center","background-size":"auto","background-attachment":"scroll","background-type":"","background-media":"","overlay-type":"","overlay-color":"","overlay-opacity":"","overlay-gradient":""},"mobile":{"background-color":"","background-image":"","background-repeat":"repeat","background-position":"center center","background-size":"auto","background-attachment":"scroll","background-type":"","background-media":"","overlay-type":"","overlay-color":"","overlay-opacity":"","overlay-gradient":""}},"ast-content-background-meta":{"desktop":{"background-color":"var(--ast-global-color-5)","background-image":"","background-repeat":"repeat","background-position":"center center","background-size":"auto","background-attachment":"scroll","background-type":"","background-media":"","overlay-type":"","overlay-color":"","overlay-opacity":"","overlay-gradient":""},"tablet":{"background-color":"var(--ast-global-color-5)","background-image":"","background-repeat":"repeat","background-position":"center center","background-size":"auto","background-attachment":"scroll","background-type":"","background-media":"","overlay-type":"","overlay-color":"","overlay-opacity":"","overlay-gradient":""},"mobile":{"background-color":"var(--ast-global-color-5)","background-image":"","background-repeat":"repeat","background-position":"center center","background-size":"auto","background-attachment":"scroll","background-type":"","background-media":"","overlay-type":"","overlay-color":"","overlay-opacity":"","overlay-gradient":""}},"footnotes":""},"class_list":["post-4679","page","type-page","status-publish","hentry"],"lang":"ca","translations":{"es":4534,"en":4537,"fr":4540,"ca":4679},"pll_sync_post":[],"_links":{"self":[{"href":"https:\/\/casamanyaextrem.com\/index.php?rest_route=\/wp\/v2\/pages\/4679","targetHints":{"allow":["GET"]}}],"collection":[{"href":"https:\/\/casamanyaextrem.com\/index.php?rest_route=\/wp\/v2\/pages"}],"about":[{"href":"https:\/\/casamanyaextrem.com\/index.php?rest_route=\/wp\/v2\/types\/page"}],"author":[{"embeddable":true,"href":"https:\/\/casamanyaextrem.com\/index.php?rest_route=\/wp\/v2\/users\/1"}],"replies":[{"embeddable":true,"href":"https:\/\/casamanyaextrem.com\/index.php?rest_route=%2Fwp%2Fv2%2Fcomments&post=4679"}],"version-history":[{"count":14,"href":"https:\/\/casamanyaextrem.com\/index.php?rest_route=\/wp\/v2\/pages\/4679\/revisions"}],"predecessor-version":[{"id":8082,"href":"https:\/\/casamanyaextrem.com\/index.php?rest_route=\/wp\/v2\/pages\/4679\/revisions\/8082"}],"wp:attachment":[{"href":"https:\/\/casamanyaextrem.com\/index.php?rest_route=%2Fwp%2Fv2%2Fmedia&parent=4679"}],"curies":[{"name":"wp","href":"https:\/\/api.w.org\/{rel}","templated":true}]}}