{"id":4832,"date":"2023-05-01T17:09:01","date_gmt":"2023-05-01T15:09:01","guid":{"rendered":"https:\/\/casamanyaextrem.com\/?page_id=4832"},"modified":"2023-05-01T17:09:01","modified_gmt":"2023-05-01T15:09:01","slug":"casamanya-extrem-bulletin","status":"publish","type":"page","link":"https:\/\/casamanyaextrem.com\/?page_id=4832&lang=fr","title":{"rendered":"Casamanya Extrem Bulletin"},"content":{"rendered":"\n\n\t<p>Pour \u00eatre inform\u00e9 rapidement des nouvelles et des mises \u00e0 jour de la Casamanya Extrem Vertical Race, vous pouvez vous abonner \u00e0 notre newsletter. Que vous soyez un coureur, un sponsor, un m\u00e9dia, un amateur de sport ou simplement d\u00e9sireux d&#8217;\u00eatre inform\u00e9&#8230;<\/p>\n<p>Bien s\u00fbr, vous pouvez \u00e9galement vous d\u00e9sabonner, mais nous esp\u00e9rons que vous ne le ferez pas !!!<\/p>\n\n","protected":false},"excerpt":{"rendered":"<p>Pour \u00eatre inform\u00e9 rapidement des nouvelles et des mises \u00e0 jour de la Casamanya Extrem Vertical Race, vous pouvez vous abonner \u00e0 notre newsletter. Que vous soyez un coureur, un sponsor, un m\u00e9dia, un amateur de sport ou simplement d\u00e9sireux d&#8217;\u00eatre inform\u00e9&#8230; Bien s\u00fbr, vous pouvez \u00e9galement vous d\u00e9sabonner, mais nous esp\u00e9rons que vous ne [&hellip;]<\/p>\n","protected":false},"author":1,"featured_media":0,"parent":0,"menu_order":0,"comment_status":"closed","ping_status":"closed","template":"","meta":{"site-sidebar-layout":"default","site-content-layout":"default","ast-site-content-layout":"default","site-content-style":"default","site-sidebar-style":"default","ast-global-header-display":"","ast-banner-title-visibility":"","ast-main-header-display":"","ast-hfb-above-header-display":"","ast-hfb-below-header-display":"","ast-hfb-mobile-header-display":"","site-post-title":"","ast-breadcrumbs-content":"","ast-featured-img":"","footer-sml-layout":"","ast-disable-related-posts":"","theme-transparent-header-meta":"default","adv-header-id-meta":"","stick-header-meta":"","header-above-stick-meta":"","header-main-stick-meta":"","header-below-stick-meta":"","astra-migrate-meta-layouts":"default","ast-page-background-enabled":"default","ast-page-background-meta":{"desktop":{"background-color":"","background-image":"","background-repeat":"repeat","background-position":"center center","background-size":"auto","background-attachment":"scroll","background-type":"","background-media":"","overlay-type":"","overlay-color":"","overlay-opacity":"","overlay-gradient":""},"tablet":{"background-color":"","background-image":"","background-repeat":"repeat","background-position":"center center","background-size":"auto","background-attachment":"scroll","background-type":"","background-media":"","overlay-type":"","overlay-color":"","overlay-opacity":"","overlay-gradient":""},"mobile":{"background-color":"","background-image":"","background-repeat":"repeat","background-position":"center center","background-size":"auto","background-attachment":"scroll","background-type":"","background-media":"","overlay-type":"","overlay-color":"","overlay-opacity":"","overlay-gradient":""}},"ast-content-background-meta":{"desktop":{"background-color":"var(--ast-global-color-5)","background-image":"","background-repeat":"repeat","background-position":"center center","background-size":"auto","background-attachment":"scroll","background-type":"","background-media":"","overlay-type":"","overlay-color":"","overlay-opacity":"","overlay-gradient":""},"tablet":{"background-color":"var(--ast-global-color-5)","background-image":"","background-repeat":"repeat","background-position":"center center","background-size":"auto","background-attachment":"scroll","background-type":"","background-media":"","overlay-type":"","overlay-color":"","overlay-opacity":"","overlay-gradient":""},"mobile":{"background-color":"var(--ast-global-color-5)","background-image":"","background-repeat":"repeat","background-position":"center center","background-size":"auto","background-attachment":"scroll","background-type":"","background-media":"","overlay-type":"","overlay-color":"","overlay-opacity":"","overlay-gradient":""}},"footnotes":""},"class_list":["post-4832","page","type-page","status-publish","hentry"],"lang":"fr","translations":{"es":2968,"ca":2029,"en":3056,"fr":4832},"pll_sync_post":[],"_links":{"self":[{"href":"https:\/\/casamanyaextrem.com\/index.php?rest_route=\/wp\/v2\/pages\/4832","targetHints":{"allow":["GET"]}}],"collection":[{"href":"https:\/\/casamanyaextrem.com\/index.php?rest_route=\/wp\/v2\/pages"}],"about":[{"href":"https:\/\/casamanyaextrem.com\/index.php?rest_route=\/wp\/v2\/types\/page"}],"author":[{"embeddable":true,"href":"https:\/\/casamanyaextrem.com\/index.php?rest_route=\/wp\/v2\/users\/1"}],"replies":[{"embeddable":true,"href":"https:\/\/casamanyaextrem.com\/index.php?rest_route=%2Fwp%2Fv2%2Fcomments&post=4832"}],"version-history":[{"count":2,"href":"https:\/\/casamanyaextrem.com\/index.php?rest_route=\/wp\/v2\/pages\/4832\/revisions"}],"predecessor-version":[{"id":4834,"href":"https:\/\/casamanyaextrem.com\/index.php?rest_route=\/wp\/v2\/pages\/4832\/revisions\/4834"}],"wp:attachment":[{"href":"https:\/\/casamanyaextrem.com\/index.php?rest_route=%2Fwp%2Fv2%2Fmedia&parent=4832"}],"curies":[{"name":"wp","href":"https:\/\/api.w.org\/{rel}","templated":true}]}}