{"id":4874,"date":"2023-05-01T21:29:58","date_gmt":"2023-05-01T19:29:58","guid":{"rendered":"https:\/\/casamanyaextrem.com\/?page_id=4874"},"modified":"2026-04-05T22:09:58","modified_gmt":"2026-04-05T20:09:58","slug":"casamanya-extrem-comida-abundi","status":"publish","type":"page","link":"https:\/\/casamanyaextrem.com\/?page_id=4874&lang=es","title":{"rendered":"Casamanya Extrem Comida Abundi"},"content":{"rendered":"\n\n\t<h2><strong>MEN\u00da ESPECIAL CASAMANYA EXTREM<br \/>\n<a href=\"https:\/\/abundimonterde.es\/\" target=\"_blank\" rel=\"attachment noopener wp-att-5763\"><img loading=\"lazy\" decoding=\"async\" src=\"https:\/\/casamanyaextrem.com\/wp-content\/uploads\/2024\/03\/abundi.jpg\" alt=\"\" width=\"606\" height=\"491\" \/><\/a><br \/>\n<\/strong><\/h2>\n<h2>Men\u00fa especial Casamanya Extrem<\/h2>\n<p>Ideal para que te recuperes de la carrera disfrutando de un men\u00fa de lujo con los compa\u00f1eros de aventura en un entorno incomparable justo antes de la entrega de premios (<strong>6 de junio, Andorra Congress Center Ordino, 13:00h<\/strong>)<\/p>\n<ul>\n<li><strong>Primer plato:<\/strong> Ensaladilla rusa con pimiento del piquillo y at\u00fan<\/li>\n<li><strong>Plato principal:<\/strong> Arroz de mar y monta\u00f1a con pollo de corral, sepia y gambas<\/li>\n<li><strong>Postre:<\/strong> Pastelito de chocolate<\/li>\n<li><strong>Bebida<\/strong><\/li>\n<\/ul>\n<p><strong><a href=\"https:\/\/casamanyaextrem.com\/?page_id=6171&amp;lang=es\">INSCRIPCI\u00d3N ALMUERZO<\/a><\/strong><\/p>\n<p><strong><a href=\"https:\/\/casamanyaextrem.com\/?page_id=4534&amp;lang=es\">INSCRIPCI\u00d3N CARRERA + ALMUERZO<\/a><\/strong><\/p>\n<table>\n<tbody>\n<tr>\n<td><a href=\"https:\/\/abundimonterde.es\/\" target=\"_blank\" rel=\"noopener\"><img loading=\"lazy\" decoding=\"async\" src=\"https:\/\/casamanyaextrem.com\/wp-content\/uploads\/2023\/05\/chef-5.png\" alt=\"\" width=\"194\" height=\"229\" \/><\/a><\/td>\n<td><a href=\"https:\/\/abundimonterde.es\/\" target=\"_blank\" rel=\"noopener\"><img loading=\"lazy\" decoding=\"async\" src=\"https:\/\/casamanyaextrem.com\/wp-content\/uploads\/2023\/05\/logo.png\" alt=\"\" width=\"175\" height=\"225\" \/><\/a><\/td>\n<\/tr>\n<\/tbody>\n<\/table>\n<p>&nbsp;<\/p>\n\n","protected":false},"excerpt":{"rendered":"<p>MEN\u00da ESPECIAL CASAMANYA EXTREM Men\u00fa especial Casamanya Extrem Ideal para que te recuperes de la carrera disfrutando de un men\u00fa de lujo con los compa\u00f1eros de aventura en un entorno incomparable justo antes de la entrega de premios (6 de junio, Andorra Congress Center Ordino, 13:00h) Primer plato: Ensaladilla rusa con pimiento del piquillo y [&hellip;]<\/p>\n","protected":false},"author":1,"featured_media":0,"parent":0,"menu_order":0,"comment_status":"closed","ping_status":"closed","template":"","meta":{"site-sidebar-layout":"default","site-content-layout":"","ast-site-content-layout":"default","site-content-style":"default","site-sidebar-style":"default","ast-global-header-display":"","ast-banner-title-visibility":"","ast-main-header-display":"","ast-hfb-above-header-display":"","ast-hfb-below-header-display":"","ast-hfb-mobile-header-display":"","site-post-title":"","ast-breadcrumbs-content":"","ast-featured-img":"","footer-sml-layout":"","ast-disable-related-posts":"","theme-transparent-header-meta":"","adv-header-id-meta":"","stick-header-meta":"","header-above-stick-meta":"","header-main-stick-meta":"","header-below-stick-meta":"","astra-migrate-meta-layouts":"set","ast-page-background-enabled":"default","ast-page-background-meta":{"desktop":{"background-color":"","background-image":"","background-repeat":"repeat","background-position":"center center","background-size":"auto","background-attachment":"scroll","background-type":"","background-media":"","overlay-type":"","overlay-color":"","overlay-opacity":"","overlay-gradient":""},"tablet":{"background-color":"","background-image":"","background-repeat":"repeat","background-position":"center center","background-size":"auto","background-attachment":"scroll","background-type":"","background-media":"","overlay-type":"","overlay-color":"","overlay-opacity":"","overlay-gradient":""},"mobile":{"background-color":"","background-image":"","background-repeat":"repeat","background-position":"center center","background-size":"auto","background-attachment":"scroll","background-type":"","background-media":"","overlay-type":"","overlay-color":"","overlay-opacity":"","overlay-gradient":""}},"ast-content-background-meta":{"desktop":{"background-color":"var(--ast-global-color-5)","background-image":"","background-repeat":"repeat","background-position":"center center","background-size":"auto","background-attachment":"scroll","background-type":"","background-media":"","overlay-type":"","overlay-color":"","overlay-opacity":"","overlay-gradient":""},"tablet":{"background-color":"var(--ast-global-color-5)","background-image":"","background-repeat":"repeat","background-position":"center center","background-size":"auto","background-attachment":"scroll","background-type":"","background-media":"","overlay-type":"","overlay-color":"","overlay-opacity":"","overlay-gradient":""},"mobile":{"background-color":"var(--ast-global-color-5)","background-image":"","background-repeat":"repeat","background-position":"center center","background-size":"auto","background-attachment":"scroll","background-type":"","background-media":"","overlay-type":"","overlay-color":"","overlay-opacity":"","overlay-gradient":""}},"footnotes":""},"class_list":["post-4874","page","type-page","status-publish","hentry"],"lang":"es","translations":{"en":4877,"fr":4880,"es":4874,"ca":8264},"pll_sync_post":[],"_links":{"self":[{"href":"https:\/\/casamanyaextrem.com\/index.php?rest_route=\/wp\/v2\/pages\/4874","targetHints":{"allow":["GET"]}}],"collection":[{"href":"https:\/\/casamanyaextrem.com\/index.php?rest_route=\/wp\/v2\/pages"}],"about":[{"href":"https:\/\/casamanyaextrem.com\/index.php?rest_route=\/wp\/v2\/types\/page"}],"author":[{"embeddable":true,"href":"https:\/\/casamanyaextrem.com\/index.php?rest_route=\/wp\/v2\/users\/1"}],"replies":[{"embeddable":true,"href":"https:\/\/casamanyaextrem.com\/index.php?rest_route=%2Fwp%2Fv2%2Fcomments&post=4874"}],"version-history":[{"count":5,"href":"https:\/\/casamanyaextrem.com\/index.php?rest_route=\/wp\/v2\/pages\/4874\/revisions"}],"predecessor-version":[{"id":8311,"href":"https:\/\/casamanyaextrem.com\/index.php?rest_route=\/wp\/v2\/pages\/4874\/revisions\/8311"}],"wp:attachment":[{"href":"https:\/\/casamanyaextrem.com\/index.php?rest_route=%2Fwp%2Fv2%2Fmedia&parent=4874"}],"curies":[{"name":"wp","href":"https:\/\/api.w.org\/{rel}","templated":true}]}}