{"id":4880,"date":"2023-05-01T21:35:29","date_gmt":"2023-05-01T19:35:29","guid":{"rendered":"https:\/\/casamanyaextrem.com\/?page_id=4880"},"modified":"2026-03-29T08:15:12","modified_gmt":"2026-03-29T06:15:12","slug":"casamanya-extrem-dejeuner-abundi","status":"publish","type":"page","link":"https:\/\/casamanyaextrem.com\/?page_id=4880&lang=fr","title":{"rendered":"Casamanya Extrem D\u00e9jeuner Abundi"},"content":{"rendered":"\n\n\t<h2><strong>MENU SP\u00c9CIAL CASAMANYA EXTREM<br \/>\n<a href=\"https:\/\/abundimonterde.es\/ca\/\" target=\"_blank\" rel=\"attachment noopener wp-att-5763\"><img loading=\"lazy\" decoding=\"async\" src=\"https:\/\/casamanyaextrem.com\/wp-content\/uploads\/2024\/03\/abundi.jpg\" alt=\"\" width=\"606\" height=\"491\" \/><\/a><br \/>\n<\/strong><\/h2>\n<h2>Menu sp\u00e9cial Casamanya Extrem<\/h2>\n<p>Id\u00e9al pour r\u00e9cup\u00e9rer de la course en d\u00e9gustant un menu de luxe avec les compagnons d&#8217;aventure dans un cadre incomparable juste avant la remise des prix (<strong>6 juin, Andorra Congress Center Ordino, 13:00h<\/strong>)<\/p>\n<ul>\n<li><strong>Entr\u00e9e :<\/strong> Salade russe avec poivron del piquillo et thon<\/li>\n<li><strong>Plat principal :<\/strong> Riz mer et montagne avec poulet fermier, seiche et crevettes<\/li>\n<li><strong>Dessert :<\/strong> Petit g\u00e2teau au chocolat<\/li>\n<li><strong>Boisson<\/strong><\/li>\n<\/ul>\n<p><strong><a href=\"https:\/\/casamanyaextrem.com\/?page_id=6190&amp;lang=fr\">INSCRIPTION REPAS<\/a><\/strong><\/p>\n<p><strong><a href=\"https:\/\/casamanyaextrem.com\/?page_id=4540&amp;lang=fr\">INSCRIPTION RACE + REPAS<\/a><\/strong><\/p>\n<table>\n<tbody>\n<tr>\n<td><a href=\"https:\/\/abundimonterde.es\/ca\/\" target=\"_blank\" rel=\"noopener\"><img loading=\"lazy\" decoding=\"async\" src=\"https:\/\/casamanyaextrem.com\/wp-content\/uploads\/2023\/05\/chef-5.png\" alt=\"\" width=\"194\" height=\"229\" \/><\/a><\/td>\n<td><a href=\"https:\/\/abundimonterde.es\/ca\/\" target=\"_blank\" rel=\"noopener\"><img loading=\"lazy\" decoding=\"async\" src=\"https:\/\/casamanyaextrem.com\/wp-content\/uploads\/2023\/05\/logo.png\" alt=\"\" width=\"175\" height=\"225\" \/><\/a><\/td>\n<\/tr>\n<\/tbody>\n<\/table>\n<p>&nbsp;<\/p>\n\n","protected":false},"excerpt":{"rendered":"<p>MENU SP\u00c9CIAL CASAMANYA EXTREM Menu sp\u00e9cial Casamanya Extrem Id\u00e9al pour r\u00e9cup\u00e9rer de la course en d\u00e9gustant un menu de luxe avec les compagnons d&#8217;aventure dans un cadre incomparable juste avant la remise des prix (6 juin, Andorra Congress Center Ordino, 13:00h) Entr\u00e9e : Salade russe avec poivron del piquillo et thon Plat principal : Riz [&hellip;]<\/p>\n","protected":false},"author":1,"featured_media":0,"parent":0,"menu_order":0,"comment_status":"closed","ping_status":"closed","template":"","meta":{"site-sidebar-layout":"default","site-content-layout":"","ast-site-content-layout":"default","site-content-style":"default","site-sidebar-style":"default","ast-global-header-display":"","ast-banner-title-visibility":"","ast-main-header-display":"","ast-hfb-above-header-display":"","ast-hfb-below-header-display":"","ast-hfb-mobile-header-display":"","site-post-title":"","ast-breadcrumbs-content":"","ast-featured-img":"","footer-sml-layout":"","ast-disable-related-posts":"","theme-transparent-header-meta":"","adv-header-id-meta":"","stick-header-meta":"","header-above-stick-meta":"","header-main-stick-meta":"","header-below-stick-meta":"","astra-migrate-meta-layouts":"default","ast-page-background-enabled":"default","ast-page-background-meta":{"desktop":{"background-color":"","background-image":"","background-repeat":"repeat","background-position":"center center","background-size":"auto","background-attachment":"scroll","background-type":"","background-media":"","overlay-type":"","overlay-color":"","overlay-opacity":"","overlay-gradient":""},"tablet":{"background-color":"","background-image":"","background-repeat":"repeat","background-position":"center center","background-size":"auto","background-attachment":"scroll","background-type":"","background-media":"","overlay-type":"","overlay-color":"","overlay-opacity":"","overlay-gradient":""},"mobile":{"background-color":"","background-image":"","background-repeat":"repeat","background-position":"center center","background-size":"auto","background-attachment":"scroll","background-type":"","background-media":"","overlay-type":"","overlay-color":"","overlay-opacity":"","overlay-gradient":""}},"ast-content-background-meta":{"desktop":{"background-color":"var(--ast-global-color-5)","background-image":"","background-repeat":"repeat","background-position":"center center","background-size":"auto","background-attachment":"scroll","background-type":"","background-media":"","overlay-type":"","overlay-color":"","overlay-opacity":"","overlay-gradient":""},"tablet":{"background-color":"var(--ast-global-color-5)","background-image":"","background-repeat":"repeat","background-position":"center center","background-size":"auto","background-attachment":"scroll","background-type":"","background-media":"","overlay-type":"","overlay-color":"","overlay-opacity":"","overlay-gradient":""},"mobile":{"background-color":"var(--ast-global-color-5)","background-image":"","background-repeat":"repeat","background-position":"center center","background-size":"auto","background-attachment":"scroll","background-type":"","background-media":"","overlay-type":"","overlay-color":"","overlay-opacity":"","overlay-gradient":""}},"footnotes":""},"class_list":["post-4880","page","type-page","status-publish","hentry"],"lang":"fr","translations":{"en":4877,"fr":4880,"es":4874,"ca":8264},"pll_sync_post":[],"_links":{"self":[{"href":"https:\/\/casamanyaextrem.com\/index.php?rest_route=\/wp\/v2\/pages\/4880","targetHints":{"allow":["GET"]}}],"collection":[{"href":"https:\/\/casamanyaextrem.com\/index.php?rest_route=\/wp\/v2\/pages"}],"about":[{"href":"https:\/\/casamanyaextrem.com\/index.php?rest_route=\/wp\/v2\/types\/page"}],"author":[{"embeddable":true,"href":"https:\/\/casamanyaextrem.com\/index.php?rest_route=\/wp\/v2\/users\/1"}],"replies":[{"embeddable":true,"href":"https:\/\/casamanyaextrem.com\/index.php?rest_route=%2Fwp%2Fv2%2Fcomments&post=4880"}],"version-history":[{"count":5,"href":"https:\/\/casamanyaextrem.com\/index.php?rest_route=\/wp\/v2\/pages\/4880\/revisions"}],"predecessor-version":[{"id":8261,"href":"https:\/\/casamanyaextrem.com\/index.php?rest_route=\/wp\/v2\/pages\/4880\/revisions\/8261"}],"wp:attachment":[{"href":"https:\/\/casamanyaextrem.com\/index.php?rest_route=%2Fwp%2Fv2%2Fmedia&parent=4880"}],"curies":[{"name":"wp","href":"https:\/\/api.w.org\/{rel}","templated":true}]}}