{"id":4960,"date":"2023-05-11T15:18:22","date_gmt":"2023-05-11T13:18:22","guid":{"rendered":"https:\/\/casamanyaextrem.com\/?page_id=4960"},"modified":"2024-05-19T16:32:23","modified_gmt":"2024-05-19T14:32:23","slug":"casamanya-extrem-solidaire","status":"publish","type":"page","link":"https:\/\/casamanyaextrem.com\/?page_id=4960&lang=fr","title":{"rendered":"Casamanya Extrem Solidaire"},"content":{"rendered":"\n\n\t<a href=\"https:\/\/casamanyaextrem.com\/?attachment_id=5826\" rel=\"attachment wp-att-5826\"><img loading=\"lazy\" decoding=\"async\" src=\"https:\/\/casamanyaextrem.com\/wp-content\/uploads\/2024\/03\/kailashv3-1.jpg\" alt=\"\" width=\"819\" height=\"474\" \/><\/a><br \/>\nLa <a href=\"https:\/\/casamanyaextrem.com\/\">Course Verticale Casamanya Extrem<\/a> encourage la collecte de dons pour la <a href=\"https:\/\/www.mount4him.org\/\" target=\"_blank\" rel=\"noopener\">Fondation Kailash Home<\/a> et la diffusion de son projet.\n<p>Nous avons lanc\u00e9 un syst\u00e8me de micro-dons que les participants peuvent faire au moment de leur <a href=\"https:\/\/casamanyaextrem.com\/?page_id=4540&amp;lang=fr\">inscription \u00e0 la course<\/a>.<\/p>\n<p>La <a href=\"https:\/\/www.mount4him.org\/\" target=\"_blank\" rel=\"noopener\">Fondation Kailash Home<\/a> est une fondation priv\u00e9e \u00e0 but non lucratif, sans connotation religieuse ou politique, form\u00e9e par des alpinistes solidaires des enfants de l&#8217;Himalaya. Nous pensons que l&#8217;\u00e9ducation de base est la meilleure garantie pour g\u00e9n\u00e9rer des progr\u00e8s \u00e9conomiques, sociaux, culturels et politiques dans cette r\u00e9gion. Ainsi, notre mission est de garantir l&#8217;acc\u00e8s \u00e0 l&#8217;\u00e9ducation aux enfants les plus n\u00e9cessiteux de l&#8217;Himalaya.<\/p>\n<p>Nos fonds servent \u00e0 financer le Kailash Home, un foyer abritant pr\u00e8s de 100 enfants \u00e2g\u00e9s de six \u00e0 dix-sept ans, situ\u00e9 \u00e0 la p\u00e9riph\u00e9rie de Katmandou.<\/p>\n<p>Nos gar\u00e7ons et nos filles sont s\u00e9lectionn\u00e9s en fonction de leurs besoins et de leur acc\u00e8s aux opportunit\u00e9s \u00e9ducatives dans leurs villages, la plupart originaires de r\u00e9gions recul\u00e9es des villages de montagne de l&#8217;Himalaya.<\/p>\n<p>En arrivant au Kailash Home, ces enfants trouvent une nouvelle famille o\u00f9 ils peuvent recr\u00e9er la maison qu&#8217;ils ont laiss\u00e9e derri\u00e8re eux ou qu&#8217;ils n&#8217;ont peut-\u00eatre jamais eue. Tous les enfants du Kailash Home re\u00e7oivent une \u00e9ducation traditionnelle et culturelle, une alimentation et des soins de sant\u00e9 ad\u00e9quats, ainsi que la possibilit\u00e9 de participer \u00e0 des activit\u00e9s et des sorties extra scolaires. Chaque enfant est parrain\u00e9 individuellement par un parrain qui forme un lien personnel et continu avec l&#8217;enfant m\u00eame apr\u00e8s qu&#8217;ils ont quitt\u00e9 Kailash Home. Nos dipl\u00f4m\u00e9s entrent avec succ\u00e8s dans des \u00e9coles de m\u00e9tiers, des universit\u00e9s et dans une myriade de carri\u00e8res. Avec plus de 20 ans de travail au N\u00e9pal, la Fondation Kailash Home, en collaboration avec nos partenaires internationaux, a pris soin et \u00e9duqu\u00e9 plus de 200 enfants.<\/p>\n<p><a href=\"https:\/\/casamanyaextrem.com\/?page_id=4540&amp;lang=fr\"><strong>INSCRIVEZ-VOUS ET FAITES VOTRE DON<\/strong><\/a><\/p>\n\u00c0 la fin de votre inscription, juste avant le paiement, vous pourrez faire votre contribution.<br \/>\nPeu importe \u00e0 quel point cela peut sembler petit, chaque aide sera grandement appr\u00e9ci\u00e9e.\n<h2><strong>MERCI<\/strong><\/h2>\n<h2><strong><br \/>\n<\/strong><a href=\"https:\/\/casamanyaextrem.com\/?attachment_id=5821\" rel=\"attachment wp-att-5821\"><img loading=\"lazy\" decoding=\"async\" src=\"https:\/\/casamanyaextrem.com\/wp-content\/uploads\/2024\/03\/kailashhomenou-ajustat.jpg\" alt=\"\" width=\"262\" height=\"172\" \/><\/a><\/h2>\n<p>&nbsp;<\/p>\n\n","protected":false},"excerpt":{"rendered":"<p>La Course Verticale Casamanya Extrem encourage la collecte de dons pour la Fondation Kailash Home et la diffusion de son projet. Nous avons lanc\u00e9 un syst\u00e8me de micro-dons que les participants peuvent faire au moment de leur inscription \u00e0 la course. La Fondation Kailash Home est une fondation priv\u00e9e \u00e0 but non lucratif, sans connotation [&hellip;]<\/p>\n","protected":false},"author":1,"featured_media":0,"parent":0,"menu_order":0,"comment_status":"closed","ping_status":"closed","template":"","meta":{"site-sidebar-layout":"default","site-content-layout":"","ast-site-content-layout":"default","site-content-style":"default","site-sidebar-style":"default","ast-global-header-display":"","ast-banner-title-visibility":"","ast-main-header-display":"","ast-hfb-above-header-display":"","ast-hfb-below-header-display":"","ast-hfb-mobile-header-display":"","site-post-title":"","ast-breadcrumbs-content":"","ast-featured-img":"","footer-sml-layout":"","ast-disable-related-posts":"","theme-transparent-header-meta":"","adv-header-id-meta":"","stick-header-meta":"","header-above-stick-meta":"","header-main-stick-meta":"","header-below-stick-meta":"","astra-migrate-meta-layouts":"default","ast-page-background-enabled":"default","ast-page-background-meta":{"desktop":{"background-color":"","background-image":"","background-repeat":"repeat","background-position":"center center","background-size":"auto","background-attachment":"scroll","background-type":"","background-media":"","overlay-type":"","overlay-color":"","overlay-opacity":"","overlay-gradient":""},"tablet":{"background-color":"","background-image":"","background-repeat":"repeat","background-position":"center center","background-size":"auto","background-attachment":"scroll","background-type":"","background-media":"","overlay-type":"","overlay-color":"","overlay-opacity":"","overlay-gradient":""},"mobile":{"background-color":"","background-image":"","background-repeat":"repeat","background-position":"center center","background-size":"auto","background-attachment":"scroll","background-type":"","background-media":"","overlay-type":"","overlay-color":"","overlay-opacity":"","overlay-gradient":""}},"ast-content-background-meta":{"desktop":{"background-color":"var(--ast-global-color-5)","background-image":"","background-repeat":"repeat","background-position":"center center","background-size":"auto","background-attachment":"scroll","background-type":"","background-media":"","overlay-type":"","overlay-color":"","overlay-opacity":"","overlay-gradient":""},"tablet":{"background-color":"var(--ast-global-color-5)","background-image":"","background-repeat":"repeat","background-position":"center center","background-size":"auto","background-attachment":"scroll","background-type":"","background-media":"","overlay-type":"","overlay-color":"","overlay-opacity":"","overlay-gradient":""},"mobile":{"background-color":"var(--ast-global-color-5)","background-image":"","background-repeat":"repeat","background-position":"center center","background-size":"auto","background-attachment":"scroll","background-type":"","background-media":"","overlay-type":"","overlay-color":"","overlay-opacity":"","overlay-gradient":""}},"footnotes":""},"class_list":["post-4960","page","type-page","status-publish","hentry"],"lang":"fr","translations":{"es":4956,"ca":4930,"fr":4960,"en":4963},"pll_sync_post":[],"_links":{"self":[{"href":"https:\/\/casamanyaextrem.com\/index.php?rest_route=\/wp\/v2\/pages\/4960","targetHints":{"allow":["GET"]}}],"collection":[{"href":"https:\/\/casamanyaextrem.com\/index.php?rest_route=\/wp\/v2\/pages"}],"about":[{"href":"https:\/\/casamanyaextrem.com\/index.php?rest_route=\/wp\/v2\/types\/page"}],"author":[{"embeddable":true,"href":"https:\/\/casamanyaextrem.com\/index.php?rest_route=\/wp\/v2\/users\/1"}],"replies":[{"embeddable":true,"href":"https:\/\/casamanyaextrem.com\/index.php?rest_route=%2Fwp%2Fv2%2Fcomments&post=4960"}],"version-history":[{"count":6,"href":"https:\/\/casamanyaextrem.com\/index.php?rest_route=\/wp\/v2\/pages\/4960\/revisions"}],"predecessor-version":[{"id":6364,"href":"https:\/\/casamanyaextrem.com\/index.php?rest_route=\/wp\/v2\/pages\/4960\/revisions\/6364"}],"wp:attachment":[{"href":"https:\/\/casamanyaextrem.com\/index.php?rest_route=%2Fwp%2Fv2%2Fmedia&parent=4960"}],"curies":[{"name":"wp","href":"https:\/\/api.w.org\/{rel}","templated":true}]}}