{"id":4991,"date":"2023-05-14T12:26:14","date_gmt":"2023-05-14T10:26:14","guid":{"rendered":"https:\/\/casamanyaextrem.com\/?page_id=4991"},"modified":"2026-03-29T08:20:15","modified_gmt":"2026-03-29T06:20:15","slug":"casamanya-extrem-alojamiento-oficial","status":"publish","type":"page","link":"https:\/\/casamanyaextrem.com\/?page_id=4991&lang=es","title":{"rendered":"Casamanya Extrem Alojamiento Oficial"},"content":{"rendered":"\n\n\t<p>Este a\u00f1o, con <a href=\"https:\/\/www.abbahotels.com\/\" target=\"_blank\" rel=\"noopener\">ABBA HOTELS<\/a> te lo ponemos muy f\u00e1cil:<\/p>\n<p>Tienes dos hoteles para elegir, seg\u00fan tus opciones y necesidades<\/p>\n<ul>\n<li><a href=\"https:\/\/www.abbahoteles.com\/es\/destinos\/abba-ordino-babot-hotel\/hotel.html\" target=\"_blank\" rel=\"noopener\">abba Ordino Babot hotel 3*** (Ordino)<\/a><\/li>\n<li><a href=\"https:\/\/www.abbahoteles.com\/es\/destinos\/abba-xalet-suites-hotel\/hotel.html\" target=\"_blank\" rel=\"noopener\">abba Xalet Suites hotel 4**** (La Massana)<\/a><\/li>\n<\/ul>\n<p><a href=\"https:\/\/casamanyaextrem.com\/?page_id=4534&amp;lang=es\"><strong>Inscr\u00edbete en la Casamanya Extrem Vertical Race<\/strong><\/a>, recibir\u00e1s un c\u00f3digo de descuento con el recibo de pago.<\/p>\n<p>Horarios especiales adaptados para los desayunos el d\u00eda de la carrera. Adem\u00e1s, sortearemos una <strong>cena para dos personas entre los inscritos que hagan la reserva en cada uno de los hoteles<\/strong>.<\/p>\n<p>Haz tu reserva en cualquiera de los dos hoteles, y <strong>con el c\u00f3digo de descuento podr\u00e1s acceder al precio especial Casamanya Extrem con tu familia durante el fin de semana de la carrera (6, 7 y 8 de junio)<\/strong>. Si dese\u00e1is prolongar la estancia, consultad directamente con el establecimiento.<\/p>\n\t\t\t\t<a href=\"https:\/\/www.abbahoteles.com\/es\/destinos\/abba-ordino-babot-hotel\/hotel.html\" target=\"_blank\" rel=\"noopener nofollow\"  itemprop=\"url\">\n\t\t\t\t<img loading=\"lazy\" decoding=\"async\" src=\"https:\/\/casamanyaextrem.com\/wp-content\/uploads\/2024\/03\/logo-abba-ordino-babot-hotel-andorra-negro-sinfondo.png\" alt=\"logo-abba-ordino-babot-hotel-andorra-negro-sinfondo\" itemprop=\"image\" height=\"194\" width=\"1089\" title=\"logo-abba-ordino-babot-hotel-andorra-negro-sinfondo\" onerror=\"this.style.display='none'\"  \/>\n\t\t\t\t<\/a>\n\t\t\t<img decoding=\"async\" loading='false' src=\"https:\/\/casamanyaextrem.com\/wp-content\/uploads\/2023\/05\/BABOT_0947-2-1200x797-1.jpg\" alt=\"\" \/>\t\t\t\n\t\t\t<img decoding=\"async\" loading='false' src=\"https:\/\/casamanyaextrem.com\/wp-content\/uploads\/2023\/05\/BABOT_1041-1200x799-1.jpg\" alt=\"\" \/>\t\t\t\n\t\t\t<img decoding=\"async\" loading='false' src=\"https:\/\/casamanyaextrem.com\/wp-content\/uploads\/2023\/05\/babot-DSC02954-1197x800-1.jpg\" alt=\"\" \/>\t\t\t\n\t\t\t\t<a href=\"https:\/\/www.abbahoteles.com\/es\/destinos\/abba-xalet-suites-hotel\/hotel.html\" target=\"_blank\" rel=\"noopener nofollow\"  itemprop=\"url\">\n\t\t\t\t<img loading=\"lazy\" decoding=\"async\" src=\"https:\/\/casamanyaextrem.com\/wp-content\/uploads\/2024\/03\/abba-xalet-suites-hotel-negro-ret.png\" alt=\"abba-xalet-suites-hotel-negro-ret\" itemprop=\"image\" height=\"212\" width=\"1310\" title=\"abba-xalet-suites-hotel-negro-ret\" onerror=\"this.style.display='none'\"  \/>\n\t\t\t\t<\/a>\n\t\t\t<img decoding=\"async\" loading='false' src=\"https:\/\/casamanyaextrem.com\/wp-content\/uploads\/2023\/05\/abba_Xalet_Suites_Hotel_Piscina_2-1067x800-1.jpg\" alt=\"\" \/>\t\t\t\n\t\t\t<img decoding=\"async\" loading='false' src=\"https:\/\/casamanyaextrem.com\/wp-content\/uploads\/2023\/05\/abba_Xalet_Suites_Hotel_Fachada_5-1067x800-1.jpg\" alt=\"\" \/>\t\t\t\n\t\t\t<img decoding=\"async\" loading='false' src=\"https:\/\/casamanyaextrem.com\/wp-content\/uploads\/2023\/05\/abba_Xalet_Suites_Hotel_Spa-1200x800-1.jpg\" alt=\"\" \/>\t\t\t\n\n","protected":false},"excerpt":{"rendered":"<p>Este a\u00f1o, con ABBA HOTELS te lo ponemos muy f\u00e1cil: Tienes dos hoteles para elegir, seg\u00fan tus opciones y necesidades abba Ordino Babot hotel 3*** (Ordino) abba Xalet Suites hotel 4**** (La Massana) Inscr\u00edbete en la Casamanya Extrem Vertical Race, recibir\u00e1s un c\u00f3digo de descuento con el recibo de pago. Horarios especiales adaptados para los [&hellip;]<\/p>\n","protected":false},"author":1,"featured_media":0,"parent":0,"menu_order":0,"comment_status":"closed","ping_status":"closed","template":"","meta":{"site-sidebar-layout":"default","site-content-layout":"","ast-site-content-layout":"default","site-content-style":"default","site-sidebar-style":"default","ast-global-header-display":"","ast-banner-title-visibility":"","ast-main-header-display":"","ast-hfb-above-header-display":"","ast-hfb-below-header-display":"","ast-hfb-mobile-header-display":"","site-post-title":"","ast-breadcrumbs-content":"","ast-featured-img":"","footer-sml-layout":"","ast-disable-related-posts":"","theme-transparent-header-meta":"","adv-header-id-meta":"","stick-header-meta":"","header-above-stick-meta":"","header-main-stick-meta":"","header-below-stick-meta":"","astra-migrate-meta-layouts":"set","ast-page-background-enabled":"default","ast-page-background-meta":{"desktop":{"background-color":"","background-image":"","background-repeat":"repeat","background-position":"center center","background-size":"auto","background-attachment":"scroll","background-type":"","background-media":"","overlay-type":"","overlay-color":"","overlay-opacity":"","overlay-gradient":""},"tablet":{"background-color":"","background-image":"","background-repeat":"repeat","background-position":"center center","background-size":"auto","background-attachment":"scroll","background-type":"","background-media":"","overlay-type":"","overlay-color":"","overlay-opacity":"","overlay-gradient":""},"mobile":{"background-color":"","background-image":"","background-repeat":"repeat","background-position":"center center","background-size":"auto","background-attachment":"scroll","background-type":"","background-media":"","overlay-type":"","overlay-color":"","overlay-opacity":"","overlay-gradient":""}},"ast-content-background-meta":{"desktop":{"background-color":"var(--ast-global-color-5)","background-image":"","background-repeat":"repeat","background-position":"center center","background-size":"auto","background-attachment":"scroll","background-type":"","background-media":"","overlay-type":"","overlay-color":"","overlay-opacity":"","overlay-gradient":""},"tablet":{"background-color":"var(--ast-global-color-5)","background-image":"","background-repeat":"repeat","background-position":"center center","background-size":"auto","background-attachment":"scroll","background-type":"","background-media":"","overlay-type":"","overlay-color":"","overlay-opacity":"","overlay-gradient":""},"mobile":{"background-color":"var(--ast-global-color-5)","background-image":"","background-repeat":"repeat","background-position":"center center","background-size":"auto","background-attachment":"scroll","background-type":"","background-media":"","overlay-type":"","overlay-color":"","overlay-opacity":"","overlay-gradient":""}},"footnotes":""},"class_list":["post-4991","page","type-page","status-publish","hentry"],"lang":"es","translations":{"es":4991,"ca":4981,"en":4996,"fr":4999},"pll_sync_post":[],"_links":{"self":[{"href":"https:\/\/casamanyaextrem.com\/index.php?rest_route=\/wp\/v2\/pages\/4991","targetHints":{"allow":["GET"]}}],"collection":[{"href":"https:\/\/casamanyaextrem.com\/index.php?rest_route=\/wp\/v2\/pages"}],"about":[{"href":"https:\/\/casamanyaextrem.com\/index.php?rest_route=\/wp\/v2\/types\/page"}],"author":[{"embeddable":true,"href":"https:\/\/casamanyaextrem.com\/index.php?rest_route=\/wp\/v2\/users\/1"}],"replies":[{"embeddable":true,"href":"https:\/\/casamanyaextrem.com\/index.php?rest_route=%2Fwp%2Fv2%2Fcomments&post=4991"}],"version-history":[{"count":12,"href":"https:\/\/casamanyaextrem.com\/index.php?rest_route=\/wp\/v2\/pages\/4991\/revisions"}],"predecessor-version":[{"id":7025,"href":"https:\/\/casamanyaextrem.com\/index.php?rest_route=\/wp\/v2\/pages\/4991\/revisions\/7025"}],"wp:attachment":[{"href":"https:\/\/casamanyaextrem.com\/index.php?rest_route=%2Fwp%2Fv2%2Fmedia&parent=4991"}],"curies":[{"name":"wp","href":"https:\/\/api.w.org\/{rel}","templated":true}]}}