{"id":4999,"date":"2023-05-14T12:46:03","date_gmt":"2023-05-14T10:46:03","guid":{"rendered":"https:\/\/casamanyaextrem.com\/?page_id=4999"},"modified":"2025-01-06T17:56:31","modified_gmt":"2025-01-06T16:56:31","slug":"casamanya-extrem-hebergement-officiel","status":"publish","type":"page","link":"https:\/\/casamanyaextrem.com\/?page_id=4999&lang=fr","title":{"rendered":"Casamanya Extrem H\u00e9bergement Officiel"},"content":{"rendered":"\n\n\t<p>Cette ann\u00e9e, avec <a href=\"https:\/\/www.abbahotels.com\/\" target=\"_blank\" rel=\"noopener\">ABBA HOTELS<\/a>, nous vous facilitons la t\u00e2che :<\/p>\n<p>Vous avez le choix entre deux h\u00f4tels, selon vos options et besoins<\/p>\n<ul>\n<li><a href=\"https:\/\/www.abbahoteles.com\/fr\/destinations\/abba-ordino-babot-hotel\/hotel.html\" target=\"_blank\" rel=\"noopener\">abba Ordino Babot hotel 3*** (Ordino)<\/a><\/li>\n<li><a href=\"https:\/\/www.abbahoteles.com\/fr\/destinations\/abba-xalet-suites-hotel\/hotel.html\" target=\"_blank\" rel=\"noopener\">abba Xalet Suites hotel 4**** (La Massana)<\/a><\/li>\n<\/ul>\n<p><a href=\"https:\/\/casamanyaextrem.com\/?page_id=4540&amp;lang=fr\"><strong>Inscrivez-vous \u00e0 la Casamanya Extrem Vertical Race<\/strong><\/a>, vous recevrez un code de r\u00e9duction avec le re\u00e7u de paiement.<\/p>\n<p>Horaires sp\u00e9ciaux adapt\u00e9s pour les petits-d\u00e9jeuners le jour de la course. De plus, nous tirerons au sort un <strong>d\u00eener pour deux personnes parmi les inscrits qui r\u00e9servent dans chacun des h\u00f4tels<\/strong>.<\/p>\n<p>Effectuez votre r\u00e9servation dans l&#8217;un des deux h\u00f4tels, et <strong>avec le code de r\u00e9duction, vous pourrez acc\u00e9der au prix sp\u00e9cial Casamanya Extrem avec votre famille pendant le week-end de la course (6, 7 et 8 juin)<\/strong>. Si vous souhaitez prolonger votre s\u00e9jour, veuillez consulter directement l&#8217;\u00e9tablissement.<\/p>\n\t\t\t\t<a href=\"https:\/\/www.abbahoteles.com\/fr\/destinations\/abba-ordino-babot-hotel\/hotel.html\" target=\"_blank\" rel=\"noopener nofollow\"  itemprop=\"url\">\n\t\t\t\t<img loading=\"lazy\" decoding=\"async\" src=\"https:\/\/casamanyaextrem.com\/wp-content\/uploads\/2024\/03\/logo-abba-ordino-babot-hotel-andorra-negro-sinfondo-1.png\" alt=\"logo-abba-ordino-babot-hotel-andorra-negro-sinfondo\" itemprop=\"image\" height=\"194\" width=\"1089\" title=\"logo-abba-ordino-babot-hotel-andorra-negro-sinfondo\" onerror=\"this.style.display='none'\"  \/>\n\t\t\t\t<\/a>\n\t\t\t<img decoding=\"async\" loading='false' src=\"https:\/\/casamanyaextrem.com\/wp-content\/uploads\/2023\/05\/BABOT_0947-2-1200x797-1.jpg\" alt=\"\" \/>\t\t\t\n\t\t\t<img decoding=\"async\" loading='false' src=\"https:\/\/casamanyaextrem.com\/wp-content\/uploads\/2023\/05\/BABOT_1041-1200x799-1.jpg\" alt=\"\" \/>\t\t\t\n\t\t\t<img decoding=\"async\" loading='false' src=\"https:\/\/casamanyaextrem.com\/wp-content\/uploads\/2023\/05\/babot-DSC02954-1197x800-1.jpg\" alt=\"\" \/>\t\t\t\n\t\t\t\t<a href=\"https:\/\/www.abbahoteles.com\/fr\/destinations\/abba-xalet-suites-hotel\/hotel.html\" target=\"_blank\" rel=\"noopener nofollow\"  itemprop=\"url\">\n\t\t\t\t<img loading=\"lazy\" decoding=\"async\" src=\"https:\/\/casamanyaextrem.com\/wp-content\/uploads\/2024\/03\/abba-xalet-suites-hotel-negro-ret.png\" alt=\"abba-xalet-suites-hotel-negro-ret\" itemprop=\"image\" height=\"212\" width=\"1310\" title=\"abba-xalet-suites-hotel-negro-ret\" onerror=\"this.style.display='none'\"  \/>\n\t\t\t\t<\/a>\n\t\t\t<img decoding=\"async\" loading='false' src=\"https:\/\/casamanyaextrem.com\/wp-content\/uploads\/2023\/05\/abba_Xalet_Suites_Hotel_Piscina_2-1067x800-1.jpg\" alt=\"\" \/>\t\t\t\n\t\t\t<img decoding=\"async\" loading='false' src=\"https:\/\/casamanyaextrem.com\/wp-content\/uploads\/2023\/05\/abba_Xalet_Suites_Hotel_Fachada_5-1067x800-1.jpg\" alt=\"\" \/>\t\t\t\n\t\t\t<img decoding=\"async\" loading='false' src=\"https:\/\/casamanyaextrem.com\/wp-content\/uploads\/2023\/05\/abba_Xalet_Suites_Hotel_Spa-1200x800-1.jpg\" alt=\"\" \/>\t\t\t\n\n","protected":false},"excerpt":{"rendered":"<p>Cette ann\u00e9e, avec ABBA HOTELS, nous vous facilitons la t\u00e2che : Vous avez le choix entre deux h\u00f4tels, selon vos options et besoins abba Ordino Babot hotel 3*** (Ordino) abba Xalet Suites hotel 4**** (La Massana) Inscrivez-vous \u00e0 la Casamanya Extrem Vertical Race, vous recevrez un code de r\u00e9duction avec le re\u00e7u de paiement. Horaires [&hellip;]<\/p>\n","protected":false},"author":1,"featured_media":0,"parent":0,"menu_order":0,"comment_status":"closed","ping_status":"closed","template":"","meta":{"site-sidebar-layout":"default","site-content-layout":"","ast-site-content-layout":"default","site-content-style":"default","site-sidebar-style":"default","ast-global-header-display":"","ast-banner-title-visibility":"","ast-main-header-display":"","ast-hfb-above-header-display":"","ast-hfb-below-header-display":"","ast-hfb-mobile-header-display":"","site-post-title":"","ast-breadcrumbs-content":"","ast-featured-img":"","footer-sml-layout":"","ast-disable-related-posts":"","theme-transparent-header-meta":"","adv-header-id-meta":"","stick-header-meta":"","header-above-stick-meta":"","header-main-stick-meta":"","header-below-stick-meta":"","astra-migrate-meta-layouts":"set","ast-page-background-enabled":"default","ast-page-background-meta":{"desktop":{"background-color":"","background-image":"","background-repeat":"repeat","background-position":"center center","background-size":"auto","background-attachment":"scroll","background-type":"","background-media":"","overlay-type":"","overlay-color":"","overlay-opacity":"","overlay-gradient":""},"tablet":{"background-color":"","background-image":"","background-repeat":"repeat","background-position":"center center","background-size":"auto","background-attachment":"scroll","background-type":"","background-media":"","overlay-type":"","overlay-color":"","overlay-opacity":"","overlay-gradient":""},"mobile":{"background-color":"","background-image":"","background-repeat":"repeat","background-position":"center center","background-size":"auto","background-attachment":"scroll","background-type":"","background-media":"","overlay-type":"","overlay-color":"","overlay-opacity":"","overlay-gradient":""}},"ast-content-background-meta":{"desktop":{"background-color":"var(--ast-global-color-5)","background-image":"","background-repeat":"repeat","background-position":"center center","background-size":"auto","background-attachment":"scroll","background-type":"","background-media":"","overlay-type":"","overlay-color":"","overlay-opacity":"","overlay-gradient":""},"tablet":{"background-color":"var(--ast-global-color-5)","background-image":"","background-repeat":"repeat","background-position":"center center","background-size":"auto","background-attachment":"scroll","background-type":"","background-media":"","overlay-type":"","overlay-color":"","overlay-opacity":"","overlay-gradient":""},"mobile":{"background-color":"var(--ast-global-color-5)","background-image":"","background-repeat":"repeat","background-position":"center center","background-size":"auto","background-attachment":"scroll","background-type":"","background-media":"","overlay-type":"","overlay-color":"","overlay-opacity":"","overlay-gradient":""}},"footnotes":""},"class_list":["post-4999","page","type-page","status-publish","hentry"],"lang":"fr","translations":{"es":4991,"ca":4981,"en":4996,"fr":4999},"pll_sync_post":[],"_links":{"self":[{"href":"https:\/\/casamanyaextrem.com\/index.php?rest_route=\/wp\/v2\/pages\/4999","targetHints":{"allow":["GET"]}}],"collection":[{"href":"https:\/\/casamanyaextrem.com\/index.php?rest_route=\/wp\/v2\/pages"}],"about":[{"href":"https:\/\/casamanyaextrem.com\/index.php?rest_route=\/wp\/v2\/types\/page"}],"author":[{"embeddable":true,"href":"https:\/\/casamanyaextrem.com\/index.php?rest_route=\/wp\/v2\/users\/1"}],"replies":[{"embeddable":true,"href":"https:\/\/casamanyaextrem.com\/index.php?rest_route=%2Fwp%2Fv2%2Fcomments&post=4999"}],"version-history":[{"count":10,"href":"https:\/\/casamanyaextrem.com\/index.php?rest_route=\/wp\/v2\/pages\/4999\/revisions"}],"predecessor-version":[{"id":7028,"href":"https:\/\/casamanyaextrem.com\/index.php?rest_route=\/wp\/v2\/pages\/4999\/revisions\/7028"}],"wp:attachment":[{"href":"https:\/\/casamanyaextrem.com\/index.php?rest_route=%2Fwp%2Fv2%2Fmedia&parent=4999"}],"curies":[{"name":"wp","href":"https:\/\/api.w.org\/{rel}","templated":true}]}}