{"id":5860,"date":"2024-03-16T20:58:02","date_gmt":"2024-03-16T19:58:02","guid":{"rendered":"https:\/\/casamanyaextrem.com\/?page_id=5860"},"modified":"2024-03-24T17:19:14","modified_gmt":"2024-03-24T16:19:14","slug":"casamanya-extrem-recorreguts-copy","status":"publish","type":"page","link":"https:\/\/casamanyaextrem.com\/?page_id=5860","title":{"rendered":"Casamanya EXTREM"},"content":{"rendered":"\n\n\t<p><strong><a href=\"https:\/\/casamanyaextrem.com\/?attachment_id=5862\" rel=\"attachment wp-att-5862\"><img loading=\"lazy\" decoding=\"async\" src=\"https:\/\/casamanyaextrem.com\/wp-content\/uploads\/2024\/03\/extrem-imatge-low.jpg\" alt=\"\" width=\"800\" height=\"533\" \/><\/a><\/strong><\/p>\n<hr \/>\n<strong>CIRCUIT EXTREM (<a href=\"https:\/\/www.relive.cc\/view\/v4OGjBY59mv\/explore\" target=\"_blank\" rel=\"noopener\">VISTA INTERACTIVA<\/a>)<br \/>\n<\/strong>Per a la categoria <a href=\"http:\/\/casamanyaextrem.com\/categories-casamanya-extrem-2019\/\">Absoluta<\/a>\n<ul>\n<li><a href=\"https:\/\/casamanyaextrem.com\/?page_id=5882\" rel=\"noopener\">VK Open Championships (ISF)<\/a><\/li>\n<li><a href=\"https:\/\/casamanyaextrem.com\/?page_id=5925\" rel=\"noopener\">Copa Catalana de Curses Verticals (FEEC)<\/a><\/li>\n<li><a href=\"https:\/\/casamanyaextrem.com\/?page_id=2835\" rel=\"noopener\">Copa Andorra de Curses Verticals (FAM)<\/a><\/li>\n<li><a href=\"https:\/\/casamanyaextrem.com\/?page_id=2835\" rel=\"noopener\">Copa Andorra de Curses de Muntanya (FAM)<\/a><\/li>\n<\/ul>\n<strong>Dist\u00e0ncia: 5 km <\/strong><br \/>\n<strong>Desnivell: 1.440 m<\/strong>\n<p><a href=\"http:\/\/casamanyaextrem.com\/wp-content\/uploads\/2022\/06\/GPX-EXTREM.zip\">Descarregar GPX-EXTREM<\/a><\/p>\n<div style=\"width: 960px;\" class=\"wp-video\"><video class=\"wp-video-shortcode\" id=\"video-5860-1\" width=\"960\" height=\"540\" preload=\"metadata\" controls=\"controls\"><source type=\"video\/mp4\" src=\"http:\/\/casamanyaextrem.com\/wp-content\/uploads\/2022\/04\/GPX_CasamanyaExtrem.mp4?_=1\" \/><a href=\"http:\/\/casamanyaextrem.com\/wp-content\/uploads\/2022\/04\/GPX_CasamanyaExtrem.mp4\">http:\/\/casamanyaextrem.com\/wp-content\/uploads\/2022\/04\/GPX_CasamanyaExtrem.mp4<\/a><\/video><\/div>\n<p><a href=\"http:\/\/casamanyaextrem.com\/wp-content\/uploads\/2022\/05\/Perfil_Extrem.png\"><img loading=\"lazy\" decoding=\"async\" src=\"http:\/\/casamanyaextrem.com\/wp-content\/uploads\/2022\/05\/Perfil_Extrem.png\" alt=\"\" width=\"864\" height=\"289\" \/><\/a><\/p>\n<p>El tret de sortida es fa a la pla\u00e7a Major d&#8217;Ordino, a les 9:00 h. Aquesta prova, recomanada per als m\u00e9s valents, segueix un cam\u00ed poc conegut, salvatge i directe fins al cim del Casamanya.<\/p>\n<p><iframe loading=\"lazy\" src=\"https:\/\/es.wikiloc.com\/wikiloc\/spatialArtifacts.do?event=view&amp;id=104762648&amp;measures=off&amp;title=off&amp;near=off&amp;images=off&amp;maptype=H\" width=\"800\" height=\"400\" frameborder=\"0\" scrolling=\"no\"><\/iframe><\/p>\n<hr \/>\n<p><em>NOTA: L&#8217;organitzaci\u00f3 es reserva el dret de modificar els recorreguts i horaris dels circuits en funci\u00f3 de les condicions meteorol\u00f2giques o causes de for\u00e7a major que afectin la seguretat dels participants.<\/em><\/p>\n\n","protected":false},"excerpt":{"rendered":"<p>CIRCUIT EXTREM (VISTA INTERACTIVA) Per a la categoria Absoluta VK Open Championships (ISF) Copa Catalana de Curses Verticals (FEEC) Copa Andorra de Curses Verticals (FAM) Copa Andorra de Curses de Muntanya (FAM) Dist\u00e0ncia: 5 km Desnivell: 1.440 m Descarregar GPX-EXTREM El tret de sortida es fa a la pla\u00e7a Major d&#8217;Ordino, a les 9:00 h. [&hellip;]<\/p>\n","protected":false},"author":1,"featured_media":0,"parent":0,"menu_order":0,"comment_status":"closed","ping_status":"closed","template":"","meta":{"site-sidebar-layout":"default","site-content-layout":"default","ast-site-content-layout":"default","site-content-style":"default","site-sidebar-style":"default","ast-global-header-display":"","ast-banner-title-visibility":"","ast-main-header-display":"","ast-hfb-above-header-display":"","ast-hfb-below-header-display":"","ast-hfb-mobile-header-display":"","site-post-title":"","ast-breadcrumbs-content":"","ast-featured-img":"","footer-sml-layout":"","ast-disable-related-posts":"","theme-transparent-header-meta":"default","adv-header-id-meta":"","stick-header-meta":"","header-above-stick-meta":"","header-main-stick-meta":"","header-below-stick-meta":"","astra-migrate-meta-layouts":"set","ast-page-background-enabled":"default","ast-page-background-meta":{"desktop":{"background-color":"","background-image":"","background-repeat":"repeat","background-position":"center center","background-size":"auto","background-attachment":"scroll","background-type":"","background-media":"","overlay-type":"","overlay-color":"","overlay-opacity":"","overlay-gradient":""},"tablet":{"background-color":"","background-image":"","background-repeat":"repeat","background-position":"center center","background-size":"auto","background-attachment":"scroll","background-type":"","background-media":"","overlay-type":"","overlay-color":"","overlay-opacity":"","overlay-gradient":""},"mobile":{"background-color":"","background-image":"","background-repeat":"repeat","background-position":"center center","background-size":"auto","background-attachment":"scroll","background-type":"","background-media":"","overlay-type":"","overlay-color":"","overlay-opacity":"","overlay-gradient":""}},"ast-content-background-meta":{"desktop":{"background-color":"var(--ast-global-color-5)","background-image":"","background-repeat":"repeat","background-position":"center center","background-size":"auto","background-attachment":"scroll","background-type":"","background-media":"","overlay-type":"","overlay-color":"","overlay-opacity":"","overlay-gradient":""},"tablet":{"background-color":"var(--ast-global-color-5)","background-image":"","background-repeat":"repeat","background-position":"center center","background-size":"auto","background-attachment":"scroll","background-type":"","background-media":"","overlay-type":"","overlay-color":"","overlay-opacity":"","overlay-gradient":""},"mobile":{"background-color":"var(--ast-global-color-5)","background-image":"","background-repeat":"repeat","background-position":"center center","background-size":"auto","background-attachment":"scroll","background-type":"","background-media":"","overlay-type":"","overlay-color":"","overlay-opacity":"","overlay-gradient":""}},"footnotes":""},"class_list":["post-5860","page","type-page","status-publish","hentry"],"lang":"ca","translations":{"ca":5860,"en":3062,"fr":4485,"es":2892},"pll_sync_post":[],"_links":{"self":[{"href":"https:\/\/casamanyaextrem.com\/index.php?rest_route=\/wp\/v2\/pages\/5860","targetHints":{"allow":["GET"]}}],"collection":[{"href":"https:\/\/casamanyaextrem.com\/index.php?rest_route=\/wp\/v2\/pages"}],"about":[{"href":"https:\/\/casamanyaextrem.com\/index.php?rest_route=\/wp\/v2\/types\/page"}],"author":[{"embeddable":true,"href":"https:\/\/casamanyaextrem.com\/index.php?rest_route=\/wp\/v2\/users\/1"}],"replies":[{"embeddable":true,"href":"https:\/\/casamanyaextrem.com\/index.php?rest_route=%2Fwp%2Fv2%2Fcomments&post=5860"}],"version-history":[{"count":6,"href":"https:\/\/casamanyaextrem.com\/index.php?rest_route=\/wp\/v2\/pages\/5860\/revisions"}],"predecessor-version":[{"id":6009,"href":"https:\/\/casamanyaextrem.com\/index.php?rest_route=\/wp\/v2\/pages\/5860\/revisions\/6009"}],"wp:attachment":[{"href":"https:\/\/casamanyaextrem.com\/index.php?rest_route=%2Fwp%2Fv2%2Fmedia&parent=5860"}],"curies":[{"name":"wp","href":"https:\/\/api.w.org\/{rel}","templated":true}]}}