{"id":5866,"date":"2024-03-17T06:56:46","date_gmt":"2024-03-17T05:56:46","guid":{"rendered":"https:\/\/casamanyaextrem.com\/?page_id=5866"},"modified":"2026-03-10T21:09:58","modified_gmt":"2026-03-10T20:09:58","slug":"casamanya-extrem-classic-cat","status":"publish","type":"page","link":"https:\/\/casamanyaextrem.com\/?page_id=5866","title":{"rendered":"Casamanya CLASSIC"},"content":{"rendered":"\n\n\t<p><a href=\"https:\/\/casamanyaextrem.com\/?attachment_id=5868\" rel=\"attachment wp-att-5868\"><img loading=\"lazy\" decoding=\"async\" src=\"https:\/\/casamanyaextrem.com\/wp-content\/uploads\/2024\/03\/classic-imatge.jpg\" alt=\"\" width=\"800\" height=\"533\" \/><\/a><\/p>\n<hr \/>\n<strong>CIRCUIT CL\u00c0SSIC (<a href=\"https:\/\/www.relive.cc\/view\/v1vj7PQdVYO\/explore\" target=\"_blank\" rel=\"noopener\">VISTA INTERACTIVA<\/a>)<br \/>\n<\/strong>Per a les categories <a href=\"http:\/\/casamanyaextrem.com\/categories-casamanya-extrem-2019\/\">u16<\/a> i <a href=\"http:\/\/casamanyaextrem.com\/categories-casamanya-extrem-2019\/\">u18<\/a> de la:\n<ul>\n<li><a href=\"https:\/\/www.feec.cat\/esports-de-muntanya\/esport\/curses-per-muntanya\/\" target=\"_blank\" rel=\"noopener\">Copa Catalana de Curses Verticals (FEEC)<\/a><\/li>\n<li><a href=\"https:\/\/www.fam.ad\/\" target=\"_blank\" rel=\"noopener\">Copa Andorra de Curses Verticals (FAM)<\/a><\/li>\n<li><a href=\"https:\/\/www.fam.ad\/\" target=\"_blank\" rel=\"noopener\">Copa Andorra de Curses de Muntanya (FAM)<\/a><\/li>\n<\/ul>\n<p>Per a tots els participants a partir de 15 anys que es vulguin posar a prova, individualment o per equips.<\/p>\n<strong>Dist\u00e0ncia: 3,5 km<\/strong><br \/>\n<strong>Desnivell: 760 m<\/strong>\n<p><a href=\"http:\/\/casamanyaextrem.com\/wp-content\/uploads\/2022\/06\/GPX-CLASSIC.zip\">Descarregar GPX-CLASSIC<\/a><\/p>\n<div style=\"width: 960px;\" class=\"wp-video\"><video class=\"wp-video-shortcode\" id=\"video-5866-1\" width=\"960\" height=\"540\" preload=\"metadata\" controls=\"controls\"><source type=\"video\/mp4\" src=\"http:\/\/casamanyaextrem.com\/wp-content\/uploads\/2022\/04\/GPX_CasamanyaClassic.mp4?_=1\" \/><a href=\"http:\/\/casamanyaextrem.com\/wp-content\/uploads\/2022\/04\/GPX_CasamanyaClassic.mp4\">http:\/\/casamanyaextrem.com\/wp-content\/uploads\/2022\/04\/GPX_CasamanyaClassic.mp4<\/a><\/video><\/div>\n<p><a href=\"http:\/\/casamanyaextrem.com\/wp-content\/uploads\/2022\/05\/Perfil_Classic.png\"><img loading=\"lazy\" decoding=\"async\" src=\"http:\/\/casamanyaextrem.com\/wp-content\/uploads\/2022\/05\/Perfil_Classic.png\" alt=\"\" width=\"861\" height=\"288\" \/><\/a><\/p>\n<p>La sortida es fa a les 10:00 h des del coll d&#8217;Ordino i la prova segueix el cam\u00ed tradicional fins arribar al cim del Casamanya.<\/p>\n<p><iframe loading=\"lazy\" src=\"https:\/\/es.wikiloc.com\/wikiloc\/spatialArtifacts.do?event=view&amp;id=104763360&amp;measures=off&amp;title=off&amp;near=off&amp;images=off&amp;maptype=H\" width=\"800\" height=\"400\" frameborder=\"0\" scrolling=\"no\"><\/iframe><\/p>\n<hr \/>\n<p><em>NOTA: L&#8217;organitzaci\u00f3 es reserva el dret de modificar els recorreguts i horaris dels circuits en funci\u00f3 de les condicions meteorol\u00f2giques o causes de for\u00e7a major que afectin la seguretat dels participants.<\/em><\/p>\n\n","protected":false},"excerpt":{"rendered":"<p>CIRCUIT CL\u00c0SSIC (VISTA INTERACTIVA) Per a les categories u16 i u18 de la: Copa Catalana de Curses Verticals (FEEC) Copa Andorra de Curses Verticals (FAM) Copa Andorra de Curses de Muntanya (FAM) Per a tots els participants a partir de 15 anys que es vulguin posar a prova, individualment o per equips. Dist\u00e0ncia: 3,5 km [&hellip;]<\/p>\n","protected":false},"author":1,"featured_media":0,"parent":0,"menu_order":0,"comment_status":"closed","ping_status":"closed","template":"","meta":{"site-sidebar-layout":"default","site-content-layout":"default","ast-site-content-layout":"default","site-content-style":"default","site-sidebar-style":"default","ast-global-header-display":"","ast-banner-title-visibility":"","ast-main-header-display":"","ast-hfb-above-header-display":"","ast-hfb-below-header-display":"","ast-hfb-mobile-header-display":"","site-post-title":"","ast-breadcrumbs-content":"","ast-featured-img":"","footer-sml-layout":"","ast-disable-related-posts":"","theme-transparent-header-meta":"default","adv-header-id-meta":"","stick-header-meta":"","header-above-stick-meta":"","header-main-stick-meta":"","header-below-stick-meta":"","astra-migrate-meta-layouts":"set","ast-page-background-enabled":"default","ast-page-background-meta":{"desktop":{"background-color":"","background-image":"","background-repeat":"repeat","background-position":"center center","background-size":"auto","background-attachment":"scroll","background-type":"","background-media":"","overlay-type":"","overlay-color":"","overlay-opacity":"","overlay-gradient":""},"tablet":{"background-color":"","background-image":"","background-repeat":"repeat","background-position":"center center","background-size":"auto","background-attachment":"scroll","background-type":"","background-media":"","overlay-type":"","overlay-color":"","overlay-opacity":"","overlay-gradient":""},"mobile":{"background-color":"","background-image":"","background-repeat":"repeat","background-position":"center center","background-size":"auto","background-attachment":"scroll","background-type":"","background-media":"","overlay-type":"","overlay-color":"","overlay-opacity":"","overlay-gradient":""}},"ast-content-background-meta":{"desktop":{"background-color":"var(--ast-global-color-5)","background-image":"","background-repeat":"repeat","background-position":"center center","background-size":"auto","background-attachment":"scroll","background-type":"","background-media":"","overlay-type":"","overlay-color":"","overlay-opacity":"","overlay-gradient":""},"tablet":{"background-color":"var(--ast-global-color-5)","background-image":"","background-repeat":"repeat","background-position":"center center","background-size":"auto","background-attachment":"scroll","background-type":"","background-media":"","overlay-type":"","overlay-color":"","overlay-opacity":"","overlay-gradient":""},"mobile":{"background-color":"var(--ast-global-color-5)","background-image":"","background-repeat":"repeat","background-position":"center center","background-size":"auto","background-attachment":"scroll","background-type":"","background-media":"","overlay-type":"","overlay-color":"","overlay-opacity":"","overlay-gradient":""}},"footnotes":""},"class_list":["post-5866","page","type-page","status-publish","hentry"],"lang":"ca","translations":{"ca":5860,"en":3062,"fr":4485,"es":2892},"pll_sync_post":[],"_links":{"self":[{"href":"https:\/\/casamanyaextrem.com\/index.php?rest_route=\/wp\/v2\/pages\/5866","targetHints":{"allow":["GET"]}}],"collection":[{"href":"https:\/\/casamanyaextrem.com\/index.php?rest_route=\/wp\/v2\/pages"}],"about":[{"href":"https:\/\/casamanyaextrem.com\/index.php?rest_route=\/wp\/v2\/types\/page"}],"author":[{"embeddable":true,"href":"https:\/\/casamanyaextrem.com\/index.php?rest_route=\/wp\/v2\/users\/1"}],"replies":[{"embeddable":true,"href":"https:\/\/casamanyaextrem.com\/index.php?rest_route=%2Fwp%2Fv2%2Fcomments&post=5866"}],"version-history":[{"count":4,"href":"https:\/\/casamanyaextrem.com\/index.php?rest_route=\/wp\/v2\/pages\/5866\/revisions"}],"predecessor-version":[{"id":7995,"href":"https:\/\/casamanyaextrem.com\/index.php?rest_route=\/wp\/v2\/pages\/5866\/revisions\/7995"}],"wp:attachment":[{"href":"https:\/\/casamanyaextrem.com\/index.php?rest_route=%2Fwp%2Fv2%2Fmedia&parent=5866"}],"curies":[{"name":"wp","href":"https:\/\/api.w.org\/{rel}","templated":true}]}}