{"id":5995,"date":"2024-03-21T18:49:10","date_gmt":"2024-03-21T17:49:10","guid":{"rendered":"https:\/\/casamanyaextrem.com\/?page_id=5995"},"modified":"2024-03-21T18:56:20","modified_gmt":"2024-03-21T17:56:20","slug":"casamanya-classic-2","status":"publish","type":"page","link":"https:\/\/casamanyaextrem.com\/?page_id=5995&lang=fr","title":{"rendered":"Casamanya CLASSIC"},"content":{"rendered":"\n\n\t<p><a href=\"https:\/\/casamanyaextrem.com\/?attachment_id=5868\" rel=\"attachment wp-att-5868\"><img loading=\"lazy\" decoding=\"async\" src=\"https:\/\/casamanyaextrem.com\/wp-content\/uploads\/2024\/03\/classic-imatge.jpg\" alt=\"\" width=\"800\" height=\"533\" \/><\/a><\/p>\n<hr \/>\n<strong>CIRCUIT CLASSIC (<a href=\"https:\/\/www.relive.cc\/view\/v1vj7PQdVYO\/explore\" target=\"_blank\" rel=\"noopener\">VUE INTERACTIVE<\/a>)<br \/>\n<\/strong>Pour les cat\u00e9gories <a href=\"http:\/\/casamanyaextrem.com\/categories-casamanya-extrem-2019\/\">u16<\/a> et <a href=\"http:\/\/casamanyaextrem.com\/categories-casamanya-extrem-2019\/\">u18<\/a> de la :\n<ul>\n<li><a href=\"https:\/\/www.feec.cat\/esports-de-muntanya\/esport\/curses-per-muntanya\/\" target=\"_blank\" rel=\"noopener\">Coupe Catalane de Courses Verticales (FEEC)<\/a><\/li>\n<li><a href=\"https:\/\/www.fam.ad\/\" target=\"_blank\" rel=\"noopener\">Coupe Andorre de Courses Verticales (FAM)<\/a><\/li>\n<li><a href=\"https:\/\/www.fam.ad\/\" target=\"_blank\" rel=\"noopener\">Coupe Andorre de Courses en Montagne (FAM)<\/a><\/li>\n<\/ul>\n<p>Pour tous les participants \u00e0 partir de 15 ans qui veulent se mettre au d\u00e9fi<\/p>\n<strong>Distance : 3,5 km<\/strong><br \/>\n<strong>D\u00e9nivel\u00e9 : 760 m<\/strong>\n<p><a href=\"http:\/\/casamanyaextrem.com\/wp-content\/uploads\/2022\/06\/GPX-CLASSIC.zip\">T\u00e9l\u00e9charger GPX-CLASSIC<\/a><\/p>\n<div style=\"width: 960px;\" class=\"wp-video\"><video class=\"wp-video-shortcode\" id=\"video-5995-1\" width=\"960\" height=\"540\" preload=\"metadata\" controls=\"controls\"><source type=\"video\/mp4\" src=\"http:\/\/casamanyaextrem.com\/wp-content\/uploads\/2022\/04\/GPX_CasamanyaClassic.mp4?_=1\" \/><a href=\"http:\/\/casamanyaextrem.com\/wp-content\/uploads\/2022\/04\/GPX_CasamanyaClassic.mp4\">http:\/\/casamanyaextrem.com\/wp-content\/uploads\/2022\/04\/GPX_CasamanyaClassic.mp4<\/a><\/video><\/div>\n<p><a href=\"http:\/\/casamanyaextrem.com\/wp-content\/uploads\/2022\/05\/Perfil_Classic.png\"><img loading=\"lazy\" decoding=\"async\" src=\"http:\/\/casamanyaextrem.com\/wp-content\/uploads\/2022\/05\/Perfil_Classic.png\" alt=\"\" width=\"861\" height=\"288\" \/><\/a><\/p>\n<p>Le d\u00e9part se fait \u00e0 10h00 depuis le coll d&#8217;Ordino et la course suit le chemin traditionnel jusqu&#8217;au sommet du Casamanya.<\/p>\n<p><iframe loading=\"lazy\" src=\"https:\/\/es.wikiloc.com\/wikiloc\/spatialArtifacts.do?event=view&amp;id=104763360&amp;measures=off&amp;title=off&amp;near=off&amp;images=off&amp;maptype=H\" width=\"800\" height=\"400\" frameborder=\"0\" scrolling=\"no\"><\/iframe><\/p>\n<hr \/>\n<p><em>NOTE : L&#8217;organisation se r\u00e9serve le droit de modifier les itin\u00e9raires et les horaires des circuits en fonction des conditions m\u00e9t\u00e9orologiques ou de cas de force majeure affectant la s\u00e9curit\u00e9 des participants.<\/em><\/p>\n\n","protected":false},"excerpt":{"rendered":"<p>CIRCUIT CLASSIC (VUE INTERACTIVE) Pour les cat\u00e9gories u16 et u18 de la : Coupe Catalane de Courses Verticales (FEEC) Coupe Andorre de Courses Verticales (FAM) Coupe Andorre de Courses en Montagne (FAM) Pour tous les participants \u00e0 partir de 15 ans qui veulent se mettre au d\u00e9fi Distance : 3,5 km D\u00e9nivel\u00e9 : 760 m [&hellip;]<\/p>\n","protected":false},"author":1,"featured_media":0,"parent":0,"menu_order":0,"comment_status":"closed","ping_status":"closed","template":"","meta":{"site-sidebar-layout":"default","site-content-layout":"default","ast-site-content-layout":"default","site-content-style":"default","site-sidebar-style":"default","ast-global-header-display":"","ast-banner-title-visibility":"","ast-main-header-display":"","ast-hfb-above-header-display":"","ast-hfb-below-header-display":"","ast-hfb-mobile-header-display":"","site-post-title":"","ast-breadcrumbs-content":"","ast-featured-img":"","footer-sml-layout":"","ast-disable-related-posts":"","theme-transparent-header-meta":"default","adv-header-id-meta":"","stick-header-meta":"","header-above-stick-meta":"","header-main-stick-meta":"","header-below-stick-meta":"","astra-migrate-meta-layouts":"set","ast-page-background-enabled":"default","ast-page-background-meta":{"desktop":{"background-color":"","background-image":"","background-repeat":"repeat","background-position":"center center","background-size":"auto","background-attachment":"scroll","background-type":"","background-media":"","overlay-type":"","overlay-color":"","overlay-opacity":"","overlay-gradient":""},"tablet":{"background-color":"","background-image":"","background-repeat":"repeat","background-position":"center center","background-size":"auto","background-attachment":"scroll","background-type":"","background-media":"","overlay-type":"","overlay-color":"","overlay-opacity":"","overlay-gradient":""},"mobile":{"background-color":"","background-image":"","background-repeat":"repeat","background-position":"center center","background-size":"auto","background-attachment":"scroll","background-type":"","background-media":"","overlay-type":"","overlay-color":"","overlay-opacity":"","overlay-gradient":""}},"ast-content-background-meta":{"desktop":{"background-color":"var(--ast-global-color-5)","background-image":"","background-repeat":"repeat","background-position":"center center","background-size":"auto","background-attachment":"scroll","background-type":"","background-media":"","overlay-type":"","overlay-color":"","overlay-opacity":"","overlay-gradient":""},"tablet":{"background-color":"var(--ast-global-color-5)","background-image":"","background-repeat":"repeat","background-position":"center center","background-size":"auto","background-attachment":"scroll","background-type":"","background-media":"","overlay-type":"","overlay-color":"","overlay-opacity":"","overlay-gradient":""},"mobile":{"background-color":"var(--ast-global-color-5)","background-image":"","background-repeat":"repeat","background-position":"center center","background-size":"auto","background-attachment":"scroll","background-type":"","background-media":"","overlay-type":"","overlay-color":"","overlay-opacity":"","overlay-gradient":""}},"footnotes":""},"class_list":["post-5995","page","type-page","status-publish","hentry"],"lang":"fr","translations":{"en":5992,"es":5987,"fr":5995,"ca":6004},"pll_sync_post":[],"_links":{"self":[{"href":"https:\/\/casamanyaextrem.com\/index.php?rest_route=\/wp\/v2\/pages\/5995","targetHints":{"allow":["GET"]}}],"collection":[{"href":"https:\/\/casamanyaextrem.com\/index.php?rest_route=\/wp\/v2\/pages"}],"about":[{"href":"https:\/\/casamanyaextrem.com\/index.php?rest_route=\/wp\/v2\/types\/page"}],"author":[{"embeddable":true,"href":"https:\/\/casamanyaextrem.com\/index.php?rest_route=\/wp\/v2\/users\/1"}],"replies":[{"embeddable":true,"href":"https:\/\/casamanyaextrem.com\/index.php?rest_route=%2Fwp%2Fv2%2Fcomments&post=5995"}],"version-history":[{"count":3,"href":"https:\/\/casamanyaextrem.com\/index.php?rest_route=\/wp\/v2\/pages\/5995\/revisions"}],"predecessor-version":[{"id":5998,"href":"https:\/\/casamanyaextrem.com\/index.php?rest_route=\/wp\/v2\/pages\/5995\/revisions\/5998"}],"wp:attachment":[{"href":"https:\/\/casamanyaextrem.com\/index.php?rest_route=%2Fwp%2Fv2%2Fmedia&parent=5995"}],"curies":[{"name":"wp","href":"https:\/\/api.w.org\/{rel}","templated":true}]}}