{"id":6010,"date":"2024-03-24T17:20:55","date_gmt":"2024-03-24T16:20:55","guid":{"rendered":"https:\/\/casamanyaextrem.com\/?page_id=6010"},"modified":"2026-02-07T17:36:29","modified_gmt":"2026-02-07T16:36:29","slug":"casamanya-extrem","status":"publish","type":"page","link":"https:\/\/casamanyaextrem.com\/?page_id=6010&lang=es","title":{"rendered":"Casamanya EXTREM"},"content":{"rendered":"\n\n\t<p><strong><a href=\"https:\/\/casamanyaextrem.com\/?attachment_id=7952\" rel=\"attachment wp-att-7952\"><img loading=\"lazy\" decoding=\"async\" src=\"https:\/\/casamanyaextrem.com\/wp-content\/uploads\/2026\/02\/extrem-imatge-low2026.jpg\" alt=\"\" width=\"800\" height=\"533\" \/><\/a><\/strong><\/p>\n<hr \/>\n<strong>CIRCUITO EXTREMO (<a href=\"https:\/\/www.relive.cc\/view\/v4OGjBY59mv\/explore\" target=\"_blank\" rel=\"noopener\">VISTA INTERACTIVA<\/a>)<\/strong><br \/>\nPara la categor\u00eda <a href=\"http:\/\/casamanyaextrem.com\/categories-casamanya-extrem-2019\/\">Absoluta<\/a>\n<ul>\n<li><a href=\"https:\/\/casamanyaextrem.com\/?page_id=5882\" rel=\"noopener\">VK Open Championships (ISF)<\/a><\/li>\n<li><a href=\"https:\/\/casamanyaextrem.com\/?page_id=5925\" rel=\"noopener\">Copa Catalana de Curses Verticals (FEEC)<\/a><\/li>\n<li><a href=\"https:\/\/casamanyaextrem.com\/?page_id=2835\" rel=\"noopener\">Copa Andorra de Curses Verticals (FAM)<\/a><\/li>\n<li><a href=\"https:\/\/casamanyaextrem.com\/?page_id=2835\" rel=\"noopener\">Copa Andorra de Curses de Muntanya (FAM)<\/a><\/li>\n<\/ul>\n<strong>Distancia: 5 km<\/strong><br \/>\n<strong>Desnivel: 1.440 m<\/strong>\n<p><a href=\"http:\/\/casamanyaextrem.com\/wp-content\/uploads\/2022\/06\/GPX-EXTREM.zip\">Descargar GPX-EXTREM<\/a><\/p>\n<div style=\"width: 960px;\" class=\"wp-video\"><video class=\"wp-video-shortcode\" id=\"video-6010-1\" width=\"960\" height=\"540\" preload=\"metadata\" controls=\"controls\"><source type=\"video\/mp4\" src=\"http:\/\/casamanyaextrem.com\/wp-content\/uploads\/2022\/04\/GPX_CasamanyaExtrem.mp4?_=1\" \/><a href=\"http:\/\/casamanyaextrem.com\/wp-content\/uploads\/2022\/04\/GPX_CasamanyaExtrem.mp4\">http:\/\/casamanyaextrem.com\/wp-content\/uploads\/2022\/04\/GPX_CasamanyaExtrem.mp4<\/a><\/video><\/div>\n<p><a href=\"http:\/\/casamanyaextrem.com\/wp-content\/uploads\/2022\/05\/Perfil_Extrem.png\"><img loading=\"lazy\" decoding=\"async\" src=\"http:\/\/casamanyaextrem.com\/wp-content\/uploads\/2022\/05\/Perfil_Extrem.png\" alt=\"\" width=\"864\" height=\"289\" \/><\/a><\/p>\n<p>El disparo de salida se realiza en la plaza Mayor de Ordino, a las 9:00 h. Esta prueba, recomendada para los m\u00e1s valientes, sigue un camino poco conocido, salvaje y directo hasta la cima del Casamanya.<\/p>\n<p><iframe loading=\"lazy\" src=\"https:\/\/es.wikiloc.com\/wikiloc\/spatialArtifacts.do?event=view&amp;id=104762648&amp;measures=off&amp;title=off&amp;near=off&amp;images=off&amp;maptype=H\" width=\"800\" height=\"400\" frameborder=\"0\" scrolling=\"no\"><\/iframe><\/p>\n<hr \/>\n<p><em>NOTA: La organizaci\u00f3n se reserva el derecho de modificar los recorridos y horarios de los circuitos en funci\u00f3n de las condiciones meteorol\u00f3gicas o causas de fuerza mayor que afecten la seguridad de los participantes.<\/em><\/p>\n\n","protected":false},"excerpt":{"rendered":"<p>CIRCUITO EXTREMO (VISTA INTERACTIVA) Para la categor\u00eda Absoluta VK Open Championships (ISF) Copa Catalana de Curses Verticals (FEEC) Copa Andorra de Curses Verticals (FAM) Copa Andorra de Curses de Muntanya (FAM) Distancia: 5 km Desnivel: 1.440 m Descargar GPX-EXTREM El disparo de salida se realiza en la plaza Mayor de Ordino, a las 9:00 h. [&hellip;]<\/p>\n","protected":false},"author":1,"featured_media":0,"parent":0,"menu_order":0,"comment_status":"closed","ping_status":"closed","template":"","meta":{"site-sidebar-layout":"default","site-content-layout":"default","ast-site-content-layout":"default","site-content-style":"default","site-sidebar-style":"default","ast-global-header-display":"","ast-banner-title-visibility":"","ast-main-header-display":"","ast-hfb-above-header-display":"","ast-hfb-below-header-display":"","ast-hfb-mobile-header-display":"","site-post-title":"","ast-breadcrumbs-content":"","ast-featured-img":"","footer-sml-layout":"","ast-disable-related-posts":"","theme-transparent-header-meta":"default","adv-header-id-meta":"","stick-header-meta":"","header-above-stick-meta":"","header-main-stick-meta":"","header-below-stick-meta":"","astra-migrate-meta-layouts":"set","ast-page-background-enabled":"default","ast-page-background-meta":{"desktop":{"background-color":"","background-image":"","background-repeat":"repeat","background-position":"center center","background-size":"auto","background-attachment":"scroll","background-type":"","background-media":"","overlay-type":"","overlay-color":"","overlay-opacity":"","overlay-gradient":""},"tablet":{"background-color":"","background-image":"","background-repeat":"repeat","background-position":"center center","background-size":"auto","background-attachment":"scroll","background-type":"","background-media":"","overlay-type":"","overlay-color":"","overlay-opacity":"","overlay-gradient":""},"mobile":{"background-color":"","background-image":"","background-repeat":"repeat","background-position":"center center","background-size":"auto","background-attachment":"scroll","background-type":"","background-media":"","overlay-type":"","overlay-color":"","overlay-opacity":"","overlay-gradient":""}},"ast-content-background-meta":{"desktop":{"background-color":"var(--ast-global-color-5)","background-image":"","background-repeat":"repeat","background-position":"center center","background-size":"auto","background-attachment":"scroll","background-type":"","background-media":"","overlay-type":"","overlay-color":"","overlay-opacity":"","overlay-gradient":""},"tablet":{"background-color":"var(--ast-global-color-5)","background-image":"","background-repeat":"repeat","background-position":"center center","background-size":"auto","background-attachment":"scroll","background-type":"","background-media":"","overlay-type":"","overlay-color":"","overlay-opacity":"","overlay-gradient":""},"mobile":{"background-color":"var(--ast-global-color-5)","background-image":"","background-repeat":"repeat","background-position":"center center","background-size":"auto","background-attachment":"scroll","background-type":"","background-media":"","overlay-type":"","overlay-color":"","overlay-opacity":"","overlay-gradient":""}},"footnotes":""},"class_list":["post-6010","page","type-page","status-publish","hentry"],"lang":"es","translations":{"en":6013,"es":6010,"fr":6016,"ca":6019},"pll_sync_post":[],"_links":{"self":[{"href":"https:\/\/casamanyaextrem.com\/index.php?rest_route=\/wp\/v2\/pages\/6010","targetHints":{"allow":["GET"]}}],"collection":[{"href":"https:\/\/casamanyaextrem.com\/index.php?rest_route=\/wp\/v2\/pages"}],"about":[{"href":"https:\/\/casamanyaextrem.com\/index.php?rest_route=\/wp\/v2\/types\/page"}],"author":[{"embeddable":true,"href":"https:\/\/casamanyaextrem.com\/index.php?rest_route=\/wp\/v2\/users\/1"}],"replies":[{"embeddable":true,"href":"https:\/\/casamanyaextrem.com\/index.php?rest_route=%2Fwp%2Fv2%2Fcomments&post=6010"}],"version-history":[{"count":3,"href":"https:\/\/casamanyaextrem.com\/index.php?rest_route=\/wp\/v2\/pages\/6010\/revisions"}],"predecessor-version":[{"id":7955,"href":"https:\/\/casamanyaextrem.com\/index.php?rest_route=\/wp\/v2\/pages\/6010\/revisions\/7955"}],"wp:attachment":[{"href":"https:\/\/casamanyaextrem.com\/index.php?rest_route=%2Fwp%2Fv2%2Fmedia&parent=6010"}],"curies":[{"name":"wp","href":"https:\/\/api.w.org\/{rel}","templated":true}]}}