{"id":6454,"date":"2024-05-24T20:24:57","date_gmt":"2024-05-24T18:24:57","guid":{"rendered":"https:\/\/casamanyaextrem.com\/?page_id=6454"},"modified":"2024-05-25T08:22:44","modified_gmt":"2024-05-25T06:22:44","slug":"open-trail-races","status":"publish","type":"page","link":"https:\/\/casamanyaextrem.com\/?page_id=6454","title":{"rendered":"Open Trail Races"},"content":{"rendered":"\n\n\t<p><a href=\"https:\/\/opentrailraces.com\/ca\/\" target=\"_blank\" rel=\"attachment noopener wp-att-6456\"><img loading=\"lazy\" decoding=\"async\" src=\"https:\/\/casamanyaextrem.com\/wp-content\/uploads\/2024\/05\/QUE-ES-OTR.jpeg\" alt=\"\" width=\"1200\" height=\"1200\" \/><\/a><\/p>\n<p>Gr\u00e0cies a l&#8217;aplicatiu Open Trail Races pots entrenar els recorreguts <a href=\"https:\/\/casamanyaextrem.com\/?page_id=5866\">CLASSIC<\/a> i <a href=\"https:\/\/casamanyaextrem.com\/?page_id=6019\">EXTREM<\/a>, cronometrar-te, avaluar el teu progr\u00e9s i comparar-te amb altres corredors, mantenint viva l&#8217;emoci\u00f3 de la <a href=\"https:\/\/casamanyaextrem.com\">Casamanya Extrem Vertical Race<\/a> durant tot l&#8217;any.<\/p>\n<p>Tamb\u00e9 pots comparar-te amb els <a href=\"https:\/\/casamanyaextrem.com\/?page_id=1487\">r\u00e9cords hist\u00f2rics de la prova<\/a>.<\/p>\n<table>\n<tbody>\n<tr>\n<td valign=\"TOP\"><img loading=\"lazy\" decoding=\"async\" src=\"https:\/\/casamanyaextrem.com\/wp-content\/uploads\/2024\/05\/rutes-marcades.jpg\" alt=\"\" width=\"200\" height=\"433\" \/><\/td>\n<td valign=\"TOP\"><img loading=\"lazy\" decoding=\"async\" src=\"https:\/\/casamanyaextrem.com\/wp-content\/uploads\/2024\/05\/ruta-extrem.jpg\" alt=\"\" width=\"200\" height=\"433\" \/><\/td>\n<td valign=\"TOP\"><img loading=\"lazy\" decoding=\"async\" src=\"https:\/\/casamanyaextrem.com\/wp-content\/uploads\/2024\/05\/mobil-otr.jpg\" alt=\"\" width=\"198\" height=\"433\" \/><\/td>\n<\/tr>\n<tr>\n<td colspan=\"3\"><strong><a href=\"https:\/\/opentrailraces.com\/ca\/descarrega-la-app-open-trail-races\/\" target=\"_blank\" rel=\"noopener\">Descarrega la APP al teu m\u00f2bil<\/a><\/strong>, enregistra&#8217;t, busca la cursa amb la paraula <strong>&#8220;casamanya&#8221;\u00a0<\/strong>i &#8230;\n<h3><strong>A C\u00d3RRER !!!<\/strong><\/h3>\n<\/td>\n<\/tr>\n<\/tbody>\n<\/table>\n<p>&nbsp;<\/p>\n<hr \/>\n<p><a href=\"https:\/\/opentrailraces.com\/ca\/\" target=\"_blank\" rel=\"attachment noopener wp-att-6458\"><img loading=\"lazy\" decoding=\"async\" src=\"https:\/\/casamanyaextrem.com\/wp-content\/uploads\/2024\/05\/LOGO-OTR-800pix-clar.jpeg\" alt=\"\" width=\"249\" height=\"145\" \/><\/a><\/p>\n\n","protected":false},"excerpt":{"rendered":"<p>Gr\u00e0cies a l&#8217;aplicatiu Open Trail Races pots entrenar els recorreguts CLASSIC i EXTREM, cronometrar-te, avaluar el teu progr\u00e9s i comparar-te amb altres corredors, mantenint viva l&#8217;emoci\u00f3 de la Casamanya Extrem Vertical Race durant tot l&#8217;any. Tamb\u00e9 pots comparar-te amb els r\u00e9cords hist\u00f2rics de la prova. Descarrega la APP al teu m\u00f2bil, enregistra&#8217;t, busca la cursa [&hellip;]<\/p>\n","protected":false},"author":1,"featured_media":0,"parent":0,"menu_order":0,"comment_status":"closed","ping_status":"closed","template":"","meta":{"site-sidebar-layout":"default","site-content-layout":"","ast-site-content-layout":"default","site-content-style":"default","site-sidebar-style":"default","ast-global-header-display":"","ast-banner-title-visibility":"","ast-main-header-display":"","ast-hfb-above-header-display":"","ast-hfb-below-header-display":"","ast-hfb-mobile-header-display":"","site-post-title":"","ast-breadcrumbs-content":"","ast-featured-img":"","footer-sml-layout":"","ast-disable-related-posts":"","theme-transparent-header-meta":"","adv-header-id-meta":"","stick-header-meta":"","header-above-stick-meta":"","header-main-stick-meta":"","header-below-stick-meta":"","astra-migrate-meta-layouts":"set","ast-page-background-enabled":"default","ast-page-background-meta":{"desktop":{"background-color":"","background-image":"","background-repeat":"repeat","background-position":"center center","background-size":"auto","background-attachment":"scroll","background-type":"","background-media":"","overlay-type":"","overlay-color":"","overlay-opacity":"","overlay-gradient":""},"tablet":{"background-color":"","background-image":"","background-repeat":"repeat","background-position":"center center","background-size":"auto","background-attachment":"scroll","background-type":"","background-media":"","overlay-type":"","overlay-color":"","overlay-opacity":"","overlay-gradient":""},"mobile":{"background-color":"","background-image":"","background-repeat":"repeat","background-position":"center center","background-size":"auto","background-attachment":"scroll","background-type":"","background-media":"","overlay-type":"","overlay-color":"","overlay-opacity":"","overlay-gradient":""}},"ast-content-background-meta":{"desktop":{"background-color":"var(--ast-global-color-5)","background-image":"","background-repeat":"repeat","background-position":"center center","background-size":"auto","background-attachment":"scroll","background-type":"","background-media":"","overlay-type":"","overlay-color":"","overlay-opacity":"","overlay-gradient":""},"tablet":{"background-color":"var(--ast-global-color-5)","background-image":"","background-repeat":"repeat","background-position":"center center","background-size":"auto","background-attachment":"scroll","background-type":"","background-media":"","overlay-type":"","overlay-color":"","overlay-opacity":"","overlay-gradient":""},"mobile":{"background-color":"var(--ast-global-color-5)","background-image":"","background-repeat":"repeat","background-position":"center center","background-size":"auto","background-attachment":"scroll","background-type":"","background-media":"","overlay-type":"","overlay-color":"","overlay-opacity":"","overlay-gradient":""}},"footnotes":""},"class_list":["post-6454","page","type-page","status-publish","hentry"],"lang":"ca","translations":{"es":6492,"ca":6454,"en":6495,"fr":6498},"pll_sync_post":[],"_links":{"self":[{"href":"https:\/\/casamanyaextrem.com\/index.php?rest_route=\/wp\/v2\/pages\/6454","targetHints":{"allow":["GET"]}}],"collection":[{"href":"https:\/\/casamanyaextrem.com\/index.php?rest_route=\/wp\/v2\/pages"}],"about":[{"href":"https:\/\/casamanyaextrem.com\/index.php?rest_route=\/wp\/v2\/types\/page"}],"author":[{"embeddable":true,"href":"https:\/\/casamanyaextrem.com\/index.php?rest_route=\/wp\/v2\/users\/1"}],"replies":[{"embeddable":true,"href":"https:\/\/casamanyaextrem.com\/index.php?rest_route=%2Fwp%2Fv2%2Fcomments&post=6454"}],"version-history":[{"count":10,"href":"https:\/\/casamanyaextrem.com\/index.php?rest_route=\/wp\/v2\/pages\/6454\/revisions"}],"predecessor-version":[{"id":6473,"href":"https:\/\/casamanyaextrem.com\/index.php?rest_route=\/wp\/v2\/pages\/6454\/revisions\/6473"}],"wp:attachment":[{"href":"https:\/\/casamanyaextrem.com\/index.php?rest_route=%2Fwp%2Fv2%2Fmedia&parent=6454"}],"curies":[{"name":"wp","href":"https:\/\/api.w.org\/{rel}","templated":true}]}}