{"id":6492,"date":"2024-05-27T05:56:46","date_gmt":"2024-05-27T03:56:46","guid":{"rendered":"https:\/\/casamanyaextrem.com\/?page_id=6492"},"modified":"2024-05-27T06:23:25","modified_gmt":"2024-05-27T04:23:25","slug":"open-trail-races-2","status":"publish","type":"page","link":"https:\/\/casamanyaextrem.com\/?page_id=6492&lang=es","title":{"rendered":"Open Trail Races"},"content":{"rendered":"\n\n\t<p><a href=\"https:\/\/opentrailraces.com\/\" target=\"_blank\" rel=\"attachment noopener wp-att-6456\"><img loading=\"lazy\" decoding=\"async\" src=\"https:\/\/casamanyaextrem.com\/wp-content\/uploads\/2024\/05\/QUE-ES-OTR.jpeg\" alt=\"\" width=\"1200\" height=\"1200\" \/><\/a><\/p>\n<p>Gracias a la aplicaci\u00f3n Open Trail Races puedes entrenar los recorridos <a href=\"https:\/\/casamanyaextrem.com\/?page_id=5987&amp;lang=es\">CLASSIC<\/a> y <a href=\"https:\/\/casamanyaextrem.com\/?page_id=6010&amp;lang=es\">EXTREM<\/a>, cronometrarte, evaluar tu progreso y compararte con otros corredores, manteniendo viva la emoci\u00f3n de la <a href=\"https:\/\/casamanyaextrem.com\/?page_id=6207&amp;lang=es\">Casamanya Extrem Vertical Race<\/a> durante todo el a\u00f1o.<\/p>\n<p>Tambi\u00e9n puedes compararte con los <a href=\"https:\/\/casamanyaextrem.com\/?page_id=1487\">r\u00e9cords hist\u00f3ricos de la prueba<\/a>.<\/p>\n<table>\n<tbody>\n<tr>\n<td valign=\"TOP\"><img loading=\"lazy\" decoding=\"async\" src=\"https:\/\/casamanyaextrem.com\/wp-content\/uploads\/2024\/05\/rutes-marcades.jpg\" alt=\"\" width=\"200\" height=\"433\" \/><\/td>\n<td valign=\"TOP\"><img loading=\"lazy\" decoding=\"async\" src=\"https:\/\/casamanyaextrem.com\/wp-content\/uploads\/2024\/05\/ruta-extrem.jpg\" alt=\"\" width=\"200\" height=\"433\" \/><\/td>\n<td valign=\"TOP\"><img loading=\"lazy\" decoding=\"async\" src=\"https:\/\/casamanyaextrem.com\/wp-content\/uploads\/2024\/05\/mobil-otr.jpg\" alt=\"\" width=\"198\" height=\"433\" \/><\/td>\n<\/tr>\n<tr>\n<td colspan=\"3\"><strong><a href=\"https:\/\/opentrailraces.com\/descarga-la-app-open-trail-races\/\" target=\"_blank\" rel=\"noopener\">Descarga la APP en tu m\u00f3vil<\/a><\/strong>, reg\u00edstrate, busca la carrera con la palabra <strong>&#8220;casamanya&#8221;<\/strong> y &#8230;\n<h3><strong>\u00a1A CORRER!<\/strong><\/h3>\n<\/td>\n<\/tr>\n<\/tbody>\n<\/table>\n<p>&nbsp;<\/p>\n<hr \/>\n<p><a href=\"https:\/\/opentrailraces.com\/\" target=\"_blank\" rel=\"attachment noopener wp-att-6458\"><img loading=\"lazy\" decoding=\"async\" src=\"https:\/\/casamanyaextrem.com\/wp-content\/uploads\/2024\/05\/LOGO-OTR-800pix-clar.jpeg\" alt=\"\" width=\"249\" height=\"145\" \/><\/a><\/p>\n\n","protected":false},"excerpt":{"rendered":"<p>Gracias a la aplicaci\u00f3n Open Trail Races puedes entrenar los recorridos CLASSIC y EXTREM, cronometrarte, evaluar tu progreso y compararte con otros corredores, manteniendo viva la emoci\u00f3n de la Casamanya Extrem Vertical Race durante todo el a\u00f1o. Tambi\u00e9n puedes compararte con los r\u00e9cords hist\u00f3ricos de la prueba. Descarga la APP en tu m\u00f3vil, reg\u00edstrate, busca [&hellip;]<\/p>\n","protected":false},"author":1,"featured_media":0,"parent":0,"menu_order":0,"comment_status":"closed","ping_status":"closed","template":"","meta":{"site-sidebar-layout":"default","site-content-layout":"","ast-site-content-layout":"default","site-content-style":"default","site-sidebar-style":"default","ast-global-header-display":"","ast-banner-title-visibility":"","ast-main-header-display":"","ast-hfb-above-header-display":"","ast-hfb-below-header-display":"","ast-hfb-mobile-header-display":"","site-post-title":"","ast-breadcrumbs-content":"","ast-featured-img":"","footer-sml-layout":"","ast-disable-related-posts":"","theme-transparent-header-meta":"","adv-header-id-meta":"","stick-header-meta":"","header-above-stick-meta":"","header-main-stick-meta":"","header-below-stick-meta":"","astra-migrate-meta-layouts":"set","ast-page-background-enabled":"default","ast-page-background-meta":{"desktop":{"background-color":"","background-image":"","background-repeat":"repeat","background-position":"center center","background-size":"auto","background-attachment":"scroll","background-type":"","background-media":"","overlay-type":"","overlay-color":"","overlay-opacity":"","overlay-gradient":""},"tablet":{"background-color":"","background-image":"","background-repeat":"repeat","background-position":"center center","background-size":"auto","background-attachment":"scroll","background-type":"","background-media":"","overlay-type":"","overlay-color":"","overlay-opacity":"","overlay-gradient":""},"mobile":{"background-color":"","background-image":"","background-repeat":"repeat","background-position":"center center","background-size":"auto","background-attachment":"scroll","background-type":"","background-media":"","overlay-type":"","overlay-color":"","overlay-opacity":"","overlay-gradient":""}},"ast-content-background-meta":{"desktop":{"background-color":"var(--ast-global-color-5)","background-image":"","background-repeat":"repeat","background-position":"center center","background-size":"auto","background-attachment":"scroll","background-type":"","background-media":"","overlay-type":"","overlay-color":"","overlay-opacity":"","overlay-gradient":""},"tablet":{"background-color":"var(--ast-global-color-5)","background-image":"","background-repeat":"repeat","background-position":"center center","background-size":"auto","background-attachment":"scroll","background-type":"","background-media":"","overlay-type":"","overlay-color":"","overlay-opacity":"","overlay-gradient":""},"mobile":{"background-color":"var(--ast-global-color-5)","background-image":"","background-repeat":"repeat","background-position":"center center","background-size":"auto","background-attachment":"scroll","background-type":"","background-media":"","overlay-type":"","overlay-color":"","overlay-opacity":"","overlay-gradient":""}},"footnotes":""},"class_list":["post-6492","page","type-page","status-publish","hentry"],"lang":"es","translations":{"es":6492,"ca":6454,"en":6495,"fr":6498},"pll_sync_post":[],"_links":{"self":[{"href":"https:\/\/casamanyaextrem.com\/index.php?rest_route=\/wp\/v2\/pages\/6492","targetHints":{"allow":["GET"]}}],"collection":[{"href":"https:\/\/casamanyaextrem.com\/index.php?rest_route=\/wp\/v2\/pages"}],"about":[{"href":"https:\/\/casamanyaextrem.com\/index.php?rest_route=\/wp\/v2\/types\/page"}],"author":[{"embeddable":true,"href":"https:\/\/casamanyaextrem.com\/index.php?rest_route=\/wp\/v2\/users\/1"}],"replies":[{"embeddable":true,"href":"https:\/\/casamanyaextrem.com\/index.php?rest_route=%2Fwp%2Fv2%2Fcomments&post=6492"}],"version-history":[{"count":3,"href":"https:\/\/casamanyaextrem.com\/index.php?rest_route=\/wp\/v2\/pages\/6492\/revisions"}],"predecessor-version":[{"id":6504,"href":"https:\/\/casamanyaextrem.com\/index.php?rest_route=\/wp\/v2\/pages\/6492\/revisions\/6504"}],"wp:attachment":[{"href":"https:\/\/casamanyaextrem.com\/index.php?rest_route=%2Fwp%2Fv2%2Fmedia&parent=6492"}],"curies":[{"name":"wp","href":"https:\/\/api.w.org\/{rel}","templated":true}]}}