{"id":6498,"date":"2024-05-27T06:17:23","date_gmt":"2024-05-27T04:17:23","guid":{"rendered":"https:\/\/casamanyaextrem.com\/?page_id=6498"},"modified":"2024-05-27T06:23:59","modified_gmt":"2024-05-27T04:23:59","slug":"open-trail-races-4","status":"publish","type":"page","link":"https:\/\/casamanyaextrem.com\/?page_id=6498&lang=fr","title":{"rendered":"Open Trail Races"},"content":{"rendered":"\n\n\t<p><a href=\"https:\/\/opentrailraces.com\/fr\/\" target=\"_blank\" rel=\"attachment noopener wp-att-6456\"><img loading=\"lazy\" decoding=\"async\" src=\"https:\/\/casamanyaextrem.com\/wp-content\/uploads\/2024\/05\/QUE-ES-OTR.jpeg\" alt=\"\" width=\"1200\" height=\"1200\" \/><\/a><\/p>\n<p>Gr\u00e2ce \u00e0 l&#8217;application Open Trail Races, vous pouvez vous entra\u00eener sur les parcours <a href=\"https:\/\/casamanyaextrem.com\/?page_id=5995&amp;lang=fr\">CLASSIC<\/a> et <a href=\"https:\/\/casamanyaextrem.com\/?page_id=6016&amp;lang=fr\">EXTREM<\/a>, vous chronom\u00e9trer, \u00e9valuer vos progr\u00e8s et vous comparer \u00e0 d&#8217;autres coureurs, en gardant l&#8217;excitation de la <a href=\"https:\/\/casamanyaextrem.com\/?page_id=6219&amp;lang=fr\">Casamanya Extrem Vertical Race<\/a> vivante toute l&#8217;ann\u00e9e.<\/p>\n<p>Vous pouvez \u00e9galement vous comparer aux <a href=\"https:\/\/casamanyaextrem.com\/?page_id=1487\">records historiques de l&#8217;\u00e9preuve<\/a>.<\/p>\n<table>\n<tbody>\n<tr>\n<td valign=\"TOP\"><img loading=\"lazy\" decoding=\"async\" src=\"https:\/\/casamanyaextrem.com\/wp-content\/uploads\/2024\/05\/rutes-marcades.jpg\" alt=\"\" width=\"200\" height=\"433\" \/><\/td>\n<td valign=\"TOP\"><img loading=\"lazy\" decoding=\"async\" src=\"https:\/\/casamanyaextrem.com\/wp-content\/uploads\/2024\/05\/ruta-extrem.jpg\" alt=\"\" width=\"200\" height=\"433\" \/><\/td>\n<td valign=\"TOP\"><img loading=\"lazy\" decoding=\"async\" src=\"https:\/\/casamanyaextrem.com\/wp-content\/uploads\/2024\/05\/mobil-otr.jpg\" alt=\"\" width=\"198\" height=\"433\" \/><\/td>\n<\/tr>\n<tr>\n<td colspan=\"3\"><strong><a href=\"https:\/\/opentrailraces.com\/fr\/telecharger-lapplication-open-trail-races\/\" target=\"_blank\" rel=\"noopener\">T\u00e9l\u00e9chargez l&#8217;APP sur votre mobile<\/a><\/strong>, inscrivez-vous, recherchez la course avec le mot <strong>&#8220;casamanya&#8221;<\/strong> et &#8230;\n<h3><strong>COUREZ !!!<\/strong><\/h3>\n<\/td>\n<\/tr>\n<\/tbody>\n<\/table>\n<p>&nbsp;<\/p>\n<hr \/>\n<p><a href=\"https:\/\/opentrailraces.com\/fr\/\" target=\"_blank\" rel=\"attachment noopener wp-att-6458\"><img loading=\"lazy\" decoding=\"async\" src=\"https:\/\/casamanyaextrem.com\/wp-content\/uploads\/2024\/05\/LOGO-OTR-800pix-clar.jpeg\" alt=\"\" width=\"249\" height=\"145\" \/><\/a><\/p>\n\n","protected":false},"excerpt":{"rendered":"<p>Gr\u00e2ce \u00e0 l&#8217;application Open Trail Races, vous pouvez vous entra\u00eener sur les parcours CLASSIC et EXTREM, vous chronom\u00e9trer, \u00e9valuer vos progr\u00e8s et vous comparer \u00e0 d&#8217;autres coureurs, en gardant l&#8217;excitation de la Casamanya Extrem Vertical Race vivante toute l&#8217;ann\u00e9e. Vous pouvez \u00e9galement vous comparer aux records historiques de l&#8217;\u00e9preuve. T\u00e9l\u00e9chargez l&#8217;APP sur votre mobile, inscrivez-vous, [&hellip;]<\/p>\n","protected":false},"author":1,"featured_media":0,"parent":0,"menu_order":0,"comment_status":"closed","ping_status":"closed","template":"","meta":{"site-sidebar-layout":"default","site-content-layout":"","ast-site-content-layout":"default","site-content-style":"default","site-sidebar-style":"default","ast-global-header-display":"","ast-banner-title-visibility":"","ast-main-header-display":"","ast-hfb-above-header-display":"","ast-hfb-below-header-display":"","ast-hfb-mobile-header-display":"","site-post-title":"","ast-breadcrumbs-content":"","ast-featured-img":"","footer-sml-layout":"","ast-disable-related-posts":"","theme-transparent-header-meta":"","adv-header-id-meta":"","stick-header-meta":"","header-above-stick-meta":"","header-main-stick-meta":"","header-below-stick-meta":"","astra-migrate-meta-layouts":"set","ast-page-background-enabled":"default","ast-page-background-meta":{"desktop":{"background-color":"","background-image":"","background-repeat":"repeat","background-position":"center center","background-size":"auto","background-attachment":"scroll","background-type":"","background-media":"","overlay-type":"","overlay-color":"","overlay-opacity":"","overlay-gradient":""},"tablet":{"background-color":"","background-image":"","background-repeat":"repeat","background-position":"center center","background-size":"auto","background-attachment":"scroll","background-type":"","background-media":"","overlay-type":"","overlay-color":"","overlay-opacity":"","overlay-gradient":""},"mobile":{"background-color":"","background-image":"","background-repeat":"repeat","background-position":"center center","background-size":"auto","background-attachment":"scroll","background-type":"","background-media":"","overlay-type":"","overlay-color":"","overlay-opacity":"","overlay-gradient":""}},"ast-content-background-meta":{"desktop":{"background-color":"var(--ast-global-color-5)","background-image":"","background-repeat":"repeat","background-position":"center center","background-size":"auto","background-attachment":"scroll","background-type":"","background-media":"","overlay-type":"","overlay-color":"","overlay-opacity":"","overlay-gradient":""},"tablet":{"background-color":"var(--ast-global-color-5)","background-image":"","background-repeat":"repeat","background-position":"center center","background-size":"auto","background-attachment":"scroll","background-type":"","background-media":"","overlay-type":"","overlay-color":"","overlay-opacity":"","overlay-gradient":""},"mobile":{"background-color":"var(--ast-global-color-5)","background-image":"","background-repeat":"repeat","background-position":"center center","background-size":"auto","background-attachment":"scroll","background-type":"","background-media":"","overlay-type":"","overlay-color":"","overlay-opacity":"","overlay-gradient":""}},"footnotes":""},"class_list":["post-6498","page","type-page","status-publish","hentry"],"lang":"fr","translations":{"es":6492,"ca":6454,"en":6495,"fr":6498},"pll_sync_post":[],"_links":{"self":[{"href":"https:\/\/casamanyaextrem.com\/index.php?rest_route=\/wp\/v2\/pages\/6498","targetHints":{"allow":["GET"]}}],"collection":[{"href":"https:\/\/casamanyaextrem.com\/index.php?rest_route=\/wp\/v2\/pages"}],"about":[{"href":"https:\/\/casamanyaextrem.com\/index.php?rest_route=\/wp\/v2\/types\/page"}],"author":[{"embeddable":true,"href":"https:\/\/casamanyaextrem.com\/index.php?rest_route=\/wp\/v2\/users\/1"}],"replies":[{"embeddable":true,"href":"https:\/\/casamanyaextrem.com\/index.php?rest_route=%2Fwp%2Fv2%2Fcomments&post=6498"}],"version-history":[{"count":3,"href":"https:\/\/casamanyaextrem.com\/index.php?rest_route=\/wp\/v2\/pages\/6498\/revisions"}],"predecessor-version":[{"id":6505,"href":"https:\/\/casamanyaextrem.com\/index.php?rest_route=\/wp\/v2\/pages\/6498\/revisions\/6505"}],"wp:attachment":[{"href":"https:\/\/casamanyaextrem.com\/index.php?rest_route=%2Fwp%2Fv2%2Fmedia&parent=6498"}],"curies":[{"name":"wp","href":"https:\/\/api.w.org\/{rel}","templated":true}]}}