{"id":6894,"date":"2024-12-29T20:57:22","date_gmt":"2024-12-29T19:57:22","guid":{"rendered":"https:\/\/casamanyaextrem.com\/?page_id=6894"},"modified":"2024-12-29T21:06:06","modified_gmt":"2024-12-29T20:06:06","slug":"politica-de-privacidad","status":"publish","type":"page","link":"https:\/\/casamanyaextrem.com\/?page_id=6894&lang=es","title":{"rendered":"Pol\u00edtica de privacidad"},"content":{"rendered":"\n\n\t<!-- Traducci\u00f3n al espa\u00f1ol completa --><br \/>\nMediante esta Pol\u00edtica de Privacidad, Estripagecs Mountain Events le informa sobre los datos personales que recogemos a trav\u00e9s de los servicios que ofrece nuestro sitio web, c\u00f3mo los tratamos y los derechos que en relaci\u00f3n con sus datos personales y nuestros tratamientos le otorga la normativa de Protecci\u00f3n de Datos Personales que nos es aplicable.\n<h3>Normativa aplicable<\/h3>\n<p>Concretamente nos aplica:<\/p>\n<ol>\n<li>La Ley 29\/2021, del 28 de octubre, calificada de protecci\u00f3n de datos personales (en adelante, &#8220;la <strong>LQPD<\/strong>&#8220;) y sus reglamentos de ejecuci\u00f3n, y<\/li>\n<li>El Reglamento (UE) 679\/2016 del Parlamento Europeo y del Consejo, de 27 de abril de 2016, relativo a la protecci\u00f3n de las personas f\u00edsicas en cuanto al tratamiento de datos personales y a la libre circulaci\u00f3n de estos datos (en adelante, &#8220;el <strong>RGPD<\/strong>&#8220;).<\/li>\n<\/ol>\n<p>Asimismo, y en cumplimiento de lo establecido en la LQPD en relaci\u00f3n con los ficheros, le informamos que cualquier dato personal que nos facilite pasar\u00e1 a formar parte de nuestros ficheros debidamente inscritos en la Agencia Andorrana de Protecci\u00f3n de Datos (<a href=\"https:\/\/www.apda.ad\/\">APDA<\/a>).<\/p>\n<p>Hemos estructurado la informaci\u00f3n en los siguientes apartados para facilitarle el acceso a los puntos de su inter\u00e9s, si bien le recomendamos que lea esta Pol\u00edtica de Privacidad \u00edntegramente:<\/p>\n<ol>\n<li>\u00bfA qui\u00e9n aplica esta Pol\u00edtica de Privacidad?<\/li>\n<li>\u00bfC\u00f3mo obtenemos sus datos personales?<\/li>\n<li>\u00bfPara qu\u00e9 y con qu\u00e9 base legal utilizamos sus datos personales?<\/li>\n<li>\u00bfQui\u00e9n es el responsable de lo que hacemos con sus datos personales?<\/li>\n<li>\u00bfCon qui\u00e9n podemos compartir sus datos personales?<\/li>\n<li>\u00bfCu\u00e1nto tiempo conservamos sus datos personales?<\/li>\n<li>\u00bfQu\u00e9 derechos tiene?<\/li>\n<li>\u00bfQu\u00e9 responsabilidades tiene?<\/li>\n<li>\u00bfC\u00f3mo protegemos sus datos personales?<\/li>\n<li>Modificaciones de esta Pol\u00edtica de Privacidad<\/li>\n<\/ol>\n<hr \/>\n<p><strong>6. \u00bfCu\u00e1nto tiempo conservamos sus datos personales?<\/strong><\/p>\n<p>Estripagecs Mountain Events conserva sus datos personales exclusivamente durante el tiempo que duren los tratamientos que los requieran, y despu\u00e9s, para cumplir con las obligaciones legales que nos apliquen en cada momento (incluyendo la obligaci\u00f3n de poder demostrar que hemos atendido una solicitud de destrucci\u00f3n de todos sus datos personales).<\/p>\n<p>Cuando no tengamos una necesidad leg\u00edtima para retener alguno de sus datos personales, los eliminaremos o los anonimizaremos y, si esto no fuera posible (por ejemplo, porque se encuentren en copias de seguridad), los almacenaremos de manera segura y los bloquearemos para aislarlos de cualquier procesamiento posterior hasta que sea posible su eliminaci\u00f3n.<\/p>\n<p>Concretamente, los datos que recogemos de las cookies se borran al cabo de 3 meses y los que recogemos para el resto de finalidades mencionadas en esta pol\u00edtica no se borran en tanto usted no nos lo solicite.<\/p>\n<p><strong>7. \u00bfQu\u00e9 derechos tiene?<\/strong><\/p>\n<p>Tiene derecho a obtener confirmaci\u00f3n sobre si Estripagecs Mountain Events ha recogido o no alg\u00fan dato personal suyo.<\/p>\n<p>A continuaci\u00f3n, le explicamos qu\u00e9 otros derechos tiene y c\u00f3mo ejercerlos.<\/p>\n<p><strong>Derechos asociados a las normativas del Principado de Andorra. <\/strong>En caso de que se encuentre f\u00edsicamente en el Principado de Andorra o fuera de la Uni\u00f3n Europea cuando consulte o utilice los servicios de nuestro sitio web, la LQPD le otorga los siguientes derechos:<\/p>\n<ul>\n<li>\n<ul>\n<li><a href=\"https:\/\/www.apda.ad\/ca\/dret-dacces\">Acceso a sus datos personales<\/a>.<\/li>\n<li><a href=\"https:\/\/www.apda.ad\/ca\/dret-de-rectificacio\">Rectificaci\u00f3n de alguno de sus datos personales<\/a>.<\/li>\n<li><a href=\"https:\/\/www.apda.ad\/ca\/dret-de-supressio\">Supresi\u00f3n de alg\u00fan dato personal, o de todos ellos<\/a>.<\/li>\n<li><a href=\"https:\/\/www.apda.ad\/ca\/dret-doposicio\">Oposici\u00f3n a alguno de nuestros tratamientos<\/a>.<\/li>\n<\/ul>\n<\/li>\n<\/ul>\n<p><strong>Derechos asociados a las normativas de la Uni\u00f3n Europea. <\/strong>Si, por el contrario, usted se encuentra en la Uni\u00f3n Europea cuando consulta o utiliza los servicios de nuestro sitio web, adem\u00e1s de estar amparado por la LQPD lo estar\u00e1 tambi\u00e9n por el RGPD, que le confiere adicionalmente los siguientes derechos (ver\u00e1 que en algunos casos, las \u00fanicas diferencias con los ya otorgados por la ley andorrana se reducen a los plazos de atenci\u00f3n y a la Autoridad de Control ante la cual usted puede presentar una reclamaci\u00f3n, en el eventual caso de que considere que no hemos satisfecho sus derechos):<\/p>\n<ul>\n<li>\n<ul>\n<li><a href=\"https:\/\/www.aepd.es\/es\/derechos-y-deberes\/conoce-tus-derechos\/derecho-de-acceso\">Acceso a sus datos personales<\/a>.<\/li>\n<li><a href=\"https:\/\/www.aepd.es\/es\/derechos-y-deberes\/conoce-tus-derechos\/derecho-de-rectificacion\">Rectificaci\u00f3n de alguno de sus datos personales<\/a>, especificando la raz\u00f3n.<\/li>\n<li><a href=\"https:\/\/www.aepd.es\/es\/derechos-y-deberes\/conoce-tus-derechos\/derecho-de-supresion-al-olvido\">Supresi\u00f3n de alguno o todos sus datos personales<\/a>.<\/li>\n<li><a href=\"https:\/\/www.aepd.es\/es\/derechos-y-deberes\/conoce-tus-derechos\/derecho-la-limitacion-del-tratamiento\">Limitaci\u00f3n del tratamiento de sus datos<\/a>, especificando la raz\u00f3n de la limitaci\u00f3n.<\/li>\n<li><a href=\"https:\/\/www.aepd.es\/es\/derechos-y-deberes\/conoce-tus-derechos\/derecho-de-oposicion\">Oposici\u00f3n al tratamiento de sus datos personales<\/a>.<\/li>\n<li><a href=\"https:\/\/www.aepd.es\/es\/derechos-y-deberes\/conoce-tus-derechos\/derecho-la-portabilidad\">Portabilidad de sus datos<\/a> cuando la base de legitimaci\u00f3n de su recogida haya sido su consentimiento o un contrato.<\/li>\n<li><a href=\"https:\/\/www.aepd.es\/es\/derechos-y-deberes\/conoce-tus-derechos\/derecho-no-ser-objeto-de-decisiones-individuales\">Derecho a no ser objeto de decisiones individuales automatizadas<\/a>.<\/li>\n<\/ul>\n<\/li>\n<\/ul>\n<p><strong>\u00bfD\u00f3nde y c\u00f3mo puede ejercer sus derechos?<\/strong> Para que usted pueda ejercer sus derechos, Estripagecs Mountain Events pone a su disposici\u00f3n los siguientes medios:<\/p>\n<ol>\n<li>\n<ol>\n<li>Mediante el env\u00edo a Estripagecs Mountain Events de una solicitud escrita dirigida a Estripagecs Mountain Events, a nuestra direcci\u00f3n postal indicada en el apartado 4 de esta pol\u00edtica, indic\u00e1ndonos un medio de contacto con usted para poder responder a su solicitud, o pedirle m\u00e1s informaci\u00f3n. Agradecer\u00edamos que indique en el sobre &#8220;Ejercicio de Derechos de Protecci\u00f3n de Datos Personales&#8221;.<\/li>\n<li>Mediante el env\u00edo a Estripagecs Mountain Events del correspondiente formulario (que encontrar\u00e1 a continuaci\u00f3n), a la direcci\u00f3n de correo electr\u00f3nico <a href=\"mailto:admin@estripagecs.com\" target=\"_blank\" rel=\"noopener\">admin@estripagecs.com<\/a>, indicando en el asunto &#8220;Ejercicio de Derechos de Protecci\u00f3n de Datos Personales&#8221;.<\/li>\n<\/ol>\n<\/li>\n<\/ol>\n<p>En ambos casos, si no nos es posible comprobar que usted es quien dice ser, le solicitaremos que por favor nos remita una copia de su pasaporte o documento nacional de identidad oficial para poder asegurarnos de responder \u00fanicamente al interesado o a su representante legal, debiendo aportar en este \u00faltimo caso un documento acreditativo de la representaci\u00f3n.<\/p>\n<p>Asimismo, y especialmente si considera que no ha obtenido satisfacci\u00f3n plena en el ejercicio de sus derechos, le informamos que podr\u00e1 presentar una reclamaci\u00f3n ante la autoridad nacional de control de su pa\u00eds, o dirigi\u00e9ndose a tal efecto a la Agencia Andorrana de Protecci\u00f3n de Datos (<a href=\"https:\/\/www.apda.ad\/ca\/contact\">APDA<\/a>).<\/p>\n<p><strong>8. \u00bfQu\u00e9 responsabilidades tiene?<\/strong><\/p>\n<p>Al facilitarnos sus datos, usted nos garantiza que los datos facilitados son exactos y completos. Igualmente, nos confirma que responde de la veracidad de los datos personales que nos ha comunicado y que los mantendr\u00e1 convenientemente actualizados de manera que respondan a su situaci\u00f3n real, haci\u00e9ndose responsable de los datos personales falsos e inexactos que pudiera proporcionarnos, as\u00ed como de los da\u00f1os y perjuicios, directos o indirectos, que de su inexactitud pudieran derivarse.<\/p>\n<p>No puede facilitarnos datos personales de otras personas salvo que est\u00e9 justificado en relaci\u00f3n con los servicios que nos solicita. En cualquier caso, si nos facilita los datos personales de terceros asume la responsabilidad de informar a esos terceros, previamente a facilitarnos sus datos personales, sobre todas las disposiciones previstas en esta pol\u00edtica de privacidad, y se hace responsable de la licitud de esos datos personales y de transmitir los derechos que dichas terceras tienen sobre sus datos personales.<\/p>\n<p>En los casos en los cuales deba facilitarnos datos personales de un menor de 16 a\u00f1os o de una persona que tenga sus derechos limitados, al hacerlo se obliga a contar con la autorizaci\u00f3n de los titulares de su patria potestad o tutela. Sin esta autorizaci\u00f3n, queda prohibido que nos facilite cualquier dato personal de estas personas.<\/p>\n<p><strong>9. \u00bfC\u00f3mo protegemos sus datos personales?<\/strong><\/p>\n<p>Estamos totalmente comprometidos con la protecci\u00f3n de su privacidad y sus datos personales. Hemos elaborado el registro de todas las actividades de tratamiento de datos personales que lleva a cabo Estripagecs Mountain Events, y hemos analizado el riesgo que puede suponerle cada una de estas actividades, as\u00ed como implementado las salvaguardas legales, t\u00e9cnicas y organizacionales adecuadas para evitar, en la medida de lo posible (ya que el riesgo cero no existe), la alteraci\u00f3n de sus datos personales, su mal uso, p\u00e9rdida, robo, acceso o tratamiento no autorizado. Mantenemos convenientemente actualizadas las pol\u00edticas de privacidad y cookies de este sitio web para asegurar que le proporcionamos toda la informaci\u00f3n que tenemos sobre el tratamiento de sus datos personales. Hemos firmado cl\u00e1usulas de protecci\u00f3n de datos y contratos de encargado de tratamiento con todos nuestros proveedores de servicios, atendiendo a la necesidad que cada uno tiene de tratar datos personales. Restringimos el acceso a datos personales a aquellos empleados que realmente necesiten conocerlos para realizar alguno de los tratamientos mencionados en esta pol\u00edtica, y los hemos formado y concienciado sobre la importancia de la confidencialidad y el mantenimiento de la privacidad y seguridad de su informaci\u00f3n, as\u00ed como sobre las medidas disciplinarias que implicar\u00eda cualquier eventual infracci\u00f3n en esta materia.<\/p>\n<p><strong>10. Modificaciones de esta Pol\u00edtica de Privacidad<\/strong><\/p>\n<p>Actualizaremos esta pol\u00edtica cuando sea necesario para reflejar eventuales cambios que se produzcan, por ejemplo, cuando entre en vigor la Ley 29\/2021, del 28 de octubre, calificada de protecci\u00f3n de datos personales. Si hay cambios sustanciales en esta pol\u00edtica o en la forma en que Estripagecs Mountain Events piense utilizar sus datos personales, se lo notificaremos antes de que entren en vigor envi\u00e1ndole una notificaci\u00f3n o publicando un aviso destacado en esta web, y usted tendr\u00e1 la opci\u00f3n de ejercer sus derechos tal como le hemos informado en una secci\u00f3n anterior. En cualquier caso, le recomendamos que revise peri\u00f3dicamente esta pol\u00edtica de privacidad para saber c\u00f3mo protegemos sus datos personales.<\/p>\n<p>Si tiene alguna pregunta sobre esta pol\u00edtica, no dude en comunic\u00e1rnosla enviando un correo a <a href=\"mailto:admin@estripagecs.com\" target=\"_blank\" rel=\"noopener\">admin@estripagecs.com<\/a><\/p>\n<p><strong>\u00daltima actualizaci\u00f3n: 29 de diciembre de 2024<\/strong><\/p>\n\n","protected":false},"excerpt":{"rendered":"<p>Mediante esta Pol\u00edtica de Privacidad, Estripagecs Mountain Events le informa sobre los datos personales que recogemos a trav\u00e9s de los servicios que ofrece nuestro sitio web, c\u00f3mo los tratamos y los derechos que en relaci\u00f3n con sus datos personales y nuestros tratamientos le otorga la normativa de Protecci\u00f3n de Datos Personales que nos es aplicable. [&hellip;]<\/p>\n","protected":false},"author":1,"featured_media":0,"parent":0,"menu_order":0,"comment_status":"closed","ping_status":"closed","template":"","meta":{"site-sidebar-layout":"default","site-content-layout":"","ast-site-content-layout":"default","site-content-style":"default","site-sidebar-style":"default","ast-global-header-display":"","ast-banner-title-visibility":"","ast-main-header-display":"","ast-hfb-above-header-display":"","ast-hfb-below-header-display":"","ast-hfb-mobile-header-display":"","site-post-title":"","ast-breadcrumbs-content":"","ast-featured-img":"","footer-sml-layout":"","ast-disable-related-posts":"","theme-transparent-header-meta":"","adv-header-id-meta":"","stick-header-meta":"","header-above-stick-meta":"","header-main-stick-meta":"","header-below-stick-meta":"","astra-migrate-meta-layouts":"set","ast-page-background-enabled":"default","ast-page-background-meta":{"desktop":{"background-color":"","background-image":"","background-repeat":"repeat","background-position":"center center","background-size":"auto","background-attachment":"scroll","background-type":"","background-media":"","overlay-type":"","overlay-color":"","overlay-opacity":"","overlay-gradient":""},"tablet":{"background-color":"","background-image":"","background-repeat":"repeat","background-position":"center center","background-size":"auto","background-attachment":"scroll","background-type":"","background-media":"","overlay-type":"","overlay-color":"","overlay-opacity":"","overlay-gradient":""},"mobile":{"background-color":"","background-image":"","background-repeat":"repeat","background-position":"center center","background-size":"auto","background-attachment":"scroll","background-type":"","background-media":"","overlay-type":"","overlay-color":"","overlay-opacity":"","overlay-gradient":""}},"ast-content-background-meta":{"desktop":{"background-color":"var(--ast-global-color-5)","background-image":"","background-repeat":"repeat","background-position":"center center","background-size":"auto","background-attachment":"scroll","background-type":"","background-media":"","overlay-type":"","overlay-color":"","overlay-opacity":"","overlay-gradient":""},"tablet":{"background-color":"var(--ast-global-color-5)","background-image":"","background-repeat":"repeat","background-position":"center center","background-size":"auto","background-attachment":"scroll","background-type":"","background-media":"","overlay-type":"","overlay-color":"","overlay-opacity":"","overlay-gradient":""},"mobile":{"background-color":"var(--ast-global-color-5)","background-image":"","background-repeat":"repeat","background-position":"center center","background-size":"auto","background-attachment":"scroll","background-type":"","background-media":"","overlay-type":"","overlay-color":"","overlay-opacity":"","overlay-gradient":""}},"footnotes":""},"class_list":["post-6894","page","type-page","status-publish","hentry"],"lang":"es","translations":{"es":6894,"ca":2763,"en":6898,"fr":6907},"pll_sync_post":[],"_links":{"self":[{"href":"https:\/\/casamanyaextrem.com\/index.php?rest_route=\/wp\/v2\/pages\/6894","targetHints":{"allow":["GET"]}}],"collection":[{"href":"https:\/\/casamanyaextrem.com\/index.php?rest_route=\/wp\/v2\/pages"}],"about":[{"href":"https:\/\/casamanyaextrem.com\/index.php?rest_route=\/wp\/v2\/types\/page"}],"author":[{"embeddable":true,"href":"https:\/\/casamanyaextrem.com\/index.php?rest_route=\/wp\/v2\/users\/1"}],"replies":[{"embeddable":true,"href":"https:\/\/casamanyaextrem.com\/index.php?rest_route=%2Fwp%2Fv2%2Fcomments&post=6894"}],"version-history":[{"count":4,"href":"https:\/\/casamanyaextrem.com\/index.php?rest_route=\/wp\/v2\/pages\/6894\/revisions"}],"predecessor-version":[{"id":6904,"href":"https:\/\/casamanyaextrem.com\/index.php?rest_route=\/wp\/v2\/pages\/6894\/revisions\/6904"}],"wp:attachment":[{"href":"https:\/\/casamanyaextrem.com\/index.php?rest_route=%2Fwp%2Fv2%2Fmedia&parent=6894"}],"curies":[{"name":"wp","href":"https:\/\/api.w.org\/{rel}","templated":true}]}}