{"id":6907,"date":"2024-12-29T21:19:34","date_gmt":"2024-12-29T20:19:34","guid":{"rendered":"https:\/\/casamanyaextrem.com\/?page_id=6907"},"modified":"2024-12-29T21:19:34","modified_gmt":"2024-12-29T20:19:34","slug":"politique-de-confidentialite","status":"publish","type":"page","link":"https:\/\/casamanyaextrem.com\/?page_id=6907&lang=fr","title":{"rendered":"Politique de Confidentialit\u00e9"},"content":{"rendered":"\n\n\t<p>Par cette Politique de Confidentialit\u00e9, Estripagecs Mountain Events vous informe des donn\u00e9es personnelles que nous collectons \u00e0 travers les services offerts sur notre site web, comment nous les traitons, et les droits dont vous disposez concernant vos donn\u00e9es personnelles et nos traitements, conform\u00e9ment aux r\u00e9glementations applicables en mati\u00e8re de Protection des Donn\u00e9es Personnelles.<\/p>\n<h3>R\u00e9glementation Applicable<\/h3>\n<p>Concr\u00e8tement, les r\u00e9glementations suivantes s&#8217;appliquent \u00e0 nous :<\/p>\n<ol>\n<li>La Loi 29\/2021, du 28 octobre, qualifi\u00e9e de Protection des Donn\u00e9es Personnelles (ci-apr\u00e8s, \u00ab la <strong>LQPD<\/strong> \u00bb) et ses r\u00e8glements d&#8217;application, et<\/li>\n<li>Le R\u00e8glement (UE) 679\/2016 du Parlement Europ\u00e9en et du Conseil, du 27 avril 2016, relatif \u00e0 la protection des personnes physiques \u00e0 l&#8217;\u00e9gard du traitement des donn\u00e9es personnelles et \u00e0 la libre circulation de ces donn\u00e9es (ci-apr\u00e8s, \u00ab le <strong>RGPD<\/strong> \u00bb).<\/li>\n<\/ol>\n<p>En outre, et en conformit\u00e9 avec ce qui est \u00e9tabli dans la LQPD concernant les fichiers, nous vous informons que toute donn\u00e9e personnelle que vous nous fournissez fera partie de nos fichiers d\u00fbment enregistr\u00e9s aupr\u00e8s de l&#8217;Agence Andorrane de Protection des Donn\u00e9es (<a href=\"https:\/\/www.apda.ad\/\">APDA<\/a>).<\/p>\n<p>Nous avons structur\u00e9 les informations dans les sections suivantes afin de faciliter votre acc\u00e8s aux points d&#8217;int\u00e9r\u00eat. Cependant, nous vous recommandons de lire cette Politique de Confidentialit\u00e9 dans son int\u00e9gralit\u00e9 :<\/p>\n<ol>\n<li>\u00c0 qui s&#8217;applique cette Politique de Confidentialit\u00e9 ?<\/li>\n<li>Comment obtenons-nous vos donn\u00e9es personnelles ?<\/li>\n<li>\u00c0 quelles fins et sur quelle base l\u00e9gale utilisons-nous vos donn\u00e9es personnelles ?<\/li>\n<li>Qui est responsable de ce que nous faisons avec vos donn\u00e9es personnelles ?<\/li>\n<li>Avec qui pouvons-nous partager vos donn\u00e9es personnelles ?<\/li>\n<li>Combien de temps conservons-nous vos donn\u00e9es personnelles ?<\/li>\n<li>Quels sont vos droits ?<\/li>\n<li>Quelles sont vos responsabilit\u00e9s ?<\/li>\n<li>Comment prot\u00e9geons-nous vos donn\u00e9es personnelles ?<\/li>\n<li>Modifications de cette Politique de Confidentialit\u00e9<\/li>\n<\/ol>\n<hr \/>\n<p><strong>5. Avec qui pouvons-nous partager vos donn\u00e9es personnelles ?<\/strong><\/p>\n<p>Estripagecs Mountain Events ne partage pas vos donn\u00e9es personnelles, sauf si :<\/p>\n<ul>\n<li>\n<ul>\n<li>Vous nous en faites express\u00e9ment la demande,<\/li>\n<li>Nous avons l&#8217;obligation l\u00e9gale de le faire (par exemple, nous sommes l\u00e9galement tenus de fournir des copies de factures au D\u00e9partement des Imp\u00f4ts et des Fronti\u00e8res du Gouvernement d&#8217;Andorre sur demande),<\/li>\n<li>Nous avons besoin de prot\u00e9ger vos droits, les n\u00f4tres, ceux de nos employ\u00e9s, ou ceux de tiers (ce qui inclut la communication \u00e0 la police pour des raisons de s\u00e9curit\u00e9 ou aux autorit\u00e9s sanitaires pour pr\u00e9venir la propagation de maladies, par exemple dans le cadre de la recherche des contacts), ou<\/li>\n<li>Nous avons besoin que nos prestataires de services traitent ces donn\u00e9es en notre nom (par exemple, pour l&#8217;envoi des newsletters, ou pour la gestion et la maintenance de nos syst\u00e8mes d&#8217;information).<\/li>\n<\/ul>\n<\/li>\n<\/ul>\n<p>Tout transfert international \u00e9ventuel que nous pourrions devoir effectuer respectera les dispositions de toutes les r\u00e9glementations en vigueur applicables \u00e0 Estripagecs Mountain Events.<\/p>\n<p><strong>6. Combien de temps conservons-nous vos donn\u00e9es personnelles ?<\/strong><\/p>\n<p>Estripagecs Mountain Events conserve vos donn\u00e9es personnelles uniquement pendant la dur\u00e9e n\u00e9cessaire aux traitements qui les requi\u00e8rent, et ensuite, pour se conformer aux obligations l\u00e9gales qui nous incombent \u00e0 tout moment (y compris l&#8217;obligation de pouvoir d\u00e9montrer que nous avons r\u00e9pondu \u00e0 une demande de suppression de toutes vos donn\u00e9es personnelles).<\/p>\n<p>Lorsque nous n&#8217;avons plus besoin de conserver vos donn\u00e9es personnelles, nous les supprimons ou les anonymisons et, si cela n&#8217;est pas possible (par exemple parce qu&#8217;elles figurent dans des copies de sauvegarde), nous les stockons en toute s\u00e9curit\u00e9 et les isolons de tout traitement ult\u00e9rieur jusqu&#8217;\u00e0 ce que leur suppression soit possible.<\/p>\n<p>Concr\u00e8tement, les donn\u00e9es collect\u00e9es \u00e0 partir des cookies sont supprim\u00e9es au bout de 3 mois, et celles collect\u00e9es pour les autres finalit\u00e9s mentionn\u00e9es dans cette politique ne sont supprim\u00e9es que si vous nous en faites la demande.<\/p>\n<p><strong>7. Quels sont vos droits ?<\/strong><\/p>\n<p>Vous avez le droit d&#8217;obtenir confirmation qu&#8217;Estripagecs Mountain Events a bien collect\u00e9 ou non des donn\u00e9es personnelles vous concernant.<\/p>\n<p>Voici les autres droits dont vous disposez et comment les exercer :<\/p>\n<p><strong>Droits li\u00e9s \u00e0 la r\u00e9glementation de la Principaut\u00e9 d&#8217;Andorre.<\/strong> Si vous vous trouvez physiquement en Principaut\u00e9 d&#8217;Andorre ou en dehors de l&#8217;Union Europ\u00e9enne lorsque vous consultez ou utilisez les services de notre site web, la LQPD vous accorde les droits suivants :<\/p>\n<ul>\n<li>\n<ul>\n<li><a href=\"https:\/\/www.apda.ad\/ca\/dret-dacces\">Acc\u00e8s \u00e0 vos donn\u00e9es personnelles<\/a>.<\/li>\n<li><a href=\"https:\/\/www.apda.ad\/ca\/dret-de-rectificacio\">Rectification de vos donn\u00e9es personnelles<\/a>.<\/li>\n<li><a href=\"https:\/\/www.apda.ad\/ca\/dret-de-supressio\">Suppression de vos donn\u00e9es personnelles<\/a>.<\/li>\n<li><a href=\"https:\/\/www.apda.ad\/ca\/dret-doposicio\">Opposition \u00e0 certains de nos traitements<\/a>.<\/li>\n<\/ul>\n<\/li>\n<\/ul>\n<p><strong>Droits li\u00e9s \u00e0 la r\u00e9glementation de l&#8217;Union Europ\u00e9enne.<\/strong> Si, au contraire, vous vous trouvez dans l&#8217;Union Europ\u00e9enne lorsque vous consultez ou utilisez les services de notre site web, en plus d&#8217;\u00eatre prot\u00e9g\u00e9 par la LQPD, vous serez \u00e9galement prot\u00e9g\u00e9 par le RGPD, qui vous accorde des droits suppl\u00e9mentaires :<\/p>\n<ul>\n<li>\n<ul>\n<li><a href=\"https:\/\/www.aepd.es\/es\/derechos-y-deberes\/conoce-tus-derechos\/derecho-de-acceso\">Acc\u00e8s \u00e0 vos donn\u00e9es personnelles<\/a>.<\/li>\n<li><a href=\"https:\/\/www.aepd.es\/es\/derechos-y-devoirs\/conoce-tus-derechos\/derecho-de-rectificacion\">Rectification de vos donn\u00e9es personnelles<\/a>, en pr\u00e9cisant la raison.<\/li>\n<li><a href=\"https:\/\/www.aepd.es\/es\/derechos-y-devoirs\/conoce-tus-derechos\/derecho-de-supresion-al-olvido\">Suppression de vos donn\u00e9es personnelles<\/a>.<\/li>\n<li><a href=\"https:\/\/www.aepd.es\/es\/derechos-y-devoirs\/conoce-tus-derechos\/derecho-la-limitacion-del-tratamiento\">Limitation du traitement de vos donn\u00e9es<\/a>, en pr\u00e9cisant la raison.<\/li>\n<li><a href=\"https:\/\/www.aepd.es\/es\/derechos-y-devoirs\/conoce-tus-derechos\/derecho-de-oposicion\">Opposition au traitement de vos donn\u00e9es personnelles<\/a>.<\/li>\n<li><a href=\"https:\/\/www.aepd.es\/es\/derechos-y-devoirs\/conoce-tus-derechos\/derecho-la-portabilidad\">Portabilit\u00e9 de vos donn\u00e9es<\/a>.<\/li>\n<li><a href=\"https:\/\/www.aepd.es\/es\/derechos-y-devoirs\/conoce-tus-derechos\/derecho-no-ser-objeto-de-decisiones-individuales\">Droit de ne pas faire l&#8217;objet de d\u00e9cisions automatis\u00e9es<\/a>.<\/li>\n<\/ul>\n<\/li>\n<\/ul>\n<p><strong>O\u00f9 et comment exercer vos droits ?<\/strong> Pour exercer vos droits, vous pouvez utiliser les moyens suivants :<\/p>\n<ol>\n<li>\n<ol>\n<li>Envoyer une demande \u00e9crite \u00e0 Estripagecs Mountain Events, \u00e0 notre adresse postale indiqu\u00e9e dans la section 4 de cette politique, en nous indiquant un moyen de vous contacter pour r\u00e9pondre \u00e0 votre demande ou demander plus d&#8217;informations.<\/li>\n<li>Envoyer le formulaire correspondant \u00e0 l&#8217;adresse e-mail suivante : <a href=\"mailto:admin@estripagecs.com\">admin@estripagecs.com<\/a>.<\/li>\n<\/ol>\n<\/li>\n<\/ol>\n<p>Dans les deux cas, si nous ne pouvons pas v\u00e9rifier votre identit\u00e9, nous vous demanderons de nous fournir une copie de votre passeport ou pi\u00e8ce d&#8217;identit\u00e9 officielle.<\/p>\n<p>Si vous consid\u00e9rez que vos droits n&#8217;ont pas \u00e9t\u00e9 satisfaits, vous pouvez contacter l&#8217;autorit\u00e9 de contr\u00f4le de votre pays, ou l&#8217;Agence Andorrane de Protection des Donn\u00e9es (<a href=\"https:\/\/www.apda.ad\/ca\/contact\">APDA<\/a>).<\/p>\n<p><strong>Derni\u00e8re mise \u00e0 jour : 29 d\u00e9cembre 2024<\/strong><\/p>\n\n","protected":false},"excerpt":{"rendered":"<p>Par cette Politique de Confidentialit\u00e9, Estripagecs Mountain Events vous informe des donn\u00e9es personnelles que nous collectons \u00e0 travers les services offerts sur notre site web, comment nous les traitons, et les droits dont vous disposez concernant vos donn\u00e9es personnelles et nos traitements, conform\u00e9ment aux r\u00e9glementations applicables en mati\u00e8re de Protection des Donn\u00e9es Personnelles. R\u00e9glementation Applicable [&hellip;]<\/p>\n","protected":false},"author":1,"featured_media":0,"parent":0,"menu_order":0,"comment_status":"closed","ping_status":"closed","template":"","meta":{"site-sidebar-layout":"default","site-content-layout":"","ast-site-content-layout":"default","site-content-style":"default","site-sidebar-style":"default","ast-global-header-display":"","ast-banner-title-visibility":"","ast-main-header-display":"","ast-hfb-above-header-display":"","ast-hfb-below-header-display":"","ast-hfb-mobile-header-display":"","site-post-title":"","ast-breadcrumbs-content":"","ast-featured-img":"","footer-sml-layout":"","ast-disable-related-posts":"","theme-transparent-header-meta":"","adv-header-id-meta":"","stick-header-meta":"","header-above-stick-meta":"","header-main-stick-meta":"","header-below-stick-meta":"","astra-migrate-meta-layouts":"set","ast-page-background-enabled":"default","ast-page-background-meta":{"desktop":{"background-color":"","background-image":"","background-repeat":"repeat","background-position":"center center","background-size":"auto","background-attachment":"scroll","background-type":"","background-media":"","overlay-type":"","overlay-color":"","overlay-opacity":"","overlay-gradient":""},"tablet":{"background-color":"","background-image":"","background-repeat":"repeat","background-position":"center center","background-size":"auto","background-attachment":"scroll","background-type":"","background-media":"","overlay-type":"","overlay-color":"","overlay-opacity":"","overlay-gradient":""},"mobile":{"background-color":"","background-image":"","background-repeat":"repeat","background-position":"center center","background-size":"auto","background-attachment":"scroll","background-type":"","background-media":"","overlay-type":"","overlay-color":"","overlay-opacity":"","overlay-gradient":""}},"ast-content-background-meta":{"desktop":{"background-color":"var(--ast-global-color-5)","background-image":"","background-repeat":"repeat","background-position":"center center","background-size":"auto","background-attachment":"scroll","background-type":"","background-media":"","overlay-type":"","overlay-color":"","overlay-opacity":"","overlay-gradient":""},"tablet":{"background-color":"var(--ast-global-color-5)","background-image":"","background-repeat":"repeat","background-position":"center center","background-size":"auto","background-attachment":"scroll","background-type":"","background-media":"","overlay-type":"","overlay-color":"","overlay-opacity":"","overlay-gradient":""},"mobile":{"background-color":"var(--ast-global-color-5)","background-image":"","background-repeat":"repeat","background-position":"center center","background-size":"auto","background-attachment":"scroll","background-type":"","background-media":"","overlay-type":"","overlay-color":"","overlay-opacity":"","overlay-gradient":""}},"footnotes":""},"class_list":["post-6907","page","type-page","status-publish","hentry"],"lang":"fr","translations":{"es":6894,"ca":2763,"en":6898,"fr":6907},"pll_sync_post":[],"_links":{"self":[{"href":"https:\/\/casamanyaextrem.com\/index.php?rest_route=\/wp\/v2\/pages\/6907","targetHints":{"allow":["GET"]}}],"collection":[{"href":"https:\/\/casamanyaextrem.com\/index.php?rest_route=\/wp\/v2\/pages"}],"about":[{"href":"https:\/\/casamanyaextrem.com\/index.php?rest_route=\/wp\/v2\/types\/page"}],"author":[{"embeddable":true,"href":"https:\/\/casamanyaextrem.com\/index.php?rest_route=\/wp\/v2\/users\/1"}],"replies":[{"embeddable":true,"href":"https:\/\/casamanyaextrem.com\/index.php?rest_route=%2Fwp%2Fv2%2Fcomments&post=6907"}],"version-history":[{"count":2,"href":"https:\/\/casamanyaextrem.com\/index.php?rest_route=\/wp\/v2\/pages\/6907\/revisions"}],"predecessor-version":[{"id":6910,"href":"https:\/\/casamanyaextrem.com\/index.php?rest_route=\/wp\/v2\/pages\/6907\/revisions\/6910"}],"wp:attachment":[{"href":"https:\/\/casamanyaextrem.com\/index.php?rest_route=%2Fwp%2Fv2%2Fmedia&parent=6907"}],"curies":[{"name":"wp","href":"https:\/\/api.w.org\/{rel}","templated":true}]}}