{"id":7073,"date":"2025-01-12T22:17:58","date_gmt":"2025-01-12T21:17:58","guid":{"rendered":"https:\/\/casamanyaextrem.com\/?page_id=7073"},"modified":"2026-03-15T18:24:29","modified_gmt":"2026-03-15T17:24:29","slug":"casamanya-extrem-copa-andorra-4","status":"publish","type":"page","link":"https:\/\/casamanyaextrem.com\/?page_id=7073&lang=es","title":{"rendered":"Casamanya Extrem Copa Andorra"},"content":{"rendered":"\n\n\t<p><a href=\"https:\/\/fam.ad\" target=\"_blank\" rel=\"noopener\"><img loading=\"lazy\" decoding=\"async\" src=\"http:\/\/casamanyaextrem.com\/wp-content\/uploads\/2022\/03\/fam.png\" alt=\"FAM\" width=\"178\" height=\"178\" \/><\/a><\/p>\n<ul>\n<li>\n<h2><strong>Copa Andorra de Carreras de Monta\u00f1a<\/strong><\/h2>\n<\/li>\n<li>\n<h2><strong>Copa Andorra de Carreras Verticales<\/strong><\/h2>\n<\/li>\n<\/ul>\n<p>Nos complace formar parte nuevamente de las competiciones oficiales andorranas: Adem\u00e1s, la Casamanya Extrem ser\u00e1 tambi\u00e9n la sede de la <strong>entrega de premios de la Copa Andorra de Carreras de Monta\u00f1a 2025<\/strong> el pr\u00f3ximo 6 de junio a las 14:30. Ap\u00fantate al <a href=\"https:\/\/casamanyaextrem.com\/?page_id=4874&amp;lang=es\" target=\"_blank\" rel=\"noopener\">Almuerzo ABUNDI<\/a> y disfruta del evento.<\/p>\n\t\t\t<img decoding=\"async\" loading=\"false\" src=\"https:\/\/casamanyaextrem.com\/wp-content\/uploads\/2025\/01\/cimAniolFAM.jpg\" alt=\"\" \/>\t\t\t\n\t\t\t<img decoding=\"async\" loading=\"false\" src=\"https:\/\/casamanyaextrem.com\/wp-content\/uploads\/2025\/01\/20240608_Dinar.jpg\" alt=\"\" \/>\t\t\t\n\n","protected":false},"excerpt":{"rendered":"<p>Copa Andorra de Carreras de Monta\u00f1a Copa Andorra de Carreras Verticales Nos complace formar parte nuevamente de las competiciones oficiales andorranas: Adem\u00e1s, la Casamanya Extrem ser\u00e1 tambi\u00e9n la sede de la entrega de premios de la Copa Andorra de Carreras de Monta\u00f1a 2025 el pr\u00f3ximo 6 de junio a las 14:30. Ap\u00fantate al Almuerzo ABUNDI [&hellip;]<\/p>\n","protected":false},"author":1,"featured_media":0,"parent":0,"menu_order":0,"comment_status":"closed","ping_status":"closed","template":"","meta":{"site-sidebar-layout":"default","site-content-layout":"","ast-site-content-layout":"default","site-content-style":"default","site-sidebar-style":"default","ast-global-header-display":"","ast-banner-title-visibility":"","ast-main-header-display":"","ast-hfb-above-header-display":"","ast-hfb-below-header-display":"","ast-hfb-mobile-header-display":"","site-post-title":"","ast-breadcrumbs-content":"","ast-featured-img":"","footer-sml-layout":"","ast-disable-related-posts":"","theme-transparent-header-meta":"","adv-header-id-meta":"","stick-header-meta":"","header-above-stick-meta":"","header-main-stick-meta":"","header-below-stick-meta":"","astra-migrate-meta-layouts":"set","ast-page-background-enabled":"default","ast-page-background-meta":{"desktop":{"background-color":"","background-image":"","background-repeat":"repeat","background-position":"center center","background-size":"auto","background-attachment":"scroll","background-type":"","background-media":"","overlay-type":"","overlay-color":"","overlay-opacity":"","overlay-gradient":""},"tablet":{"background-color":"","background-image":"","background-repeat":"repeat","background-position":"center center","background-size":"auto","background-attachment":"scroll","background-type":"","background-media":"","overlay-type":"","overlay-color":"","overlay-opacity":"","overlay-gradient":""},"mobile":{"background-color":"","background-image":"","background-repeat":"repeat","background-position":"center center","background-size":"auto","background-attachment":"scroll","background-type":"","background-media":"","overlay-type":"","overlay-color":"","overlay-opacity":"","overlay-gradient":""}},"ast-content-background-meta":{"desktop":{"background-color":"var(--ast-global-color-5)","background-image":"","background-repeat":"repeat","background-position":"center center","background-size":"auto","background-attachment":"scroll","background-type":"","background-media":"","overlay-type":"","overlay-color":"","overlay-opacity":"","overlay-gradient":""},"tablet":{"background-color":"var(--ast-global-color-5)","background-image":"","background-repeat":"repeat","background-position":"center center","background-size":"auto","background-attachment":"scroll","background-type":"","background-media":"","overlay-type":"","overlay-color":"","overlay-opacity":"","overlay-gradient":""},"mobile":{"background-color":"var(--ast-global-color-5)","background-image":"","background-repeat":"repeat","background-position":"center center","background-size":"auto","background-attachment":"scroll","background-type":"","background-media":"","overlay-type":"","overlay-color":"","overlay-opacity":"","overlay-gradient":""}},"footnotes":""},"class_list":["post-7073","page","type-page","status-publish","hentry"],"lang":"es","translations":{"en":7078,"es":7073,"fr":7082,"ca":7088},"pll_sync_post":[],"_links":{"self":[{"href":"https:\/\/casamanyaextrem.com\/index.php?rest_route=\/wp\/v2\/pages\/7073","targetHints":{"allow":["GET"]}}],"collection":[{"href":"https:\/\/casamanyaextrem.com\/index.php?rest_route=\/wp\/v2\/pages"}],"about":[{"href":"https:\/\/casamanyaextrem.com\/index.php?rest_route=\/wp\/v2\/types\/page"}],"author":[{"embeddable":true,"href":"https:\/\/casamanyaextrem.com\/index.php?rest_route=\/wp\/v2\/users\/1"}],"replies":[{"embeddable":true,"href":"https:\/\/casamanyaextrem.com\/index.php?rest_route=%2Fwp%2Fv2%2Fcomments&post=7073"}],"version-history":[{"count":3,"href":"https:\/\/casamanyaextrem.com\/index.php?rest_route=\/wp\/v2\/pages\/7073\/revisions"}],"predecessor-version":[{"id":8131,"href":"https:\/\/casamanyaextrem.com\/index.php?rest_route=\/wp\/v2\/pages\/7073\/revisions\/8131"}],"wp:attachment":[{"href":"https:\/\/casamanyaextrem.com\/index.php?rest_route=%2Fwp%2Fv2%2Fmedia&parent=7073"}],"curies":[{"name":"wp","href":"https:\/\/api.w.org\/{rel}","templated":true}]}}