{"id":8160,"date":"2026-03-17T05:49:23","date_gmt":"2026-03-17T04:49:23","guid":{"rendered":"https:\/\/casamanyaextrem.com\/?page_id=8160"},"modified":"2026-03-28T20:37:21","modified_gmt":"2026-03-28T19:37:21","slug":"casamanya-teams-2","status":"publish","type":"page","link":"https:\/\/casamanyaextrem.com\/?page_id=8160&lang=es","title":{"rendered":"Casamanya TEAMS"},"content":{"rendered":"\n\n\t<p>La <strong>Casamanya TEAMS<\/strong> es una modalidad por equipos de 3 a 5 componentes. A continuaci\u00f3n se explican los detalles.<\/p>\n<p><strong>Recorrido:<\/strong> Exclusivamente para el <a href=\"https:\/\/casamanyaextrem.com\/?page_id=5987&amp;lang=es\" target=\"_blank\" rel=\"noopener\">Circuito CLASSIC<\/a>. Es necesario inscribir los equipos expl\u00edcitamente en el momento del registro de la participaci\u00f3n.<\/p>\n<p><strong>Cantidad de componentes:<\/strong> Equipos compuestos por 3, 4 o 5 personas<\/p>\n<p><strong>Categor\u00edas:<\/strong> Los equipos pueden estar formados por corredores de diferentes categor\u00edas de edad, entre todas las que pueden participar en la <a href=\"https:\/\/casamanyaextrem.com\/?page_id=2888&amp;lang=es\" target=\"_blank\" rel=\"noopener\">Casamanya CLASSIC<\/a> (u16, u18, o19)<\/p>\n<p><strong>G\u00e9nero:<\/strong> Los equipos pueden estar formados por participantes de ambos g\u00e9neros. Se aplicar\u00e1 <strong>una bonificaci\u00f3n del 16% sobre el tiempo individual obtenido de cada mujer.<\/strong><\/p>\n<p><strong>Clasificaci\u00f3n:<\/strong> El tiempo de un equipo se calcula sumando los <strong>3 mejores tiempos de cada equipo<\/strong>, despu\u00e9s de aplicar la bonificaci\u00f3n de g\u00e9nero explicada en el punto anterior.<\/p>\n<p><strong>Podios:<\/strong> <strong>Habr\u00e1 un \u00fanico premio al mejor equipo<\/strong>, independientemente de la cantidad y g\u00e9neros de sus componentes.<\/p>\n<p><strong>Restricciones:<\/strong><\/p>\n<ul>\n<li>Los competidores que forman parte de un equipo no participan en los podios individuales, aunque en caso de superar de forma individual el r\u00e9cord hist\u00f3rico del recorrido podr\u00edan optar a los <a href=\"https:\/\/casamanyaextrem.com\/?page_id=2900&amp;lang=es\" target=\"_blank\" rel=\"noopener\">Premios Caldea Casamanya Extrem<\/a>.<\/li>\n<li>La modalidad por equipos tiene unos precios muy reducidos, que <strong>no se pueden combinar con otras promociones y descuentos<\/strong>.<\/li>\n<\/ul>\n\n","protected":false},"excerpt":{"rendered":"<p>La Casamanya TEAMS es una modalidad por equipos de 3 a 5 componentes. A continuaci\u00f3n se explican los detalles. Recorrido: Exclusivamente para el Circuito CLASSIC. Es necesario inscribir los equipos expl\u00edcitamente en el momento del registro de la participaci\u00f3n. Cantidad de componentes: Equipos compuestos por 3, 4 o 5 personas Categor\u00edas: Los equipos pueden estar [&hellip;]<\/p>\n","protected":false},"author":1,"featured_media":0,"parent":0,"menu_order":0,"comment_status":"closed","ping_status":"closed","template":"","meta":{"site-sidebar-layout":"default","site-content-layout":"","ast-site-content-layout":"default","site-content-style":"default","site-sidebar-style":"default","ast-global-header-display":"","ast-banner-title-visibility":"","ast-main-header-display":"","ast-hfb-above-header-display":"","ast-hfb-below-header-display":"","ast-hfb-mobile-header-display":"","site-post-title":"","ast-breadcrumbs-content":"","ast-featured-img":"","footer-sml-layout":"","ast-disable-related-posts":"","theme-transparent-header-meta":"","adv-header-id-meta":"","stick-header-meta":"","header-above-stick-meta":"","header-main-stick-meta":"","header-below-stick-meta":"","astra-migrate-meta-layouts":"set","ast-page-background-enabled":"default","ast-page-background-meta":{"desktop":{"background-color":"","background-image":"","background-repeat":"repeat","background-position":"center center","background-size":"auto","background-attachment":"scroll","background-type":"","background-media":"","overlay-type":"","overlay-color":"","overlay-opacity":"","overlay-gradient":""},"tablet":{"background-color":"","background-image":"","background-repeat":"repeat","background-position":"center center","background-size":"auto","background-attachment":"scroll","background-type":"","background-media":"","overlay-type":"","overlay-color":"","overlay-opacity":"","overlay-gradient":""},"mobile":{"background-color":"","background-image":"","background-repeat":"repeat","background-position":"center center","background-size":"auto","background-attachment":"scroll","background-type":"","background-media":"","overlay-type":"","overlay-color":"","overlay-opacity":"","overlay-gradient":""}},"ast-content-background-meta":{"desktop":{"background-color":"var(--ast-global-color-5)","background-image":"","background-repeat":"repeat","background-position":"center center","background-size":"auto","background-attachment":"scroll","background-type":"","background-media":"","overlay-type":"","overlay-color":"","overlay-opacity":"","overlay-gradient":""},"tablet":{"background-color":"var(--ast-global-color-5)","background-image":"","background-repeat":"repeat","background-position":"center center","background-size":"auto","background-attachment":"scroll","background-type":"","background-media":"","overlay-type":"","overlay-color":"","overlay-opacity":"","overlay-gradient":""},"mobile":{"background-color":"var(--ast-global-color-5)","background-image":"","background-repeat":"repeat","background-position":"center center","background-size":"auto","background-attachment":"scroll","background-type":"","background-media":"","overlay-type":"","overlay-color":"","overlay-opacity":"","overlay-gradient":""}},"footnotes":""},"class_list":["post-8160","page","type-page","status-publish","hentry"],"lang":"es","translations":{"es":8160,"ca":8156,"en":8164,"fr":8168},"pll_sync_post":[],"_links":{"self":[{"href":"https:\/\/casamanyaextrem.com\/index.php?rest_route=\/wp\/v2\/pages\/8160","targetHints":{"allow":["GET"]}}],"collection":[{"href":"https:\/\/casamanyaextrem.com\/index.php?rest_route=\/wp\/v2\/pages"}],"about":[{"href":"https:\/\/casamanyaextrem.com\/index.php?rest_route=\/wp\/v2\/types\/page"}],"author":[{"embeddable":true,"href":"https:\/\/casamanyaextrem.com\/index.php?rest_route=\/wp\/v2\/users\/1"}],"replies":[{"embeddable":true,"href":"https:\/\/casamanyaextrem.com\/index.php?rest_route=%2Fwp%2Fv2%2Fcomments&post=8160"}],"version-history":[{"count":5,"href":"https:\/\/casamanyaextrem.com\/index.php?rest_route=\/wp\/v2\/pages\/8160\/revisions"}],"predecessor-version":[{"id":8250,"href":"https:\/\/casamanyaextrem.com\/index.php?rest_route=\/wp\/v2\/pages\/8160\/revisions\/8250"}],"wp:attachment":[{"href":"https:\/\/casamanyaextrem.com\/index.php?rest_route=%2Fwp%2Fv2%2Fmedia&parent=8160"}],"curies":[{"name":"wp","href":"https:\/\/api.w.org\/{rel}","templated":true}]}}