{"id":8323,"date":"2026-04-11T19:35:41","date_gmt":"2026-04-11T17:35:41","guid":{"rendered":"https:\/\/casamanyaextrem.com\/?page_id=8323"},"modified":"2026-04-11T19:35:41","modified_gmt":"2026-04-11T17:35:41","slug":"inscrits-casamanya-extrem-2026","status":"publish","type":"page","link":"https:\/\/casamanyaextrem.com\/?page_id=8323","title":{"rendered":"Inscrits Casamanya Extrem 2026"},"content":{"rendered":"\n\n\t<table dir=\"ltr\" border=\"1\" cellspacing=\"0\" cellpadding=\"0\" data-sheets-root=\"1\" data-sheets-baot=\"1\">\n<colgroup>\n<col width=\"69\" \/>\n<col width=\"154\" \/>\n<col width=\"109\" \/>\n<col width=\"73\" \/>\n<col width=\"52\" \/>\n<col width=\"103\" \/>\n<col width=\"97\" \/>\n<col width=\"252\" \/><\/colgroup>\n<tbody>\n<tr>\n<td><strong>Circuit<\/strong><\/td>\n<td><strong>Cognoms<\/strong><\/td>\n<td><strong>Nom<\/strong><\/td>\n<td><strong>G\u00e8nere<\/strong><\/td>\n<td><strong>Any<\/strong><\/td>\n<td><strong>Nacionalitat<\/strong><\/td>\n<td><strong>Resid\u00e8ncia<\/strong><\/td>\n<td><strong>Club<\/strong><\/td>\n<\/tr>\n<tr>\n<td>EXTREM<\/td>\n<td>ALEMANY<\/td>\n<td>Valentin<\/td>\n<td>Home<\/td>\n<td>1997<\/td>\n<td>France<\/td>\n<td>France<\/td>\n<td>AC CHENOVE<\/td>\n<\/tr>\n<tr>\n<td>EXTREM<\/td>\n<td>Alfaro P\u00e9rez<\/td>\n<td>Mar\u00eda Celeste<\/td>\n<td>Dona<\/td>\n<td>1981<\/td>\n<td>Spain<\/td>\n<td>Spain<\/td>\n<td>Marxa Aqu\u00e0tica del Baix Gai\u00e0<\/td>\n<\/tr>\n<tr>\n<td>EXTREM<\/td>\n<td>Al\u00eds Sanchez<\/td>\n<td>Jordi<\/td>\n<td>Home<\/td>\n<td>1998<\/td>\n<td>Spain<\/td>\n<td>Spain<\/td>\n<td>Cerdanya Skimo Team<\/td>\n<\/tr>\n<tr>\n<td>EXTREM<\/td>\n<td>Bek<\/td>\n<td>Liam<\/td>\n<td>Home<\/td>\n<td>1979<\/td>\n<td>UK<\/td>\n<td>Spain<\/td>\n<td>Bernia Xalo<\/td>\n<\/tr>\n<tr>\n<td>CLASSIC<\/td>\n<td>benjamin<\/td>\n<td>sebban<\/td>\n<td>Home<\/td>\n<td>1985<\/td>\n<td>Belgium<\/td>\n<td>Andorra<\/td>\n\n<\/tr>\n<tr>\n<td>EXTREM<\/td>\n<td>Bolet Aragon\u00e8s<\/td>\n<td>Jordi<\/td>\n<td>Home<\/td>\n<td>1993<\/td>\n<td>Spain<\/td>\n<td>Spain<\/td>\n<td>INVERSE- Mountain Moments<\/td>\n<\/tr>\n<tr>\n<td>EXTREM<\/td>\n<td>Cabrera Monta\u00f1a<\/td>\n<td>Guillem<\/td>\n<td>Home<\/td>\n<td>1984<\/td>\n<td>Spain<\/td>\n<td>Spain<\/td>\n<td>CPA<\/td>\n<\/tr>\n<tr>\n<td>EXTREM<\/td>\n<td>couturier<\/td>\n<td>ludovic<\/td>\n<td>Home<\/td>\n<td>1992<\/td>\n<td>France<\/td>\n<td>France<\/td>\n<td>FFCAM<\/td>\n<\/tr>\n<tr>\n<td>EXTREM<\/td>\n<td>Cyrielle<\/td>\n<td>Lambert<\/td>\n<td>Dona<\/td>\n<td>1984<\/td>\n<td>France<\/td>\n<td>France<\/td>\n<td>CA Cerdagne Puigmal<\/td>\n<\/tr>\n<tr>\n<td>CLASSIC<\/td>\n<td>Da Silva Rodrigues<\/td>\n<td>Jos\u00e9 Luis<\/td>\n<td>Home<\/td>\n<td>1992<\/td>\n<td>Andorra<\/td>\n<td>Andorra<\/td>\n\n<\/tr>\n<tr>\n<td>EXTREM<\/td>\n<td>De La Varga Ortiz<\/td>\n<td>Ferran<\/td>\n<td>Home<\/td>\n<td>1973<\/td>\n<td>Spain<\/td>\n<td>Spain<\/td>\n<td>Montseny Maasais<\/td>\n<\/tr>\n<tr>\n<td>EXTREM<\/td>\n<td>Dumas<\/td>\n<td>Louis<\/td>\n<td>Home<\/td>\n<td>2000<\/td>\n<td>France<\/td>\n<td>France<\/td>\n<td>Esclops d&#8217;Azun<\/td>\n<\/tr>\n<tr>\n<td>EXTREM<\/td>\n<td>Fargas<\/td>\n<td>Salvi<\/td>\n<td>Home<\/td>\n<td>1962<\/td>\n<td>Spain<\/td>\n<td>Spain<\/td>\n<td>Madteam<\/td>\n<\/tr>\n<tr>\n<td>EXTREM<\/td>\n<td>F\u00edguls Torrebadella<\/td>\n<td>Llu\u00eds<\/td>\n<td>Home<\/td>\n<td>1967<\/td>\n<td>Spain<\/td>\n<td>Spain<\/td>\n<td>EECVA<\/td>\n<\/tr>\n<tr>\n<td>EXTREM<\/td>\n<td>GARCIA SANG\u00dcESA<\/td>\n<td>DAMI\u00c0<\/td>\n<td>Home<\/td>\n<td>1967<\/td>\n<td>Spain<\/td>\n<td>Spain<\/td>\n<td>CLUB BTT MONTBIKE<\/td>\n<\/tr>\n<tr>\n<td>EXTREM<\/td>\n<td>George<\/td>\n<td>Woods<\/td>\n<td>Home<\/td>\n<td>1982<\/td>\n<td>New Zealand<\/td>\n<td>Andorra<\/td>\n\n<\/tr>\n<tr>\n<td>EXTREM<\/td>\n<td>Jim\u00e9nez Conesa<\/td>\n<td>Danie\u00f1<\/td>\n<td>Home<\/td>\n<td>1976<\/td>\n<td>Spain<\/td>\n<td>Spain<\/td>\n<td>UEC Anoia<\/td>\n<\/tr>\n<tr>\n<td>EXTREM<\/td>\n<td>Loomans Guardia<\/td>\n<td>Bernat<\/td>\n<td>Home<\/td>\n<td>1984<\/td>\n<td>Spain<\/td>\n<td>Spain<\/td>\n\n<\/tr>\n<tr>\n<td>EXTREM<\/td>\n<td>LOUSTAU<\/td>\n<td>Vincent<\/td>\n<td>Home<\/td>\n<td>1994<\/td>\n<td>France<\/td>\n<td>France<\/td>\n<td>TEAM VIBRAM<\/td>\n<\/tr>\n<tr>\n<td>EXTREM<\/td>\n<td>Mart\u00ed Cant\u00ed<\/td>\n<td>Carles<\/td>\n<td>Home<\/td>\n<td>1976<\/td>\n<td>Spain<\/td>\n<td>Spain<\/td>\n<td>CE Montblanc<\/td>\n<\/tr>\n<tr>\n<td>EXTREM<\/td>\n<td>Masachs Basas<\/td>\n<td>Marc<\/td>\n<td>Home<\/td>\n<td>1988<\/td>\n<td>Spain<\/td>\n<td>Andorra<\/td>\n<td>CPA<\/td>\n<\/tr>\n<tr>\n<td>EXTREM<\/td>\n<td>Moli Gonzalez<\/td>\n<td>Marc<\/td>\n<td>Home<\/td>\n<td>2000<\/td>\n<td>Andorra<\/td>\n<td>Andorra<\/td>\n<td>CPA<\/td>\n<\/tr>\n<tr>\n<td>CLASSIC<\/td>\n<td>Moya Yelo<\/td>\n<td>\u00c1ngel<\/td>\n<td>Home<\/td>\n<td>1989<\/td>\n<td>Spain<\/td>\n<td>Spain<\/td>\n\n<\/tr>\n<tr>\n<td>CLASSIC<\/td>\n<td>Muntada Gimeno<\/td>\n<td>N\u00faria<\/td>\n<td>Dona<\/td>\n<td>2011<\/td>\n<td>Spain<\/td>\n<td>Spain<\/td>\n<td>CE Castellar del Vall\u00e8s<\/td>\n<\/tr>\n<tr>\n<td>EXTREM<\/td>\n<td>Nieto Zamora<\/td>\n<td>Rosa Maria<\/td>\n<td>Dona<\/td>\n<td>1992<\/td>\n<td>Spain<\/td>\n<td>Spain<\/td>\n<td>UEC Anoia<\/td>\n<\/tr>\n<tr>\n<td>EXTREM<\/td>\n<td>Nu\u00f1ez Martinez<\/td>\n<td>Hector<\/td>\n<td>Home<\/td>\n<td>1981<\/td>\n<td>Spain<\/td>\n<td>Spain<\/td>\n<td>UE Sant Joan de les Abadesses<\/td>\n<\/tr>\n<tr>\n<td>EXTREM<\/td>\n<td>P\u00e9rez Cruz<\/td>\n<td>\u00c1lvaro<\/td>\n<td>Home<\/td>\n<td>1992<\/td>\n<td>Andorra<\/td>\n<td>Andorra<\/td>\n<td>Zenit<\/td>\n<\/tr>\n<tr>\n<td>EXTREM<\/td>\n<td>Puyals<\/td>\n<td>Lidia<\/td>\n<td>Dona<\/td>\n<td>1993<\/td>\n<td>Spain<\/td>\n<td>Spain<\/td>\n<td>OTSO TEAM<\/td>\n<\/tr>\n<tr>\n<td>EXTREM<\/td>\n<td>Ram\u00edrez Abella<\/td>\n<td>Xavi<\/td>\n<td>Home<\/td>\n<td>1978<\/td>\n<td>Andorra<\/td>\n<td>Andorra<\/td>\n<td>Sanloria<\/td>\n<\/tr>\n<tr>\n<td>MINI<\/td>\n<td>Ramirez Caminal<\/td>\n<td>Sergi<\/td>\n<td>Home<\/td>\n<td>2014<\/td>\n<td>Andorra<\/td>\n<td>Andorra<\/td>\n<td>CAVA<\/td>\n<\/tr>\n<tr>\n<td>CLASSIC<\/td>\n<td>Ramirez Caminal<\/td>\n<td>X\u00e8nia<\/td>\n<td>Dona<\/td>\n<td>2011<\/td>\n<td>Andorra<\/td>\n<td>Andorra<\/td>\n<td>Sanloria<\/td>\n<\/tr>\n<tr>\n<td>EXTREM<\/td>\n<td>Rivero Mui\u00f1os<\/td>\n<td>Mar\u00eda Soledad<\/td>\n<td>Dona<\/td>\n<td>1985<\/td>\n<td>Argentina<\/td>\n<td>Andorra<\/td>\n<td>Sanloria<\/td>\n<\/tr>\n<tr>\n<td>EXTREM<\/td>\n<td>Roca Blanch<\/td>\n<td>Meritxell<\/td>\n<td>Dona<\/td>\n<td>1986<\/td>\n<td>Spain<\/td>\n<td>Spain<\/td>\n<td>Local Legends Alta Segarra<\/td>\n<\/tr>\n<tr>\n<td>CLASSIC<\/td>\n<td>ROCA PAUT\u00c0S<\/td>\n<td>AINA<\/td>\n<td>Dona<\/td>\n<td>2009<\/td>\n<td>Spain<\/td>\n<td>Spain<\/td>\n<td>AE Mountain Runners Bergueda \/ Dynafit<\/td>\n<\/tr>\n<tr>\n<td>EXTREM<\/td>\n<td>Rodrigo Herrero<\/td>\n<td>Javier<\/td>\n<td>Home<\/td>\n<td>1978<\/td>\n<td>Spain<\/td>\n<td>Spain<\/td>\n<td>Rakija-226ERS<\/td>\n<\/tr>\n<tr>\n<td>EXTREM<\/td>\n<td>Rosas fuentes<\/td>\n<td>Xavi<\/td>\n<td>Home<\/td>\n<td>1978<\/td>\n<td>Spain<\/td>\n<td>Spain<\/td>\n<td>Lokos Rebels<\/td>\n<\/tr>\n<tr>\n<td>EXTREM<\/td>\n<td>S\u00e1nchez Esteve<\/td>\n<td>Marc<\/td>\n<td>Home<\/td>\n<td>2003<\/td>\n<td>Spain<\/td>\n<td>Spain<\/td>\n<td>Blue Motors GEO<\/td>\n<\/tr>\n<tr>\n<td>CLASSIC<\/td>\n<td>S\u00e1nchez Florido<\/td>\n<td>Andr\u00e9s<\/td>\n<td>Home<\/td>\n<td>1984<\/td>\n<td>Spain<\/td>\n<td>Spain<\/td>\n\n<\/tr>\n<tr>\n<td>EXTREM<\/td>\n<td>Sill\u00e9<\/td>\n<td>Fabienne<\/td>\n<td>Dona<\/td>\n<td>1967<\/td>\n<td>Andorra<\/td>\n<td>Andorra<\/td>\n<td>CPA<\/td>\n<\/tr>\n<tr>\n<td>EXTREM<\/td>\n<td>SOLER TORRADAS<\/td>\n<td>JORDI<\/td>\n<td>Home<\/td>\n<td>1974<\/td>\n<td>Spain<\/td>\n<td>Spain<\/td>\n<td>CE LLOREN\u00c7A<\/td>\n<\/tr>\n<tr>\n<td>EXTREM<\/td>\n<td>VENTURA PASTOR<\/td>\n<td>SALVADOR<\/td>\n<td>Home<\/td>\n<td>1964<\/td>\n<td>Spain<\/td>\n<td>Spain<\/td>\n<td>AAEET<\/td>\n<\/tr>\n<tr>\n<td>MINI<\/td>\n<td>Villanueva Baudin<\/td>\n<td>Nil<\/td>\n<td>Home<\/td>\n<td>2017<\/td>\n<td>Andorra<\/td>\n<td>Andorra<\/td>\n<td>CAVA<\/td>\n<\/tr>\n<tr>\n<td>EXTREM<\/td>\n<td>Zagorac<\/td>\n<td>Sladjana<\/td>\n<td>Dona<\/td>\n<td>1986<\/td>\n<td>Serbia<\/td>\n<td>Spain<\/td>\n\n<\/tr>\n<tr>\n<td>EXTREM<\/td>\n<td>Zbigniew<\/td>\n<td>Podwika<\/td>\n<td>Home<\/td>\n<td>1975<\/td>\n<td>Spain<\/td>\n<td>Spain<\/td>\n<td>Olesa Trail Runners<\/td>\n<\/tr>\n<\/tbody>\n<\/table>\n\n","protected":false},"excerpt":{"rendered":"<p>Circuit Cognoms Nom G\u00e8nere Any Nacionalitat Resid\u00e8ncia Club EXTREM ALEMANY Valentin Home 1997 France France AC CHENOVE EXTREM Alfaro P\u00e9rez Mar\u00eda Celeste Dona 1981 Spain Spain Marxa Aqu\u00e0tica del Baix Gai\u00e0 EXTREM Al\u00eds Sanchez Jordi Home 1998 Spain Spain Cerdanya Skimo Team EXTREM Bek Liam Home 1979 UK Spain Bernia Xalo CLASSIC benjamin sebban Home [&hellip;]<\/p>\n","protected":false},"author":1,"featured_media":0,"parent":0,"menu_order":0,"comment_status":"closed","ping_status":"closed","template":"","meta":{"site-sidebar-layout":"default","site-content-layout":"","ast-site-content-layout":"default","site-content-style":"default","site-sidebar-style":"default","ast-global-header-display":"","ast-banner-title-visibility":"","ast-main-header-display":"","ast-hfb-above-header-display":"","ast-hfb-below-header-display":"","ast-hfb-mobile-header-display":"","site-post-title":"","ast-breadcrumbs-content":"","ast-featured-img":"","footer-sml-layout":"","ast-disable-related-posts":"","theme-transparent-header-meta":"","adv-header-id-meta":"","stick-header-meta":"","header-above-stick-meta":"","header-main-stick-meta":"","header-below-stick-meta":"","astra-migrate-meta-layouts":"set","ast-page-background-enabled":"default","ast-page-background-meta":{"desktop":{"background-color":"","background-image":"","background-repeat":"repeat","background-position":"center center","background-size":"auto","background-attachment":"scroll","background-type":"","background-media":"","overlay-type":"","overlay-color":"","overlay-opacity":"","overlay-gradient":""},"tablet":{"background-color":"","background-image":"","background-repeat":"repeat","background-position":"center center","background-size":"auto","background-attachment":"scroll","background-type":"","background-media":"","overlay-type":"","overlay-color":"","overlay-opacity":"","overlay-gradient":""},"mobile":{"background-color":"","background-image":"","background-repeat":"repeat","background-position":"center center","background-size":"auto","background-attachment":"scroll","background-type":"","background-media":"","overlay-type":"","overlay-color":"","overlay-opacity":"","overlay-gradient":""}},"ast-content-background-meta":{"desktop":{"background-color":"var(--ast-global-color-5)","background-image":"","background-repeat":"repeat","background-position":"center center","background-size":"auto","background-attachment":"scroll","background-type":"","background-media":"","overlay-type":"","overlay-color":"","overlay-opacity":"","overlay-gradient":""},"tablet":{"background-color":"var(--ast-global-color-5)","background-image":"","background-repeat":"repeat","background-position":"center center","background-size":"auto","background-attachment":"scroll","background-type":"","background-media":"","overlay-type":"","overlay-color":"","overlay-opacity":"","overlay-gradient":""},"mobile":{"background-color":"var(--ast-global-color-5)","background-image":"","background-repeat":"repeat","background-position":"center center","background-size":"auto","background-attachment":"scroll","background-type":"","background-media":"","overlay-type":"","overlay-color":"","overlay-opacity":"","overlay-gradient":""}},"footnotes":""},"class_list":["post-8323","page","type-page","status-publish","hentry"],"lang":"ca","translations":{"es":8329,"ca":8323,"en":8331,"fr":8333},"pll_sync_post":[],"_links":{"self":[{"href":"https:\/\/casamanyaextrem.com\/index.php?rest_route=\/wp\/v2\/pages\/8323","targetHints":{"allow":["GET"]}}],"collection":[{"href":"https:\/\/casamanyaextrem.com\/index.php?rest_route=\/wp\/v2\/pages"}],"about":[{"href":"https:\/\/casamanyaextrem.com\/index.php?rest_route=\/wp\/v2\/types\/page"}],"author":[{"embeddable":true,"href":"https:\/\/casamanyaextrem.com\/index.php?rest_route=\/wp\/v2\/users\/1"}],"replies":[{"embeddable":true,"href":"https:\/\/casamanyaextrem.com\/index.php?rest_route=%2Fwp%2Fv2%2Fcomments&post=8323"}],"version-history":[{"count":2,"href":"https:\/\/casamanyaextrem.com\/index.php?rest_route=\/wp\/v2\/pages\/8323\/revisions"}],"predecessor-version":[{"id":8326,"href":"https:\/\/casamanyaextrem.com\/index.php?rest_route=\/wp\/v2\/pages\/8323\/revisions\/8326"}],"wp:attachment":[{"href":"https:\/\/casamanyaextrem.com\/index.php?rest_route=%2Fwp%2Fv2%2Fmedia&parent=8323"}],"curies":[{"name":"wp","href":"https:\/\/api.w.org\/{rel}","templated":true}]}}