{"id":8351,"date":"2026-04-12T13:34:38","date_gmt":"2026-04-12T11:34:38","guid":{"rendered":"https:\/\/casamanyaextrem.com\/?page_id=8351"},"modified":"2026-04-12T13:34:38","modified_gmt":"2026-04-12T11:34:38","slug":"casamanya-clubs","status":"publish","type":"page","link":"https:\/\/casamanyaextrem.com\/?page_id=8351","title":{"rendered":"Casamanya CLUBS"},"content":{"rendered":"\n\n\t<p>Quan corres la <a href=\"https:\/\/casamanyaextrem.com\">Casamanya Extrem Vertical Race<\/a>, no competeixes \u00fanicament per a tu, tamb\u00e9 ho fas per al teu club. La teva posici\u00f3 d\u00f3na els punts necessaris al teu club per aconseguir el <strong>trofeu Casamanya CLUBS<\/strong>.<\/p>\n<p>\u00c9s molt important <a href=\"https:\/\/casamanyaextrem.com\/?page_id=8323\" target=\"_blank\" rel=\"noopener\">revisar el llistat d&#8217;inscrits<\/a> per comprovar que el nom del teu club est\u00e0 introdu\u00eft correctament, i que ens contactis pr\u00e8viament a la prova per corregir qualsevol anomalia. <strong>Despr\u00e9s de la prova no s&#8217;admetran canvis en les dades introdu\u00efdes.<\/strong><\/p>\n<p><strong>Reglament del trofeu Casamanya CLUBS:<\/strong><\/p>\n<ul>\n<li><b>Abast:<\/b> TOTS els circuits oficials de la prova, per a tots els corredors membres d&#8217;un club enregistrat en una federaci\u00f3 que informin llic\u00e8ncia, club i federaci\u00f3 al formulari d&#8217;enregistrament.<\/li>\n<li><b>Quantitat de Components:<\/b> No hi ha l\u00edmit per a la quantitat de participants d&#8217;un club.<\/li>\n<li><b>Categories:<\/b> TOTES les categories oficials de l&#8217;esdeveniment: u10, u12, u14, u16, u18, o19 dels dos g\u00e8neres<\/li>\n<li><b>G\u00e8nere: <\/b>El g\u00e8nere constitueix una categoria espec\u00edfica dins cada franja d&#8217;edat, i per tant no \u00e9s necessari fer cap distinci\u00f3 per g\u00e8nere per aplicar la classificaci\u00f3 explicada a continuaci\u00f3.<\/li>\n<li><b>Classificaci\u00f3:<\/b> Dins de cada categor\u00eda d&#8217;edat i g\u00e8nere, s&#8217;assignen punts segons la classificaci\u00f3 individual obtinguda en les 8 primeres posicions:\n<ul>\n<li aria-level=\"1\">1er classificat: 15 punts<\/li>\n<li aria-level=\"1\">2on classificat: 10 punts<\/li>\n<li aria-level=\"1\">3er classificat: 7 punts<\/li>\n<li aria-level=\"1\">4rt classificat: 5 punts<\/li>\n<li aria-level=\"1\">5\u00e8 classificat: 4 punts<\/li>\n<li aria-level=\"1\">6\u00e8 classificat: 3 punts<\/li>\n<li aria-level=\"1\">7\u00e8 classificat: 2 punts<\/li>\n<li aria-level=\"1\">8\u00e8 classificat: 1 punts<\/li>\n<li aria-level=\"1\">A partir del 9\u00e8 classificat no puntua<\/li>\n<\/ul>\n<\/li>\n<\/ul>\n<p>Els clubs obtindran la puntuaci\u00f3 corresponent a la suma dels punts obtinguts individualment pels seus corredors en cadascuna de les categories d&#8217;edat i g\u00e8nere corresponents.<\/p>\n<p>En cas d&#8217;empat s&#8217;utilitzar\u00e0 la puntuaci\u00f3 dels primers classificats de cada club, si l&#8217;empat persisteix la dels segons, la dels tercers, i aix\u00ed successivament.<\/p>\n<ul>\n<li><b>Podis: <\/b>Es donar\u00e0 <strong>un sol premi al millor club<\/strong>, tot i que es publicar\u00e0 el ranking complet de clubs participants.<\/li>\n<\/ul>\n\n","protected":false},"excerpt":{"rendered":"<p>Quan corres la Casamanya Extrem Vertical Race, no competeixes \u00fanicament per a tu, tamb\u00e9 ho fas per al teu club. La teva posici\u00f3 d\u00f3na els punts necessaris al teu club per aconseguir el trofeu Casamanya CLUBS. \u00c9s molt important revisar el llistat d&#8217;inscrits per comprovar que el nom del teu club est\u00e0 introdu\u00eft correctament, i [&hellip;]<\/p>\n","protected":false},"author":1,"featured_media":0,"parent":0,"menu_order":0,"comment_status":"closed","ping_status":"closed","template":"","meta":{"site-sidebar-layout":"default","site-content-layout":"","ast-site-content-layout":"default","site-content-style":"default","site-sidebar-style":"default","ast-global-header-display":"","ast-banner-title-visibility":"","ast-main-header-display":"","ast-hfb-above-header-display":"","ast-hfb-below-header-display":"","ast-hfb-mobile-header-display":"","site-post-title":"","ast-breadcrumbs-content":"","ast-featured-img":"","footer-sml-layout":"","ast-disable-related-posts":"","theme-transparent-header-meta":"","adv-header-id-meta":"","stick-header-meta":"","header-above-stick-meta":"","header-main-stick-meta":"","header-below-stick-meta":"","astra-migrate-meta-layouts":"set","ast-page-background-enabled":"default","ast-page-background-meta":{"desktop":{"background-color":"","background-image":"","background-repeat":"repeat","background-position":"center center","background-size":"auto","background-attachment":"scroll","background-type":"","background-media":"","overlay-type":"","overlay-color":"","overlay-opacity":"","overlay-gradient":""},"tablet":{"background-color":"","background-image":"","background-repeat":"repeat","background-position":"center center","background-size":"auto","background-attachment":"scroll","background-type":"","background-media":"","overlay-type":"","overlay-color":"","overlay-opacity":"","overlay-gradient":""},"mobile":{"background-color":"","background-image":"","background-repeat":"repeat","background-position":"center center","background-size":"auto","background-attachment":"scroll","background-type":"","background-media":"","overlay-type":"","overlay-color":"","overlay-opacity":"","overlay-gradient":""}},"ast-content-background-meta":{"desktop":{"background-color":"var(--ast-global-color-5)","background-image":"","background-repeat":"repeat","background-position":"center center","background-size":"auto","background-attachment":"scroll","background-type":"","background-media":"","overlay-type":"","overlay-color":"","overlay-opacity":"","overlay-gradient":""},"tablet":{"background-color":"var(--ast-global-color-5)","background-image":"","background-repeat":"repeat","background-position":"center center","background-size":"auto","background-attachment":"scroll","background-type":"","background-media":"","overlay-type":"","overlay-color":"","overlay-opacity":"","overlay-gradient":""},"mobile":{"background-color":"var(--ast-global-color-5)","background-image":"","background-repeat":"repeat","background-position":"center center","background-size":"auto","background-attachment":"scroll","background-type":"","background-media":"","overlay-type":"","overlay-color":"","overlay-opacity":"","overlay-gradient":""}},"footnotes":""},"class_list":["post-8351","page","type-page","status-publish","hentry"],"lang":"ca","translations":{"es":8355,"ca":8351,"en":8359,"fr":8363},"pll_sync_post":[],"_links":{"self":[{"href":"https:\/\/casamanyaextrem.com\/index.php?rest_route=\/wp\/v2\/pages\/8351","targetHints":{"allow":["GET"]}}],"collection":[{"href":"https:\/\/casamanyaextrem.com\/index.php?rest_route=\/wp\/v2\/pages"}],"about":[{"href":"https:\/\/casamanyaextrem.com\/index.php?rest_route=\/wp\/v2\/types\/page"}],"author":[{"embeddable":true,"href":"https:\/\/casamanyaextrem.com\/index.php?rest_route=\/wp\/v2\/users\/1"}],"replies":[{"embeddable":true,"href":"https:\/\/casamanyaextrem.com\/index.php?rest_route=%2Fwp%2Fv2%2Fcomments&post=8351"}],"version-history":[{"count":2,"href":"https:\/\/casamanyaextrem.com\/index.php?rest_route=\/wp\/v2\/pages\/8351\/revisions"}],"predecessor-version":[{"id":8354,"href":"https:\/\/casamanyaextrem.com\/index.php?rest_route=\/wp\/v2\/pages\/8351\/revisions\/8354"}],"wp:attachment":[{"href":"https:\/\/casamanyaextrem.com\/index.php?rest_route=%2Fwp%2Fv2%2Fmedia&parent=8351"}],"curies":[{"name":"wp","href":"https:\/\/api.w.org\/{rel}","templated":true}]}}