{"id":8355,"date":"2026-04-12T13:39:43","date_gmt":"2026-04-12T11:39:43","guid":{"rendered":"https:\/\/casamanyaextrem.com\/?page_id=8355"},"modified":"2026-04-12T13:39:43","modified_gmt":"2026-04-12T11:39:43","slug":"casamanya-clubs-2","status":"publish","type":"page","link":"https:\/\/casamanyaextrem.com\/?page_id=8355&lang=es","title":{"rendered":"Casamanya CLUBS"},"content":{"rendered":"\n\n\t<p>Cuando corres la <a href=\"https:\/\/casamanyaextrem.com\">Casamanya Extrem Vertical Race<\/a>, no compites \u00fanicamente para ti, tambi\u00e9n lo haces por tu club. Tu posici\u00f3n aporta los puntos necesarios a tu club para conseguir el <strong>trofeo Casamanya CLUBS<\/strong>.<\/p>\n<p>Es muy importante <a href=\"https:\/\/casamanyaextrem.com\/?page_id=8329&amp;lang=es\" target=\"_blank\" rel=\"noopener\">revisar el listado de inscritos<\/a> para comprobar que el nombre de tu club est\u00e1 introducido correctamente, y que nos contactes previamente a la prueba para corregir cualquier anomal\u00eda. <strong>Despu\u00e9s de la prueba no se admitir\u00e1n cambios en los datos introducidos.<\/strong><\/p>\n<p><strong>Reglamento del trofeo Casamanya CLUBS:<\/strong><\/p>\n<ul>\n<li><b>Alcance:<\/b> TODOS los circuitos oficiales de la prueba, para todos los corredores miembros de un club registrado en una federaci\u00f3n que indiquen licencia, club y federaci\u00f3n en el formulario de inscripci\u00f3n.<\/li>\n<li><b>Cantidad de componentes:<\/b> No hay l\u00edmite en el n\u00famero de participantes de un club.<\/li>\n<li><b>Categor\u00edas:<\/b> TODAS las categor\u00edas oficiales del evento: u10, u12, u14, u16, u18, o19 de ambos g\u00e9neros<\/li>\n<li><b>G\u00e9nero: <\/b>El g\u00e9nero constituye una categor\u00eda espec\u00edfica dentro de cada franja de edad, por lo que no es necesario hacer distinci\u00f3n adicional por g\u00e9nero para aplicar la clasificaci\u00f3n descrita a continuaci\u00f3n.<\/li>\n<li><b>Clasificaci\u00f3n:<\/b> Dentro de cada categor\u00eda de edad y g\u00e9nero, se asignan puntos seg\u00fan la clasificaci\u00f3n individual obtenida en las 8 primeras posiciones:\n<ul>\n<li aria-level=\"1\">1er clasificado: 15 puntos<\/li>\n<li aria-level=\"1\">2\u00ba clasificado: 10 puntos<\/li>\n<li aria-level=\"1\">3er clasificado: 7 puntos<\/li>\n<li aria-level=\"1\">4\u00ba clasificado: 5 puntos<\/li>\n<li aria-level=\"1\">5\u00ba clasificado: 4 puntos<\/li>\n<li aria-level=\"1\">6\u00ba clasificado: 3 puntos<\/li>\n<li aria-level=\"1\">7\u00ba clasificado: 2 puntos<\/li>\n<li aria-level=\"1\">8\u00ba clasificado: 1 punto<\/li>\n<li aria-level=\"1\">A partir del 9\u00ba clasificado no punt\u00faa<\/li>\n<\/ul>\n<\/li>\n<\/ul>\n<p>Los clubes obtendr\u00e1n la puntuaci\u00f3n correspondiente a la suma de los puntos obtenidos individualmente por sus corredores en cada una de las categor\u00edas de edad y g\u00e9nero correspondientes.<\/p>\n<p>En caso de empate se utilizar\u00e1 la puntuaci\u00f3n de los primeros clasificados de cada club; si el empate persiste, la de los segundos, la de los terceros, y as\u00ed sucesivamente.<\/p>\n<ul>\n<li><b>Podios: <\/b>Se otorgar\u00e1 <strong>un \u00fanico premio al mejor club<\/strong>, aunque se publicar\u00e1 el ranking completo de clubes participantes.<\/li>\n<\/ul>\n\n","protected":false},"excerpt":{"rendered":"<p>Cuando corres la Casamanya Extrem Vertical Race, no compites \u00fanicamente para ti, tambi\u00e9n lo haces por tu club. Tu posici\u00f3n aporta los puntos necesarios a tu club para conseguir el trofeo Casamanya CLUBS. Es muy importante revisar el listado de inscritos para comprobar que el nombre de tu club est\u00e1 introducido correctamente, y que nos [&hellip;]<\/p>\n","protected":false},"author":1,"featured_media":0,"parent":0,"menu_order":0,"comment_status":"closed","ping_status":"closed","template":"","meta":{"site-sidebar-layout":"default","site-content-layout":"","ast-site-content-layout":"default","site-content-style":"default","site-sidebar-style":"default","ast-global-header-display":"","ast-banner-title-visibility":"","ast-main-header-display":"","ast-hfb-above-header-display":"","ast-hfb-below-header-display":"","ast-hfb-mobile-header-display":"","site-post-title":"","ast-breadcrumbs-content":"","ast-featured-img":"","footer-sml-layout":"","ast-disable-related-posts":"","theme-transparent-header-meta":"","adv-header-id-meta":"","stick-header-meta":"","header-above-stick-meta":"","header-main-stick-meta":"","header-below-stick-meta":"","astra-migrate-meta-layouts":"set","ast-page-background-enabled":"default","ast-page-background-meta":{"desktop":{"background-color":"","background-image":"","background-repeat":"repeat","background-position":"center center","background-size":"auto","background-attachment":"scroll","background-type":"","background-media":"","overlay-type":"","overlay-color":"","overlay-opacity":"","overlay-gradient":""},"tablet":{"background-color":"","background-image":"","background-repeat":"repeat","background-position":"center center","background-size":"auto","background-attachment":"scroll","background-type":"","background-media":"","overlay-type":"","overlay-color":"","overlay-opacity":"","overlay-gradient":""},"mobile":{"background-color":"","background-image":"","background-repeat":"repeat","background-position":"center center","background-size":"auto","background-attachment":"scroll","background-type":"","background-media":"","overlay-type":"","overlay-color":"","overlay-opacity":"","overlay-gradient":""}},"ast-content-background-meta":{"desktop":{"background-color":"var(--ast-global-color-5)","background-image":"","background-repeat":"repeat","background-position":"center center","background-size":"auto","background-attachment":"scroll","background-type":"","background-media":"","overlay-type":"","overlay-color":"","overlay-opacity":"","overlay-gradient":""},"tablet":{"background-color":"var(--ast-global-color-5)","background-image":"","background-repeat":"repeat","background-position":"center center","background-size":"auto","background-attachment":"scroll","background-type":"","background-media":"","overlay-type":"","overlay-color":"","overlay-opacity":"","overlay-gradient":""},"mobile":{"background-color":"var(--ast-global-color-5)","background-image":"","background-repeat":"repeat","background-position":"center center","background-size":"auto","background-attachment":"scroll","background-type":"","background-media":"","overlay-type":"","overlay-color":"","overlay-opacity":"","overlay-gradient":""}},"footnotes":""},"class_list":["post-8355","page","type-page","status-publish","hentry"],"lang":"es","translations":{"es":8355,"ca":8351,"en":8359,"fr":8363},"pll_sync_post":[],"_links":{"self":[{"href":"https:\/\/casamanyaextrem.com\/index.php?rest_route=\/wp\/v2\/pages\/8355","targetHints":{"allow":["GET"]}}],"collection":[{"href":"https:\/\/casamanyaextrem.com\/index.php?rest_route=\/wp\/v2\/pages"}],"about":[{"href":"https:\/\/casamanyaextrem.com\/index.php?rest_route=\/wp\/v2\/types\/page"}],"author":[{"embeddable":true,"href":"https:\/\/casamanyaextrem.com\/index.php?rest_route=\/wp\/v2\/users\/1"}],"replies":[{"embeddable":true,"href":"https:\/\/casamanyaextrem.com\/index.php?rest_route=%2Fwp%2Fv2%2Fcomments&post=8355"}],"version-history":[{"count":2,"href":"https:\/\/casamanyaextrem.com\/index.php?rest_route=\/wp\/v2\/pages\/8355\/revisions"}],"predecessor-version":[{"id":8358,"href":"https:\/\/casamanyaextrem.com\/index.php?rest_route=\/wp\/v2\/pages\/8355\/revisions\/8358"}],"wp:attachment":[{"href":"https:\/\/casamanyaextrem.com\/index.php?rest_route=%2Fwp%2Fv2%2Fmedia&parent=8355"}],"curies":[{"name":"wp","href":"https:\/\/api.w.org\/{rel}","templated":true}]}}