{"id":8363,"date":"2026-04-12T13:44:41","date_gmt":"2026-04-12T11:44:41","guid":{"rendered":"https:\/\/casamanyaextrem.com\/?page_id=8363"},"modified":"2026-04-12T13:44:41","modified_gmt":"2026-04-12T11:44:41","slug":"casamanya-clubs-4","status":"publish","type":"page","link":"https:\/\/casamanyaextrem.com\/?page_id=8363&lang=fr","title":{"rendered":"Casamanya CLUBS"},"content":{"rendered":"\n\n\t<p>Lorsque vous participez \u00e0 la <a href=\"https:\/\/casamanyaextrem.com\">Casamanya Extrem Vertical Race<\/a>, vous ne courez pas uniquement pour vous, mais aussi pour votre club. Votre position apporte les points n\u00e9cessaires \u00e0 votre club pour obtenir le <strong>troph\u00e9e Casamanya CLUBS<\/strong>.<\/p>\n<p>Il est tr\u00e8s important de <a href=\"https:\/\/casamanyaextrem.com\/?page_id=8333&amp;lang=fr\" target=\"_blank\" rel=\"noopener\">v\u00e9rifier la liste des inscrits<\/a> afin de s&#8217;assurer que le nom de votre club est correctement renseign\u00e9, et de nous contacter avant l&#8217;\u00e9preuve pour corriger toute anomalie. <strong>Aucune modification des donn\u00e9es ne sera accept\u00e9e apr\u00e8s la course.<\/strong><\/p>\n<p><strong>R\u00e8glement du troph\u00e9e Casamanya CLUBS :<\/strong><\/p>\n<ul>\n<li><b>Port\u00e9e :<\/b> TOUS les circuits officiels de l&#8217;\u00e9preuve, pour tous les coureurs membres d&#8217;un club enregistr\u00e9 dans une f\u00e9d\u00e9ration et ayant indiqu\u00e9 licence, club et f\u00e9d\u00e9ration dans le formulaire d&#8217;inscription.<\/li>\n<li><b>Nombre de membres :<\/b> Il n&#8217;y a pas de limite au nombre de participants par club.<\/li>\n<li><b>Cat\u00e9gories :<\/b> TOUTES les cat\u00e9gories officielles de l&#8217;\u00e9v\u00e9nement : u10, u12, u14, u16, u18, o19 des deux genres<\/li>\n<li><b>Genre : <\/b>Le genre constitue une cat\u00e9gorie sp\u00e9cifique dans chaque tranche d&#8217;\u00e2ge, il n&#8217;est donc pas n\u00e9cessaire de faire une distinction suppl\u00e9mentaire pour appliquer le classement d\u00e9crit ci-dessous.<\/li>\n<li><b>Classement :<\/b> Dans chaque cat\u00e9gorie d&#8217;\u00e2ge et de genre, des points sont attribu\u00e9s selon le classement individuel obtenu dans les 8 premi\u00e8res positions :\n<ul>\n<li aria-level=\"1\">1er class\u00e9 : 15 points<\/li>\n<li aria-level=\"1\">2e class\u00e9 : 10 points<\/li>\n<li aria-level=\"1\">3e class\u00e9 : 7 points<\/li>\n<li aria-level=\"1\">4e class\u00e9 : 5 points<\/li>\n<li aria-level=\"1\">5e class\u00e9 : 4 points<\/li>\n<li aria-level=\"1\">6e class\u00e9 : 3 points<\/li>\n<li aria-level=\"1\">7e class\u00e9 : 2 points<\/li>\n<li aria-level=\"1\">8e class\u00e9 : 1 point<\/li>\n<li aria-level=\"1\">\u00c0 partir du 9e class\u00e9 aucun point n&#8217;est attribu\u00e9<\/li>\n<\/ul>\n<\/li>\n<\/ul>\n<p>Les clubs obtiennent un score correspondant \u00e0 la somme des points obtenus individuellement par leurs coureurs dans chaque cat\u00e9gorie d&#8217;\u00e2ge et de genre.<\/p>\n<p>En cas d&#8217;\u00e9galit\u00e9, on prendra en compte le score des premiers class\u00e9s de chaque club, puis celui des seconds, des troisi\u00e8mes, et ainsi de suite.<\/p>\n<ul>\n<li><b>Podiums : <\/b>Un <strong>seul prix sera attribu\u00e9 au meilleur club<\/strong>, bien que le classement complet des clubs participants sera publi\u00e9.<\/li>\n<\/ul>\n\n","protected":false},"excerpt":{"rendered":"<p>Lorsque vous participez \u00e0 la Casamanya Extrem Vertical Race, vous ne courez pas uniquement pour vous, mais aussi pour votre club. Votre position apporte les points n\u00e9cessaires \u00e0 votre club pour obtenir le troph\u00e9e Casamanya CLUBS. Il est tr\u00e8s important de v\u00e9rifier la liste des inscrits afin de s&#8217;assurer que le nom de votre club [&hellip;]<\/p>\n","protected":false},"author":1,"featured_media":0,"parent":0,"menu_order":0,"comment_status":"closed","ping_status":"closed","template":"","meta":{"site-sidebar-layout":"default","site-content-layout":"","ast-site-content-layout":"default","site-content-style":"default","site-sidebar-style":"default","ast-global-header-display":"","ast-banner-title-visibility":"","ast-main-header-display":"","ast-hfb-above-header-display":"","ast-hfb-below-header-display":"","ast-hfb-mobile-header-display":"","site-post-title":"","ast-breadcrumbs-content":"","ast-featured-img":"","footer-sml-layout":"","ast-disable-related-posts":"","theme-transparent-header-meta":"","adv-header-id-meta":"","stick-header-meta":"","header-above-stick-meta":"","header-main-stick-meta":"","header-below-stick-meta":"","astra-migrate-meta-layouts":"set","ast-page-background-enabled":"default","ast-page-background-meta":{"desktop":{"background-color":"","background-image":"","background-repeat":"repeat","background-position":"center center","background-size":"auto","background-attachment":"scroll","background-type":"","background-media":"","overlay-type":"","overlay-color":"","overlay-opacity":"","overlay-gradient":""},"tablet":{"background-color":"","background-image":"","background-repeat":"repeat","background-position":"center center","background-size":"auto","background-attachment":"scroll","background-type":"","background-media":"","overlay-type":"","overlay-color":"","overlay-opacity":"","overlay-gradient":""},"mobile":{"background-color":"","background-image":"","background-repeat":"repeat","background-position":"center center","background-size":"auto","background-attachment":"scroll","background-type":"","background-media":"","overlay-type":"","overlay-color":"","overlay-opacity":"","overlay-gradient":""}},"ast-content-background-meta":{"desktop":{"background-color":"var(--ast-global-color-5)","background-image":"","background-repeat":"repeat","background-position":"center center","background-size":"auto","background-attachment":"scroll","background-type":"","background-media":"","overlay-type":"","overlay-color":"","overlay-opacity":"","overlay-gradient":""},"tablet":{"background-color":"var(--ast-global-color-5)","background-image":"","background-repeat":"repeat","background-position":"center center","background-size":"auto","background-attachment":"scroll","background-type":"","background-media":"","overlay-type":"","overlay-color":"","overlay-opacity":"","overlay-gradient":""},"mobile":{"background-color":"var(--ast-global-color-5)","background-image":"","background-repeat":"repeat","background-position":"center center","background-size":"auto","background-attachment":"scroll","background-type":"","background-media":"","overlay-type":"","overlay-color":"","overlay-opacity":"","overlay-gradient":""}},"footnotes":""},"class_list":["post-8363","page","type-page","status-publish","hentry"],"lang":"fr","translations":{"es":8355,"ca":8351,"en":8359,"fr":8363},"pll_sync_post":[],"_links":{"self":[{"href":"https:\/\/casamanyaextrem.com\/index.php?rest_route=\/wp\/v2\/pages\/8363","targetHints":{"allow":["GET"]}}],"collection":[{"href":"https:\/\/casamanyaextrem.com\/index.php?rest_route=\/wp\/v2\/pages"}],"about":[{"href":"https:\/\/casamanyaextrem.com\/index.php?rest_route=\/wp\/v2\/types\/page"}],"author":[{"embeddable":true,"href":"https:\/\/casamanyaextrem.com\/index.php?rest_route=\/wp\/v2\/users\/1"}],"replies":[{"embeddable":true,"href":"https:\/\/casamanyaextrem.com\/index.php?rest_route=%2Fwp%2Fv2%2Fcomments&post=8363"}],"version-history":[{"count":2,"href":"https:\/\/casamanyaextrem.com\/index.php?rest_route=\/wp\/v2\/pages\/8363\/revisions"}],"predecessor-version":[{"id":8366,"href":"https:\/\/casamanyaextrem.com\/index.php?rest_route=\/wp\/v2\/pages\/8363\/revisions\/8366"}],"wp:attachment":[{"href":"https:\/\/casamanyaextrem.com\/index.php?rest_route=%2Fwp%2Fv2%2Fmedia&parent=8363"}],"curies":[{"name":"wp","href":"https:\/\/api.w.org\/{rel}","templated":true}]}}