{"id":8507,"date":"2026-05-10T20:47:44","date_gmt":"2026-05-10T18:47:44","guid":{"rendered":"https:\/\/casamanyaextrem.com\/?page_id=8507"},"modified":"2026-05-10T21:07:34","modified_gmt":"2026-05-10T19:07:34","slug":"casamanya-kids","status":"publish","type":"page","link":"https:\/\/casamanyaextrem.com\/?page_id=8507","title":{"rendered":"Casamanya KIDS"},"content":{"rendered":"\n\n\t<p><strong><a href=\"https:\/\/casamanyaextrem.com\/?attachment_id=5781\" rel=\"attachment wp-att-5781\"><img loading=\"lazy\" decoding=\"async\" src=\"https:\/\/casamanyaextrem.com\/wp-content\/uploads\/2024\/03\/casamanyastart-1.jpg\" alt=\"\" width=\"600\" height=\"758\" \/><\/a><\/strong><\/p>\n<p><strong>Prova NO COMPETITIVA per a infants de 3 a 8\u00a0anys<\/strong> complerts l&#8217;any en curs.<\/p>\n<p>Aquesta prova t\u00e9 lloc pel poble d&#8217;Ordino just despr\u00e9s de la sortida del recorregut EXTREM, i t\u00e9 com a objectiu que els m\u00e9s petits visquin l&#8217;ambient d&#8217;una sortida, la sensaci\u00f3 de c\u00f3rrer amb un dorsal i creuar una meta.<\/p>\n<p>\u00c9s una prova gratu\u00efta en la que tots els participants guanyen. Els m\u00e9s petits poden fer-la acompanyats d&#8217;un adult.<\/p>\n<hr \/>\n<p><em>NOTA: L&#8217;organitzaci\u00f3 es reserva el dret de modificar els recorreguts i horaris dels circuits en funci\u00f3 de les condicions meteorol\u00f2giques o causes de for\u00e7a major que afectin la seguretat dels participants.<\/em><\/p>\n\n","protected":false},"excerpt":{"rendered":"<p>Prova NO COMPETITIVA per a infants de 3 a 8\u00a0anys complerts l&#8217;any en curs. Aquesta prova t\u00e9 lloc pel poble d&#8217;Ordino just despr\u00e9s de la sortida del recorregut EXTREM, i t\u00e9 com a objectiu que els m\u00e9s petits visquin l&#8217;ambient d&#8217;una sortida, la sensaci\u00f3 de c\u00f3rrer amb un dorsal i creuar una meta. \u00c9s una [&hellip;]<\/p>\n","protected":false},"author":1,"featured_media":0,"parent":0,"menu_order":0,"comment_status":"closed","ping_status":"closed","template":"","meta":{"site-sidebar-layout":"default","site-content-layout":"","ast-site-content-layout":"default","site-content-style":"default","site-sidebar-style":"default","ast-global-header-display":"","ast-banner-title-visibility":"","ast-main-header-display":"","ast-hfb-above-header-display":"","ast-hfb-below-header-display":"","ast-hfb-mobile-header-display":"","site-post-title":"","ast-breadcrumbs-content":"","ast-featured-img":"","footer-sml-layout":"","ast-disable-related-posts":"","theme-transparent-header-meta":"","adv-header-id-meta":"","stick-header-meta":"","header-above-stick-meta":"","header-main-stick-meta":"","header-below-stick-meta":"","astra-migrate-meta-layouts":"set","ast-page-background-enabled":"default","ast-page-background-meta":{"desktop":{"background-color":"","background-image":"","background-repeat":"repeat","background-position":"center center","background-size":"auto","background-attachment":"scroll","background-type":"","background-media":"","overlay-type":"","overlay-color":"","overlay-opacity":"","overlay-gradient":""},"tablet":{"background-color":"","background-image":"","background-repeat":"repeat","background-position":"center center","background-size":"auto","background-attachment":"scroll","background-type":"","background-media":"","overlay-type":"","overlay-color":"","overlay-opacity":"","overlay-gradient":""},"mobile":{"background-color":"","background-image":"","background-repeat":"repeat","background-position":"center center","background-size":"auto","background-attachment":"scroll","background-type":"","background-media":"","overlay-type":"","overlay-color":"","overlay-opacity":"","overlay-gradient":""}},"ast-content-background-meta":{"desktop":{"background-color":"var(--ast-global-color-5)","background-image":"","background-repeat":"repeat","background-position":"center center","background-size":"auto","background-attachment":"scroll","background-type":"","background-media":"","overlay-type":"","overlay-color":"","overlay-opacity":"","overlay-gradient":""},"tablet":{"background-color":"var(--ast-global-color-5)","background-image":"","background-repeat":"repeat","background-position":"center center","background-size":"auto","background-attachment":"scroll","background-type":"","background-media":"","overlay-type":"","overlay-color":"","overlay-opacity":"","overlay-gradient":""},"mobile":{"background-color":"var(--ast-global-color-5)","background-image":"","background-repeat":"repeat","background-position":"center center","background-size":"auto","background-attachment":"scroll","background-type":"","background-media":"","overlay-type":"","overlay-color":"","overlay-opacity":"","overlay-gradient":""}},"footnotes":""},"class_list":["post-8507","page","type-page","status-publish","hentry"],"lang":"ca","translations":{"es":8515,"ca":8507,"en":8519,"fr":8523},"pll_sync_post":[],"_links":{"self":[{"href":"https:\/\/casamanyaextrem.com\/index.php?rest_route=\/wp\/v2\/pages\/8507","targetHints":{"allow":["GET"]}}],"collection":[{"href":"https:\/\/casamanyaextrem.com\/index.php?rest_route=\/wp\/v2\/pages"}],"about":[{"href":"https:\/\/casamanyaextrem.com\/index.php?rest_route=\/wp\/v2\/types\/page"}],"author":[{"embeddable":true,"href":"https:\/\/casamanyaextrem.com\/index.php?rest_route=\/wp\/v2\/users\/1"}],"replies":[{"embeddable":true,"href":"https:\/\/casamanyaextrem.com\/index.php?rest_route=%2Fwp%2Fv2%2Fcomments&post=8507"}],"version-history":[{"count":3,"href":"https:\/\/casamanyaextrem.com\/index.php?rest_route=\/wp\/v2\/pages\/8507\/revisions"}],"predecessor-version":[{"id":8514,"href":"https:\/\/casamanyaextrem.com\/index.php?rest_route=\/wp\/v2\/pages\/8507\/revisions\/8514"}],"wp:attachment":[{"href":"https:\/\/casamanyaextrem.com\/index.php?rest_route=%2Fwp%2Fv2%2Fmedia&parent=8507"}],"curies":[{"name":"wp","href":"https:\/\/api.w.org\/{rel}","templated":true}]}}