{"id":8515,"date":"2026-05-10T21:09:23","date_gmt":"2026-05-10T19:09:23","guid":{"rendered":"https:\/\/casamanyaextrem.com\/?page_id=8515"},"modified":"2026-05-10T21:09:23","modified_gmt":"2026-05-10T19:09:23","slug":"casamanya-kids-2","status":"publish","type":"page","link":"https:\/\/casamanyaextrem.com\/?page_id=8515&lang=es","title":{"rendered":"Casamanya KIDS"},"content":{"rendered":"\n\n\t<p><strong><a href=\"https:\/\/casamanyaextrem.com\/?attachment_id=5781\" rel=\"attachment wp-att-5781\"><img loading=\"lazy\" decoding=\"async\" src=\"https:\/\/casamanyaextrem.com\/wp-content\/uploads\/2024\/03\/casamanyastart-1.jpg\" alt=\"\" width=\"600\" height=\"758\" \/><\/a><\/strong><\/p>\n<p><strong>Prueba NO COMPETITIVA para ni\u00f1os de 3 a 8 a\u00f1os<\/strong> cumplidos en el a\u00f1o en curso.<\/p>\n<p>Esta prueba tiene lugar por el pueblo de Ordino justo despu\u00e9s de la salida del recorrido EXTREM, y tiene como objetivo que los m\u00e1s peque\u00f1os vivan el ambiente de una salida, la sensaci\u00f3n de correr con un dorsal y cruzar una meta.<\/p>\n<p>Es una prueba gratuita en la que todos los participantes ganan. Los m\u00e1s peque\u00f1os pueden realizarla acompa\u00f1ados de un adulto.<\/p>\n<hr \/>\n<p><em>NOTA: La organizaci\u00f3n se reserva el derecho de modificar los recorridos y horarios de los circuitos en funci\u00f3n de las condiciones meteorol\u00f3gicas o causas de fuerza mayor que afecten a la seguridad de los participantes.<\/em><\/p>\n\n","protected":false},"excerpt":{"rendered":"<p>Prueba NO COMPETITIVA para ni\u00f1os de 3 a 8 a\u00f1os cumplidos en el a\u00f1o en curso. Esta prueba tiene lugar por el pueblo de Ordino justo despu\u00e9s de la salida del recorrido EXTREM, y tiene como objetivo que los m\u00e1s peque\u00f1os vivan el ambiente de una salida, la sensaci\u00f3n de correr con un dorsal y [&hellip;]<\/p>\n","protected":false},"author":1,"featured_media":0,"parent":0,"menu_order":0,"comment_status":"closed","ping_status":"closed","template":"","meta":{"site-sidebar-layout":"default","site-content-layout":"","ast-site-content-layout":"default","site-content-style":"default","site-sidebar-style":"default","ast-global-header-display":"","ast-banner-title-visibility":"","ast-main-header-display":"","ast-hfb-above-header-display":"","ast-hfb-below-header-display":"","ast-hfb-mobile-header-display":"","site-post-title":"","ast-breadcrumbs-content":"","ast-featured-img":"","footer-sml-layout":"","ast-disable-related-posts":"","theme-transparent-header-meta":"","adv-header-id-meta":"","stick-header-meta":"","header-above-stick-meta":"","header-main-stick-meta":"","header-below-stick-meta":"","astra-migrate-meta-layouts":"set","ast-page-background-enabled":"default","ast-page-background-meta":{"desktop":{"background-color":"","background-image":"","background-repeat":"repeat","background-position":"center center","background-size":"auto","background-attachment":"scroll","background-type":"","background-media":"","overlay-type":"","overlay-color":"","overlay-opacity":"","overlay-gradient":""},"tablet":{"background-color":"","background-image":"","background-repeat":"repeat","background-position":"center center","background-size":"auto","background-attachment":"scroll","background-type":"","background-media":"","overlay-type":"","overlay-color":"","overlay-opacity":"","overlay-gradient":""},"mobile":{"background-color":"","background-image":"","background-repeat":"repeat","background-position":"center center","background-size":"auto","background-attachment":"scroll","background-type":"","background-media":"","overlay-type":"","overlay-color":"","overlay-opacity":"","overlay-gradient":""}},"ast-content-background-meta":{"desktop":{"background-color":"var(--ast-global-color-5)","background-image":"","background-repeat":"repeat","background-position":"center center","background-size":"auto","background-attachment":"scroll","background-type":"","background-media":"","overlay-type":"","overlay-color":"","overlay-opacity":"","overlay-gradient":""},"tablet":{"background-color":"var(--ast-global-color-5)","background-image":"","background-repeat":"repeat","background-position":"center center","background-size":"auto","background-attachment":"scroll","background-type":"","background-media":"","overlay-type":"","overlay-color":"","overlay-opacity":"","overlay-gradient":""},"mobile":{"background-color":"var(--ast-global-color-5)","background-image":"","background-repeat":"repeat","background-position":"center center","background-size":"auto","background-attachment":"scroll","background-type":"","background-media":"","overlay-type":"","overlay-color":"","overlay-opacity":"","overlay-gradient":""}},"footnotes":""},"class_list":["post-8515","page","type-page","status-publish","hentry"],"lang":"es","translations":{"es":8515,"ca":8507,"en":8519,"fr":8523},"pll_sync_post":[],"_links":{"self":[{"href":"https:\/\/casamanyaextrem.com\/index.php?rest_route=\/wp\/v2\/pages\/8515","targetHints":{"allow":["GET"]}}],"collection":[{"href":"https:\/\/casamanyaextrem.com\/index.php?rest_route=\/wp\/v2\/pages"}],"about":[{"href":"https:\/\/casamanyaextrem.com\/index.php?rest_route=\/wp\/v2\/types\/page"}],"author":[{"embeddable":true,"href":"https:\/\/casamanyaextrem.com\/index.php?rest_route=\/wp\/v2\/users\/1"}],"replies":[{"embeddable":true,"href":"https:\/\/casamanyaextrem.com\/index.php?rest_route=%2Fwp%2Fv2%2Fcomments&post=8515"}],"version-history":[{"count":2,"href":"https:\/\/casamanyaextrem.com\/index.php?rest_route=\/wp\/v2\/pages\/8515\/revisions"}],"predecessor-version":[{"id":8518,"href":"https:\/\/casamanyaextrem.com\/index.php?rest_route=\/wp\/v2\/pages\/8515\/revisions\/8518"}],"wp:attachment":[{"href":"https:\/\/casamanyaextrem.com\/index.php?rest_route=%2Fwp%2Fv2%2Fmedia&parent=8515"}],"curies":[{"name":"wp","href":"https:\/\/api.w.org\/{rel}","templated":true}]}}