{"id":8523,"date":"2026-05-10T21:37:16","date_gmt":"2026-05-10T19:37:16","guid":{"rendered":"https:\/\/casamanyaextrem.com\/?page_id=8523"},"modified":"2026-05-10T21:37:16","modified_gmt":"2026-05-10T19:37:16","slug":"casamanya-kids-4","status":"publish","type":"page","link":"https:\/\/casamanyaextrem.com\/?page_id=8523&lang=fr","title":{"rendered":"Casamanya KIDS"},"content":{"rendered":"\n\n\t<p><strong><a href=\"https:\/\/casamanyaextrem.com\/?attachment_id=5781\" rel=\"attachment wp-att-5781\"><img loading=\"lazy\" decoding=\"async\" src=\"https:\/\/casamanyaextrem.com\/wp-content\/uploads\/2024\/03\/casamanyastart-1.jpg\" alt=\"\" width=\"600\" height=\"758\" \/><\/a><\/strong><\/p>\n<p><strong>\u00c9preuve NON COMP\u00c9TITIVE pour les enfants de 3 \u00e0 8 ans<\/strong> accomplis dans l&#8217;ann\u00e9e en cours.<\/p>\n<p>Cette \u00e9preuve se d\u00e9roule dans le village d&#8217;Ordino juste apr\u00e8s le d\u00e9part du parcours EXTREM, et a pour objectif de permettre aux plus petits de vivre l&#8217;ambiance d&#8217;un d\u00e9part, la sensation de courir avec un dossard et de franchir une ligne d&#8217;arriv\u00e9e.<\/p>\n<p>Il s&#8217;agit d&#8217;une \u00e9preuve gratuite dans laquelle tous les participants gagnent. Les plus petits peuvent la r\u00e9aliser accompagn\u00e9s d&#8217;un adulte.<\/p>\n<hr \/>\n<p><em>NOTE : L&#8217;organisation se r\u00e9serve le droit de modifier les parcours et horaires des circuits en fonction des conditions m\u00e9t\u00e9orologiques ou de causes de force majeure pouvant affecter la s\u00e9curit\u00e9 des participants.<\/em><\/p>\n\n","protected":false},"excerpt":{"rendered":"<p>\u00c9preuve NON COMP\u00c9TITIVE pour les enfants de 3 \u00e0 8 ans accomplis dans l&#8217;ann\u00e9e en cours. Cette \u00e9preuve se d\u00e9roule dans le village d&#8217;Ordino juste apr\u00e8s le d\u00e9part du parcours EXTREM, et a pour objectif de permettre aux plus petits de vivre l&#8217;ambiance d&#8217;un d\u00e9part, la sensation de courir avec un dossard et de franchir [&hellip;]<\/p>\n","protected":false},"author":1,"featured_media":0,"parent":0,"menu_order":0,"comment_status":"closed","ping_status":"closed","template":"","meta":{"site-sidebar-layout":"default","site-content-layout":"","ast-site-content-layout":"default","site-content-style":"default","site-sidebar-style":"default","ast-global-header-display":"","ast-banner-title-visibility":"","ast-main-header-display":"","ast-hfb-above-header-display":"","ast-hfb-below-header-display":"","ast-hfb-mobile-header-display":"","site-post-title":"","ast-breadcrumbs-content":"","ast-featured-img":"","footer-sml-layout":"","ast-disable-related-posts":"","theme-transparent-header-meta":"","adv-header-id-meta":"","stick-header-meta":"","header-above-stick-meta":"","header-main-stick-meta":"","header-below-stick-meta":"","astra-migrate-meta-layouts":"set","ast-page-background-enabled":"default","ast-page-background-meta":{"desktop":{"background-color":"","background-image":"","background-repeat":"repeat","background-position":"center center","background-size":"auto","background-attachment":"scroll","background-type":"","background-media":"","overlay-type":"","overlay-color":"","overlay-opacity":"","overlay-gradient":""},"tablet":{"background-color":"","background-image":"","background-repeat":"repeat","background-position":"center center","background-size":"auto","background-attachment":"scroll","background-type":"","background-media":"","overlay-type":"","overlay-color":"","overlay-opacity":"","overlay-gradient":""},"mobile":{"background-color":"","background-image":"","background-repeat":"repeat","background-position":"center center","background-size":"auto","background-attachment":"scroll","background-type":"","background-media":"","overlay-type":"","overlay-color":"","overlay-opacity":"","overlay-gradient":""}},"ast-content-background-meta":{"desktop":{"background-color":"var(--ast-global-color-5)","background-image":"","background-repeat":"repeat","background-position":"center center","background-size":"auto","background-attachment":"scroll","background-type":"","background-media":"","overlay-type":"","overlay-color":"","overlay-opacity":"","overlay-gradient":""},"tablet":{"background-color":"var(--ast-global-color-5)","background-image":"","background-repeat":"repeat","background-position":"center center","background-size":"auto","background-attachment":"scroll","background-type":"","background-media":"","overlay-type":"","overlay-color":"","overlay-opacity":"","overlay-gradient":""},"mobile":{"background-color":"var(--ast-global-color-5)","background-image":"","background-repeat":"repeat","background-position":"center center","background-size":"auto","background-attachment":"scroll","background-type":"","background-media":"","overlay-type":"","overlay-color":"","overlay-opacity":"","overlay-gradient":""}},"footnotes":""},"class_list":["post-8523","page","type-page","status-publish","hentry"],"lang":"fr","translations":{"es":8515,"ca":8507,"en":8519,"fr":8523},"pll_sync_post":[],"_links":{"self":[{"href":"https:\/\/casamanyaextrem.com\/index.php?rest_route=\/wp\/v2\/pages\/8523","targetHints":{"allow":["GET"]}}],"collection":[{"href":"https:\/\/casamanyaextrem.com\/index.php?rest_route=\/wp\/v2\/pages"}],"about":[{"href":"https:\/\/casamanyaextrem.com\/index.php?rest_route=\/wp\/v2\/types\/page"}],"author":[{"embeddable":true,"href":"https:\/\/casamanyaextrem.com\/index.php?rest_route=\/wp\/v2\/users\/1"}],"replies":[{"embeddable":true,"href":"https:\/\/casamanyaextrem.com\/index.php?rest_route=%2Fwp%2Fv2%2Fcomments&post=8523"}],"version-history":[{"count":2,"href":"https:\/\/casamanyaextrem.com\/index.php?rest_route=\/wp\/v2\/pages\/8523\/revisions"}],"predecessor-version":[{"id":8526,"href":"https:\/\/casamanyaextrem.com\/index.php?rest_route=\/wp\/v2\/pages\/8523\/revisions\/8526"}],"wp:attachment":[{"href":"https:\/\/casamanyaextrem.com\/index.php?rest_route=%2Fwp%2Fv2%2Fmedia&parent=8523"}],"curies":[{"name":"wp","href":"https:\/\/api.w.org\/{rel}","templated":true}]}}